{"id":124,"date":"2024-01-26T00:05:55","date_gmt":"2024-01-25T23:05:55","guid":{"rendered":"https:\/\/www.petako.cz\/?page_id=124"},"modified":"2024-05-07T19:43:07","modified_gmt":"2024-05-07T17:43:07","slug":"kuchynska-linka-prostorove-usporna","status":"publish","type":"page","link":"https:\/\/www.petako.cz\/index.php\/kuchynska-linka-prostorove-usporna\/","title":{"rendered":"Kuchy\u0148sk\u00e1 linka prostorov\u011b \u00fasporn\u00e1"},"content":{"rendered":"\n<p>Ka\u017ed\u00fd byt si zaslou\u017e\u00ed, aby V\u00e1m mohl d\u011blat radost, i kdy\u017e zrovna neopl\u00fdv\u00e1 velk\u00fdm prostorem.<\/p>\n\n\n\n<p>Uk\u00e1zka jak um\u00edme, pro ekonomicky citliv\u00e9 z\u00e1kazn\u00edky, navrhnout, vyrobit a instalovat kuchy\u0148skou linku do pozi\u010dn\u011b skromn\u00fdch prostor. S pou\u017eit\u00edm materi\u00e1l\u016f DTD lamino Krono s hrany ABS a z\u00e1dovou deskou posforming. Skryt\u00e1 je vestavn\u00e1 pra\u010dka i chladni\u010dka a nechyb\u00ed ani vestav\u011bn\u00e1 varn\u00e1 deska, nerezov\u00fd d\u0159ez a LED osv\u011btlen\u00ed.<\/p>\n\n\n\n<div style=\"height:20px\" aria-hidden=\"true\" class=\"wp-block-spacer\"><\/div>\n\n\n\n<figure class=\"wp-block-gallery has-nested-images columns-2 is-cropped wp-block-gallery-1 is-layout-flex wp-block-gallery-is-layout-flex\">\n<figure class=\"wp-block-image size-large\"><img loading=\"lazy\" decoding=\"async\" width=\"939\" height=\"921\" data-id=\"134\" src=\"https:\/\/www.petako.cz\/wp-content\/uploads\/2024\/01\/407.jpg\" alt=\"\" class=\"wp-image-134\" srcset=\"https:\/\/www.petako.cz\/wp-content\/uploads\/2024\/01\/407.jpg 939w, https:\/\/www.petako.cz\/wp-content\/uploads\/2024\/01\/407-300x294.jpg 300w, https:\/\/www.petako.cz\/wp-content\/uploads\/2024\/01\/407-768x753.jpg 768w\" sizes=\"auto, (max-width: 939px) 100vw, 939px\" \/><\/figure>\n\n\n\n<figure class=\"wp-block-image size-large\"><img loading=\"lazy\" decoding=\"async\" width=\"750\" height=\"1000\" data-id=\"135\" src=\"https:\/\/www.petako.cz\/wp-content\/uploads\/2024\/01\/408.jpg\" alt=\"\" class=\"wp-image-135\" srcset=\"https:\/\/www.petako.cz\/wp-content\/uploads\/2024\/01\/408.jpg 750w, https:\/\/www.petako.cz\/wp-content\/uploads\/2024\/01\/408-225x300.jpg 225w\" sizes=\"auto, (max-width: 750px) 100vw, 750px\" \/><\/figure>\n\n\n\n<figure class=\"wp-block-image size-large is-style-default\"><img loading=\"lazy\" decoding=\"async\" width=\"666\" height=\"1000\" data-id=\"136\" src=\"https:\/\/www.petako.cz\/wp-content\/uploads\/2024\/01\/409.jpg\" alt=\"\" class=\"wp-image-136\" srcset=\"https:\/\/www.petako.cz\/wp-content\/uploads\/2024\/01\/409.jpg 666w, https:\/\/www.petako.cz\/wp-content\/uploads\/2024\/01\/409-200x300.jpg 200w\" sizes=\"auto, (max-width: 666px) 100vw, 666px\" \/><\/figure>\n\n\n\n<figure class=\"wp-block-image size-large\"><img loading=\"lazy\" decoding=\"async\" width=\"750\" height=\"1000\" data-id=\"137\" src=\"https:\/\/www.petako.cz\/wp-content\/uploads\/2024\/01\/410.jpg\" alt=\"\" class=\"wp-image-137\" srcset=\"https:\/\/www.petako.cz\/wp-content\/uploads\/2024\/01\/410.jpg 750w, https:\/\/www.petako.cz\/wp-content\/uploads\/2024\/01\/410-225x300.jpg 225w\" sizes=\"auto, (max-width: 750px) 100vw, 750px\" \/><\/figure>\n<\/figure>\n\n\n\n<div style=\"height:30px\" aria-hidden=\"true\" class=\"wp-block-spacer\"><\/div>\n\n\n\n<p class=\"has-text-align-right\"><a href=\"https:\/\/www.petako.cz\/index.php\/kuchyne-kuchynske-linky-a-kouty-stylove\/\">Zp\u011bt<\/a><\/p>\n","protected":false},"excerpt":{"rendered":"<p>Ka\u017ed\u00fd byt si zaslou\u017e\u00ed, aby V\u00e1m mohl d\u011blat radost, i kdy\u017e zrovna neopl\u00fdv\u00e1 velk\u00fdm prostorem. Uk\u00e1zka jak um\u00edme, pro ekonomicky citliv\u00e9 z\u00e1kazn\u00edky, navrhnout, vyrobit a instalovat kuchy\u0148skou linku do pozi\u010dn\u011b skromn\u00fdch prostor. S pou\u017eit\u00edm materi\u00e1l\u016f DTD lamino Krono s hrany ABS a z\u00e1dovou deskou posforming. Skryt\u00e1 je vestavn\u00e1 pra\u010dka i chladni\u010dka a nechyb\u00ed ani vestav\u011bn\u00e1 &hellip;<br \/><a href=\"https:\/\/www.petako.cz\/index.php\/kuchynska-linka-prostorove-usporna\/\" class=\"more-link pen_button pen_element_default pen_icon_arrow_double\">Pokra\u010dovat ve\u00a0\u010dten\u00ed <span class=\"screen-reader-text\">Kuchy\u0148sk\u00e1 linka prostorov\u011b \u00fasporn\u00e1<\/span><\/a><\/p>\n","protected":false},"author":1,"featured_media":0,"parent":0,"menu_order":0,"comment_status":"closed","ping_status":"closed","template":"","meta":{"footnotes":""},"class_list":["post-124","page","type-page","status-publish","hentry"],"_links":{"self":[{"href":"https:\/\/www.petako.cz\/index.php\/wp-json\/wp\/v2\/pages\/124","targetHints":{"allow":["GET"]}}],"collection":[{"href":"https:\/\/www.petako.cz\/index.php\/wp-json\/wp\/v2\/pages"}],"about":[{"href":"https:\/\/www.petako.cz\/index.php\/wp-json\/wp\/v2\/types\/page"}],"author":[{"embeddable":true,"href":"https:\/\/www.petako.cz\/index.php\/wp-json\/wp\/v2\/users\/1"}],"replies":[{"embeddable":true,"href":"https:\/\/www.petako.cz\/index.php\/wp-json\/wp\/v2\/comments?post=124"}],"version-history":[{"count":9,"href":"https:\/\/www.petako.cz\/index.php\/wp-json\/wp\/v2\/pages\/124\/revisions"}],"predecessor-version":[{"id":588,"href":"https:\/\/www.petako.cz\/index.php\/wp-json\/wp\/v2\/pages\/124\/revisions\/588"}],"wp:attachment":[{"href":"https:\/\/www.petako.cz\/index.php\/wp-json\/wp\/v2\/media?parent=124"}],"curies":[{"name":"wp","href":"https:\/\/api.w.org\/{rel}","templated":true}]}}