{"id":152,"date":"2024-02-15T20:15:24","date_gmt":"2024-02-15T19:15:24","guid":{"rendered":"https:\/\/www.petako.cz\/?page_id=152"},"modified":"2024-05-03T09:36:02","modified_gmt":"2024-05-03T07:36:02","slug":"obyvaci-stena-v-kombinaci-barev-orech-a-seda","status":"publish","type":"page","link":"https:\/\/www.petako.cz\/index.php\/obyvaci-stena-v-kombinaci-barev-orech-a-seda\/","title":{"rendered":"Ob\u00fdvac\u00ed st\u011bna v kombinaci barev o\u0159ech a \u0161ed\u00e1"},"content":{"rendered":"\n<p>Tato ob\u00fdvac\u00ed st\u011bna zaujme svoj\u00ed jednoduchost\u00ed, vyu\u017eit\u00edm prostoru a funk\u010dnost\u00ed. Zaj\u00edmav\u00e9 je i napojen\u00ed na kuchy\u0148skou linku. Pou\u017eit\u00fd materi\u00e1l je matn\u00e9 DTD lamino o\u0159ech sv\u011btl\u00fd, barva uni \u0161ed\u00e1. Dv\u00ed\u0159ka a z\u00e1suvky s otv\u00edr\u00e1n\u00ed PUSH UP a praktick\u00e9 otv\u00edr\u00e1n\u00ed horn\u00edch sk\u0159\u00edn\u011bk s klopny.<\/p>\n\n\n\n<div style=\"height:20px\" aria-hidden=\"true\" class=\"wp-block-spacer\"><\/div>\n\n\n\n<figure class=\"wp-block-gallery has-nested-images columns-default is-cropped wp-block-gallery-1 is-layout-flex wp-block-gallery-is-layout-flex\">\n<figure class=\"wp-block-image size-large\"><img loading=\"lazy\" decoding=\"async\" width=\"802\" height=\"1000\" data-id=\"154\" src=\"https:\/\/www.petako.cz\/wp-content\/uploads\/2024\/02\/15.jpg\" alt=\"\" class=\"wp-image-154\" srcset=\"https:\/\/www.petako.cz\/wp-content\/uploads\/2024\/02\/15.jpg 802w, https:\/\/www.petako.cz\/wp-content\/uploads\/2024\/02\/15-241x300.jpg 241w, https:\/\/www.petako.cz\/wp-content\/uploads\/2024\/02\/15-768x958.jpg 768w\" sizes=\"auto, (max-width: 802px) 100vw, 802px\" \/><\/figure>\n\n\n\n<figure class=\"wp-block-image size-large\"><img loading=\"lazy\" decoding=\"async\" width=\"860\" height=\"1000\" data-id=\"153\" src=\"https:\/\/www.petako.cz\/wp-content\/uploads\/2024\/02\/16.jpg\" alt=\"\" class=\"wp-image-153\" srcset=\"https:\/\/www.petako.cz\/wp-content\/uploads\/2024\/02\/16.jpg 860w, https:\/\/www.petako.cz\/wp-content\/uploads\/2024\/02\/16-258x300.jpg 258w, https:\/\/www.petako.cz\/wp-content\/uploads\/2024\/02\/16-768x893.jpg 768w\" sizes=\"auto, (max-width: 860px) 100vw, 860px\" \/><\/figure>\n<\/figure>\n\n\n\n<p><\/p>\n","protected":false},"excerpt":{"rendered":"<p>Tato ob\u00fdvac\u00ed st\u011bna zaujme svoj\u00ed jednoduchost\u00ed, vyu\u017eit\u00edm prostoru a funk\u010dnost\u00ed. Zaj\u00edmav\u00e9 je i napojen\u00ed na kuchy\u0148skou linku. Pou\u017eit\u00fd materi\u00e1l je matn\u00e9 DTD lamino o\u0159ech sv\u011btl\u00fd, barva uni \u0161ed\u00e1. Dv\u00ed\u0159ka a z\u00e1suvky s otv\u00edr\u00e1n\u00ed PUSH UP a praktick\u00e9 otv\u00edr\u00e1n\u00ed horn\u00edch sk\u0159\u00edn\u011bk s klopny.<\/p>\n","protected":false},"author":1,"featured_media":0,"parent":0,"menu_order":0,"comment_status":"closed","ping_status":"closed","template":"","meta":{"footnotes":""},"class_list":["post-152","page","type-page","status-publish","hentry"],"_links":{"self":[{"href":"https:\/\/www.petako.cz\/index.php\/wp-json\/wp\/v2\/pages\/152","targetHints":{"allow":["GET"]}}],"collection":[{"href":"https:\/\/www.petako.cz\/index.php\/wp-json\/wp\/v2\/pages"}],"about":[{"href":"https:\/\/www.petako.cz\/index.php\/wp-json\/wp\/v2\/types\/page"}],"author":[{"embeddable":true,"href":"https:\/\/www.petako.cz\/index.php\/wp-json\/wp\/v2\/users\/1"}],"replies":[{"embeddable":true,"href":"https:\/\/www.petako.cz\/index.php\/wp-json\/wp\/v2\/comments?post=152"}],"version-history":[{"count":2,"href":"https:\/\/www.petako.cz\/index.php\/wp-json\/wp\/v2\/pages\/152\/revisions"}],"predecessor-version":[{"id":213,"href":"https:\/\/www.petako.cz\/index.php\/wp-json\/wp\/v2\/pages\/152\/revisions\/213"}],"wp:attachment":[{"href":"https:\/\/www.petako.cz\/index.php\/wp-json\/wp\/v2\/media?parent=152"}],"curies":[{"name":"wp","href":"https:\/\/api.w.org\/{rel}","templated":true}]}}