{"id":158,"date":"2024-02-15T21:00:13","date_gmt":"2024-02-15T20:00:13","guid":{"rendered":"https:\/\/www.petako.cz\/?page_id=158"},"modified":"2024-05-07T20:00:07","modified_gmt":"2024-05-07T18:00:07","slug":"predsinova-stena-s-oblozenim-matna-vanilka","status":"publish","type":"page","link":"https:\/\/www.petako.cz\/index.php\/predsinova-stena-s-oblozenim-matna-vanilka\/","title":{"rendered":"P\u0159eds\u00ed\u0148ov\u00e1 st\u011bna s oblo\u017een\u00edm matn\u00e1 vanilka"},"content":{"rendered":"\n<p>Stylov\u00e1 p\u0159eds\u00ed\u0148ov\u00e1 st\u011bna z materi\u00e1lu MDF st\u0159\u00edkan\u00e1 matn\u00e1 vanilka. St\u011bna je sou\u010d\u00e1st\u00ed obkladu st\u011bn v\u010detn\u011b ozdobn\u00fdch li\u0161t ve stejn\u00e9m proveden\u00ed. Pohodln\u00e9 plnov\u00fdsuvn\u00e9 z\u00e1suvky pro snadn\u00e9 u\u017e\u00edv\u00e1n\u00ed bez kompromis\u016f. Barevn\u00e1 kombinace s dekorem d\u0159eva a barvou st\u011bn p\u0159in\u00e1\u0161\u00ed do m\u00edstnosti sv\u011btlo a jas.<\/p>\n\n\n\n<div style=\"height:20px\" aria-hidden=\"true\" class=\"wp-block-spacer\"><\/div>\n\n\n\n<figure class=\"wp-block-gallery has-nested-images columns-2 is-cropped wp-block-gallery-1 is-layout-flex wp-block-gallery-is-layout-flex\">\n<figure class=\"wp-block-image size-large\"><img loading=\"lazy\" decoding=\"async\" width=\"900\" height=\"1000\" data-id=\"159\" src=\"https:\/\/www.petako.cz\/wp-content\/uploads\/2024\/02\/38.jpg\" alt=\"\" class=\"wp-image-159\" srcset=\"https:\/\/www.petako.cz\/wp-content\/uploads\/2024\/02\/38.jpg 900w, https:\/\/www.petako.cz\/wp-content\/uploads\/2024\/02\/38-270x300.jpg 270w, https:\/\/www.petako.cz\/wp-content\/uploads\/2024\/02\/38-768x853.jpg 768w\" sizes=\"auto, (max-width: 900px) 100vw, 900px\" \/><\/figure>\n\n\n\n<figure class=\"wp-block-image size-large\"><img loading=\"lazy\" decoding=\"async\" width=\"712\" height=\"1000\" data-id=\"160\" src=\"https:\/\/www.petako.cz\/wp-content\/uploads\/2024\/02\/39.jpg\" alt=\"\" class=\"wp-image-160\" srcset=\"https:\/\/www.petako.cz\/wp-content\/uploads\/2024\/02\/39.jpg 712w, https:\/\/www.petako.cz\/wp-content\/uploads\/2024\/02\/39-214x300.jpg 214w\" sizes=\"auto, (max-width: 712px) 100vw, 712px\" \/><\/figure>\n\n\n\n<figure class=\"wp-block-image size-large\"><img loading=\"lazy\" decoding=\"async\" width=\"802\" height=\"1000\" data-id=\"161\" src=\"https:\/\/www.petako.cz\/wp-content\/uploads\/2024\/02\/125.jpg\" alt=\"\" class=\"wp-image-161\" srcset=\"https:\/\/www.petako.cz\/wp-content\/uploads\/2024\/02\/125.jpg 802w, https:\/\/www.petako.cz\/wp-content\/uploads\/2024\/02\/125-241x300.jpg 241w, https:\/\/www.petako.cz\/wp-content\/uploads\/2024\/02\/125-768x958.jpg 768w\" sizes=\"auto, (max-width: 802px) 100vw, 802px\" \/><\/figure>\n\n\n\n<figure class=\"wp-block-image size-large\"><img loading=\"lazy\" decoding=\"async\" width=\"834\" height=\"1000\" data-id=\"162\" src=\"https:\/\/www.petako.cz\/wp-content\/uploads\/2024\/02\/126.jpg\" alt=\"\" class=\"wp-image-162\" srcset=\"https:\/\/www.petako.cz\/wp-content\/uploads\/2024\/02\/126.jpg 834w, https:\/\/www.petako.cz\/wp-content\/uploads\/2024\/02\/126-250x300.jpg 250w, https:\/\/www.petako.cz\/wp-content\/uploads\/2024\/02\/126-768x921.jpg 768w\" sizes=\"auto, (max-width: 834px) 100vw, 834px\" \/><\/figure>\n<\/figure>\n\n\n\n<div style=\"height:30px\" aria-hidden=\"true\" class=\"wp-block-spacer\"><\/div>\n\n\n\n<p class=\"has-text-align-right\"><a href=\"https:\/\/www.petako.cz\/index.php\/predsinove-steny-a-oblozeni\/\">Zp\u011bt<\/a><\/p>\n","protected":false},"excerpt":{"rendered":"<p>Stylov\u00e1 p\u0159eds\u00ed\u0148ov\u00e1 st\u011bna z materi\u00e1lu MDF st\u0159\u00edkan\u00e1 matn\u00e1 vanilka. St\u011bna je sou\u010d\u00e1st\u00ed obkladu st\u011bn v\u010detn\u011b ozdobn\u00fdch li\u0161t ve stejn\u00e9m proveden\u00ed. Pohodln\u00e9 plnov\u00fdsuvn\u00e9 z\u00e1suvky pro snadn\u00e9 u\u017e\u00edv\u00e1n\u00ed bez kompromis\u016f. Barevn\u00e1 kombinace s dekorem d\u0159eva a barvou st\u011bn p\u0159in\u00e1\u0161\u00ed do m\u00edstnosti sv\u011btlo a jas. Zp\u011bt<\/p>\n","protected":false},"author":1,"featured_media":0,"parent":0,"menu_order":0,"comment_status":"closed","ping_status":"closed","template":"","meta":{"footnotes":""},"class_list":["post-158","page","type-page","status-publish","hentry"],"_links":{"self":[{"href":"https:\/\/www.petako.cz\/index.php\/wp-json\/wp\/v2\/pages\/158","targetHints":{"allow":["GET"]}}],"collection":[{"href":"https:\/\/www.petako.cz\/index.php\/wp-json\/wp\/v2\/pages"}],"about":[{"href":"https:\/\/www.petako.cz\/index.php\/wp-json\/wp\/v2\/types\/page"}],"author":[{"embeddable":true,"href":"https:\/\/www.petako.cz\/index.php\/wp-json\/wp\/v2\/users\/1"}],"replies":[{"embeddable":true,"href":"https:\/\/www.petako.cz\/index.php\/wp-json\/wp\/v2\/comments?post=158"}],"version-history":[{"count":4,"href":"https:\/\/www.petako.cz\/index.php\/wp-json\/wp\/v2\/pages\/158\/revisions"}],"predecessor-version":[{"id":600,"href":"https:\/\/www.petako.cz\/index.php\/wp-json\/wp\/v2\/pages\/158\/revisions\/600"}],"wp:attachment":[{"href":"https:\/\/www.petako.cz\/index.php\/wp-json\/wp\/v2\/media?parent=158"}],"curies":[{"name":"wp","href":"https:\/\/api.w.org\/{rel}","templated":true}]}}