{"id":165,"date":"2024-02-15T21:30:21","date_gmt":"2024-02-15T20:30:21","guid":{"rendered":"https:\/\/www.petako.cz\/?page_id=165"},"modified":"2024-05-07T20:01:22","modified_gmt":"2024-05-07T18:01:22","slug":"predsinova-sestava-stena-a-stolek","status":"publish","type":"page","link":"https:\/\/www.petako.cz\/index.php\/predsinova-sestava-stena-a-stolek\/","title":{"rendered":"P\u0159eds\u00ed\u0148ov\u00e1 sestava &#8211; st\u011bna a stolek"},"content":{"rendered":"\n<p>Kreativn\u00ed minimalistick\u00e9 \u0159e\u0161en\u00ed p\u0159eds\u00edn\u011b v proveden\u00ed obkladu zdi z mo\u0159en\u00e9ho masivu a v\u00fdklopn\u00fdmi d\u0159ev\u011bn\u00fdmi \u00fachyty. Navazuj\u00edc\u00ed stolek z matn\u00e9 MDF st\u0159\u00edkan\u00e1 b\u00edl\u00e1 matn\u00e1 s fr\u00e9zovan\u00fdmi \u00fachyty a z\u00e1suvkami s technologi\u00ed TIP-ON pro jednoduch\u00fd a \u010dist\u00fd vzhled a snadn\u00e9 u\u017e\u00edv\u00e1n\u00ed.<\/p>\n\n\n\n<div style=\"height:20px\" aria-hidden=\"true\" class=\"wp-block-spacer\"><\/div>\n\n\n\n<figure class=\"wp-block-gallery has-nested-images columns-2 is-cropped wp-block-gallery-1 is-layout-flex wp-block-gallery-is-layout-flex\">\n<figure data-wp-context=\"{&quot;imageId&quot;:&quot;69f1c3c26cc0a&quot;}\" data-wp-interactive=\"core\/image\" data-wp-key=\"69f1c3c26cc0a\" class=\"wp-block-image size-full wp-lightbox-container\"><img loading=\"lazy\" decoding=\"async\" width=\"492\" height=\"731\" data-wp-class--hide=\"state.isContentHidden\" data-wp-class--show=\"state.isContentVisible\" data-wp-init=\"callbacks.setButtonStyles\" data-wp-on--click=\"actions.showLightbox\" data-wp-on--load=\"callbacks.setButtonStyles\" data-wp-on-window--resize=\"callbacks.setButtonStyles\" data-id=\"174\" src=\"https:\/\/www.petako.cz\/wp-content\/uploads\/2024\/02\/34-1.jpg\" alt=\"\" class=\"wp-image-174\" srcset=\"https:\/\/www.petako.cz\/wp-content\/uploads\/2024\/02\/34-1.jpg 492w, https:\/\/www.petako.cz\/wp-content\/uploads\/2024\/02\/34-1-202x300.jpg 202w\" sizes=\"auto, (max-width: 492px) 100vw, 492px\" \/><button\n\t\t\tclass=\"lightbox-trigger\"\n\t\t\ttype=\"button\"\n\t\t\taria-haspopup=\"dialog\"\n\t\t\taria-label=\"Zv\u011bt\u0161it\"\n\t\t\tdata-wp-init=\"callbacks.initTriggerButton\"\n\t\t\tdata-wp-on--click=\"actions.showLightbox\"\n\t\t\tdata-wp-style--right=\"state.imageButtonRight\"\n\t\t\tdata-wp-style--top=\"state.imageButtonTop\"\n\t\t>\n\t\t\t<svg xmlns=\"http:\/\/www.w3.org\/2000\/svg\" width=\"12\" height=\"12\" fill=\"none\" viewBox=\"0 0 12 12\">\n\t\t\t\t<path fill=\"#fff\" d=\"M2 0a2 2 0 0 0-2 2v2h1.5V2a.5.5 0 0 1 .5-.5h2V0H2Zm2 10.5H2a.5.5 0 0 1-.5-.5V8H0v2a2 2 0 0 0 2 2h2v-1.5ZM8 12v-1.5h2a.5.5 0 0 0 .5-.5V8H12v2a2 2 0 0 1-2 2H8Zm2-12a2 2 0 0 1 2 2v2h-1.5V2a.5.5 0 0 0-.5-.5H8V0h2Z\" \/>\n\t\t\t<\/svg>\n\t\t<\/button><\/figure>\n\n\n\n<figure class=\"wp-block-image size-large\"><img loading=\"lazy\" decoding=\"async\" width=\"483\" height=\"761\" data-id=\"173\" src=\"https:\/\/www.petako.cz\/wp-content\/uploads\/2024\/02\/35-1.jpg\" alt=\"\" class=\"wp-image-173\" srcset=\"https:\/\/www.petako.cz\/wp-content\/uploads\/2024\/02\/35-1.jpg 483w, https:\/\/www.petako.cz\/wp-content\/uploads\/2024\/02\/35-1-190x300.jpg 190w\" sizes=\"auto, (max-width: 483px) 100vw, 483px\" \/><\/figure>\n\n\n\n<figure class=\"wp-block-image size-large\"><img loading=\"lazy\" decoding=\"async\" width=\"525\" height=\"710\" data-id=\"175\" src=\"https:\/\/www.petako.cz\/wp-content\/uploads\/2024\/02\/36-1.jpg\" alt=\"\" class=\"wp-image-175\" srcset=\"https:\/\/www.petako.cz\/wp-content\/uploads\/2024\/02\/36-1.jpg 525w, https:\/\/www.petako.cz\/wp-content\/uploads\/2024\/02\/36-1-222x300.jpg 222w\" sizes=\"auto, (max-width: 525px) 100vw, 525px\" \/><\/figure>\n\n\n\n<figure class=\"wp-block-image size-large\"><img loading=\"lazy\" decoding=\"async\" width=\"470\" height=\"749\" data-id=\"176\" src=\"https:\/\/www.petako.cz\/wp-content\/uploads\/2024\/02\/37-1.jpg\" alt=\"\" class=\"wp-image-176\" srcset=\"https:\/\/www.petako.cz\/wp-content\/uploads\/2024\/02\/37-1.jpg 470w, https:\/\/www.petako.cz\/wp-content\/uploads\/2024\/02\/37-1-188x300.jpg 188w\" sizes=\"auto, (max-width: 470px) 100vw, 470px\" \/><\/figure>\n<\/figure>\n\n\n\n<div style=\"height:30px\" aria-hidden=\"true\" class=\"wp-block-spacer\"><\/div>\n\n\n\n<p class=\"has-text-align-right\"><a href=\"https:\/\/www.petako.cz\/index.php\/predsinove-steny-a-oblozeni\/\">Zp\u011bt<\/a><\/p>\n","protected":false},"excerpt":{"rendered":"<p>Kreativn\u00ed minimalistick\u00e9 \u0159e\u0161en\u00ed p\u0159eds\u00edn\u011b v proveden\u00ed obkladu zdi z mo\u0159en\u00e9ho masivu a v\u00fdklopn\u00fdmi d\u0159ev\u011bn\u00fdmi \u00fachyty. Navazuj\u00edc\u00ed stolek z matn\u00e9 MDF st\u0159\u00edkan\u00e1 b\u00edl\u00e1 matn\u00e1 s fr\u00e9zovan\u00fdmi \u00fachyty a z\u00e1suvkami s technologi\u00ed TIP-ON pro jednoduch\u00fd a \u010dist\u00fd vzhled a snadn\u00e9 u\u017e\u00edv\u00e1n\u00ed. Zp\u011bt<\/p>\n","protected":false},"author":1,"featured_media":0,"parent":0,"menu_order":0,"comment_status":"closed","ping_status":"closed","template":"","meta":{"footnotes":""},"class_list":["post-165","page","type-page","status-publish","hentry"],"_links":{"self":[{"href":"https:\/\/www.petako.cz\/index.php\/wp-json\/wp\/v2\/pages\/165","targetHints":{"allow":["GET"]}}],"collection":[{"href":"https:\/\/www.petako.cz\/index.php\/wp-json\/wp\/v2\/pages"}],"about":[{"href":"https:\/\/www.petako.cz\/index.php\/wp-json\/wp\/v2\/types\/page"}],"author":[{"embeddable":true,"href":"https:\/\/www.petako.cz\/index.php\/wp-json\/wp\/v2\/users\/1"}],"replies":[{"embeddable":true,"href":"https:\/\/www.petako.cz\/index.php\/wp-json\/wp\/v2\/comments?post=165"}],"version-history":[{"count":5,"href":"https:\/\/www.petako.cz\/index.php\/wp-json\/wp\/v2\/pages\/165\/revisions"}],"predecessor-version":[{"id":601,"href":"https:\/\/www.petako.cz\/index.php\/wp-json\/wp\/v2\/pages\/165\/revisions\/601"}],"wp:attachment":[{"href":"https:\/\/www.petako.cz\/index.php\/wp-json\/wp\/v2\/media?parent=165"}],"curies":[{"name":"wp","href":"https:\/\/api.w.org\/{rel}","templated":true}]}}