{"id":216,"date":"2024-05-03T20:09:15","date_gmt":"2024-05-03T18:09:15","guid":{"rendered":"https:\/\/www.petako.cz\/?page_id=216"},"modified":"2024-05-07T19:50:03","modified_gmt":"2024-05-07T17:50:03","slug":"koupelnova-skrinka-s-umyvadlem","status":"publish","type":"page","link":"https:\/\/www.petako.cz\/index.php\/koupelnova-skrinka-s-umyvadlem\/","title":{"rendered":"Koupelnov\u00e1 sk\u0159\u00ednka s umyvadlem"},"content":{"rendered":"\n<p>Koupelnov\u00e1 sk\u0159\u00ednka z MDF oran\u017eov\u011b leskl\u00e1 s b\u00edl\u00fdm plastov\u00fdm soklem.<\/p>\n\n\n\n<div style=\"height:20px\" aria-hidden=\"true\" class=\"wp-block-spacer\"><\/div>\n\n\n\n<figure class=\"wp-block-gallery has-nested-images columns-default is-cropped wp-block-gallery-1 is-layout-flex wp-block-gallery-is-layout-flex\">\n<figure class=\"wp-block-image size-full\"><a href=\"https:\/\/www.petako.cz\/wp-content\/uploads\/2024\/05\/23.jpg\" target=\"_blank\" rel=\"noopener\"><img loading=\"lazy\" decoding=\"async\" width=\"936\" height=\"1006\" data-id=\"217\" src=\"https:\/\/www.petako.cz\/wp-content\/uploads\/2024\/05\/23.jpg\" alt=\"\" class=\"wp-image-217\" srcset=\"https:\/\/www.petako.cz\/wp-content\/uploads\/2024\/05\/23.jpg 936w, https:\/\/www.petako.cz\/wp-content\/uploads\/2024\/05\/23-279x300.jpg 279w, https:\/\/www.petako.cz\/wp-content\/uploads\/2024\/05\/23-768x825.jpg 768w\" sizes=\"auto, (max-width: 936px) 100vw, 936px\" \/><\/a><\/figure>\n\n\n\n<figure class=\"wp-block-image size-large\"><a href=\"https:\/\/www.petako.cz\/wp-content\/uploads\/2024\/05\/24.jpg\" target=\"_blank\" rel=\"noopener\"><img loading=\"lazy\" decoding=\"async\" width=\"926\" height=\"1130\" data-id=\"218\" src=\"https:\/\/www.petako.cz\/wp-content\/uploads\/2024\/05\/24-839x1024.jpg\" alt=\"\" class=\"wp-image-218\" srcset=\"https:\/\/www.petako.cz\/wp-content\/uploads\/2024\/05\/24-839x1024.jpg 839w, https:\/\/www.petako.cz\/wp-content\/uploads\/2024\/05\/24-246x300.jpg 246w, https:\/\/www.petako.cz\/wp-content\/uploads\/2024\/05\/24-768x937.jpg 768w, https:\/\/www.petako.cz\/wp-content\/uploads\/2024\/05\/24.jpg 926w\" sizes=\"auto, (max-width: 926px) 100vw, 926px\" \/><\/a><\/figure>\n<\/figure>\n\n\n\n<div style=\"height:30px\" aria-hidden=\"true\" class=\"wp-block-spacer\"><\/div>\n\n\n\n<p class=\"has-text-align-right\"><a href=\"https:\/\/www.petako.cz\/index.php\/koupelnovy-nabytek\/\">Zp\u011bt<\/a><\/p>\n","protected":false},"excerpt":{"rendered":"<p>Koupelnov\u00e1 sk\u0159\u00ednka z MDF oran\u017eov\u011b leskl\u00e1 s b\u00edl\u00fdm plastov\u00fdm soklem. Zp\u011bt<\/p>\n","protected":false},"author":1,"featured_media":0,"parent":0,"menu_order":0,"comment_status":"closed","ping_status":"closed","template":"","meta":{"footnotes":""},"class_list":["post-216","page","type-page","status-publish","hentry"],"_links":{"self":[{"href":"https:\/\/www.petako.cz\/index.php\/wp-json\/wp\/v2\/pages\/216","targetHints":{"allow":["GET"]}}],"collection":[{"href":"https:\/\/www.petako.cz\/index.php\/wp-json\/wp\/v2\/pages"}],"about":[{"href":"https:\/\/www.petako.cz\/index.php\/wp-json\/wp\/v2\/types\/page"}],"author":[{"embeddable":true,"href":"https:\/\/www.petako.cz\/index.php\/wp-json\/wp\/v2\/users\/1"}],"replies":[{"embeddable":true,"href":"https:\/\/www.petako.cz\/index.php\/wp-json\/wp\/v2\/comments?post=216"}],"version-history":[{"count":2,"href":"https:\/\/www.petako.cz\/index.php\/wp-json\/wp\/v2\/pages\/216\/revisions"}],"predecessor-version":[{"id":591,"href":"https:\/\/www.petako.cz\/index.php\/wp-json\/wp\/v2\/pages\/216\/revisions\/591"}],"wp:attachment":[{"href":"https:\/\/www.petako.cz\/index.php\/wp-json\/wp\/v2\/media?parent=216"}],"curies":[{"name":"wp","href":"https:\/\/api.w.org\/{rel}","templated":true}]}}