{"id":222,"date":"2024-05-03T20:19:28","date_gmt":"2024-05-03T18:19:28","guid":{"rendered":"https:\/\/www.petako.cz\/?page_id=222"},"modified":"2024-05-03T20:19:28","modified_gmt":"2024-05-03T18:19:28","slug":"vchodove-dubove-dvere-se-striskou","status":"publish","type":"page","link":"https:\/\/www.petako.cz\/index.php\/vchodove-dubove-dvere-se-striskou\/","title":{"rendered":"Vchodov\u00e9 dubov\u00e9 dve\u0159e se st\u0159\u00ed\u0161kou"},"content":{"rendered":"\n<p>Dve\u0159e i st\u0159\u00ed\u0161ka z masivn\u00edho dubu v\u010detn\u011b povrchov\u00e9 \u00fapravy s kovanou klikou a z\u00e1mky.<\/p>\n\n\n\n<div style=\"height:20px\" aria-hidden=\"true\" class=\"wp-block-spacer\"><\/div>\n\n\n\n<figure class=\"wp-block-gallery has-nested-images columns-default is-cropped wp-block-gallery-1 is-layout-flex wp-block-gallery-is-layout-flex\">\n<figure class=\"wp-block-image size-large\"><a href=\"https:\/\/www.petako.cz\/wp-content\/uploads\/2024\/05\/148.jpg\" target=\"_blank\" rel=\"noopener\"><img loading=\"lazy\" decoding=\"async\" width=\"768\" height=\"1024\" data-id=\"223\" src=\"https:\/\/www.petako.cz\/wp-content\/uploads\/2024\/05\/148-768x1024.jpg\" alt=\"\" class=\"wp-image-223\" srcset=\"https:\/\/www.petako.cz\/wp-content\/uploads\/2024\/05\/148-768x1024.jpg 768w, https:\/\/www.petako.cz\/wp-content\/uploads\/2024\/05\/148-225x300.jpg 225w, https:\/\/www.petako.cz\/wp-content\/uploads\/2024\/05\/148-1152x1536.jpg 1152w, https:\/\/www.petako.cz\/wp-content\/uploads\/2024\/05\/148.jpg 1368w\" sizes=\"auto, (max-width: 768px) 100vw, 768px\" \/><\/a><\/figure>\n\n\n\n<figure class=\"wp-block-image size-large\"><a href=\"https:\/\/www.petako.cz\/wp-content\/uploads\/2024\/05\/150.jpg\" target=\"_blank\" rel=\"noopener\"><img loading=\"lazy\" decoding=\"async\" width=\"768\" height=\"1024\" data-id=\"225\" src=\"https:\/\/www.petako.cz\/wp-content\/uploads\/2024\/05\/150-768x1024.jpg\" alt=\"\" class=\"wp-image-225\" srcset=\"https:\/\/www.petako.cz\/wp-content\/uploads\/2024\/05\/150-768x1024.jpg 768w, https:\/\/www.petako.cz\/wp-content\/uploads\/2024\/05\/150-225x300.jpg 225w, https:\/\/www.petako.cz\/wp-content\/uploads\/2024\/05\/150-1152x1536.jpg 1152w, https:\/\/www.petako.cz\/wp-content\/uploads\/2024\/05\/150.jpg 1368w\" sizes=\"auto, (max-width: 768px) 100vw, 768px\" \/><\/a><\/figure>\n\n\n\n<figure class=\"wp-block-image size-large\"><a href=\"https:\/\/www.petako.cz\/wp-content\/uploads\/2024\/05\/149.jpg\" target=\"_blank\" rel=\"noopener\"><img loading=\"lazy\" decoding=\"async\" width=\"768\" height=\"1024\" data-id=\"224\" src=\"https:\/\/www.petako.cz\/wp-content\/uploads\/2024\/05\/149-768x1024.jpg\" alt=\"\" class=\"wp-image-224\" srcset=\"https:\/\/www.petako.cz\/wp-content\/uploads\/2024\/05\/149-768x1024.jpg 768w, https:\/\/www.petako.cz\/wp-content\/uploads\/2024\/05\/149-225x300.jpg 225w, https:\/\/www.petako.cz\/wp-content\/uploads\/2024\/05\/149-1152x1536.jpg 1152w, https:\/\/www.petako.cz\/wp-content\/uploads\/2024\/05\/149.jpg 1368w\" sizes=\"auto, (max-width: 768px) 100vw, 768px\" \/><\/a><\/figure>\n<\/figure>\n","protected":false},"excerpt":{"rendered":"<p>Dve\u0159e i st\u0159\u00ed\u0161ka z masivn\u00edho dubu v\u010detn\u011b povrchov\u00e9 \u00fapravy s kovanou klikou a z\u00e1mky.<\/p>\n","protected":false},"author":1,"featured_media":0,"parent":0,"menu_order":0,"comment_status":"closed","ping_status":"closed","template":"","meta":{"footnotes":""},"class_list":["post-222","page","type-page","status-publish","hentry"],"_links":{"self":[{"href":"https:\/\/www.petako.cz\/index.php\/wp-json\/wp\/v2\/pages\/222","targetHints":{"allow":["GET"]}}],"collection":[{"href":"https:\/\/www.petako.cz\/index.php\/wp-json\/wp\/v2\/pages"}],"about":[{"href":"https:\/\/www.petako.cz\/index.php\/wp-json\/wp\/v2\/types\/page"}],"author":[{"embeddable":true,"href":"https:\/\/www.petako.cz\/index.php\/wp-json\/wp\/v2\/users\/1"}],"replies":[{"embeddable":true,"href":"https:\/\/www.petako.cz\/index.php\/wp-json\/wp\/v2\/comments?post=222"}],"version-history":[{"count":1,"href":"https:\/\/www.petako.cz\/index.php\/wp-json\/wp\/v2\/pages\/222\/revisions"}],"predecessor-version":[{"id":227,"href":"https:\/\/www.petako.cz\/index.php\/wp-json\/wp\/v2\/pages\/222\/revisions\/227"}],"wp:attachment":[{"href":"https:\/\/www.petako.cz\/index.php\/wp-json\/wp\/v2\/media?parent=222"}],"curies":[{"name":"wp","href":"https:\/\/api.w.org\/{rel}","templated":true}]}}