{"id":229,"date":"2024-05-03T20:40:37","date_gmt":"2024-05-03T18:40:37","guid":{"rendered":"https:\/\/www.petako.cz\/?page_id=229"},"modified":"2024-05-07T19:49:02","modified_gmt":"2024-05-07T17:49:02","slug":"koupelnovy-nabytek-matne-sedy","status":"publish","type":"page","link":"https:\/\/www.petako.cz\/index.php\/koupelnovy-nabytek-matne-sedy\/","title":{"rendered":"Koupelnov\u00fd n\u00e1bytek matn\u011b \u0161ed\u00fd"},"content":{"rendered":"\n<p>Koupelnov\u00fd n\u00e1bytek s dv\u00ed\u0159ky MDF st\u0159\u00edkan\u00e9 matnou \u0161edou s nerezov\u00fdmi horn\u00edmi \u00fachyty a plnov\u00fdsuvn\u00fdmi z\u00e1suvkami s dotahem. Horn\u00ed deska technologie posforming 38mm s zalisovanou p\u0159edn\u00ed hranou vhodn\u00e1 do vlhk\u00e9ho prost\u0159ed\u00ed.<\/p>\n\n\n\n<div style=\"height:20px\" aria-hidden=\"true\" class=\"wp-block-spacer\"><\/div>\n\n\n\n<figure class=\"wp-block-gallery has-nested-images columns-default is-cropped wp-block-gallery-1 is-layout-flex wp-block-gallery-is-layout-flex\">\n<figure class=\"wp-block-image size-large\"><a href=\"https:\/\/www.petako.cz\/wp-content\/uploads\/2024\/05\/22.jpg\" target=\"_blank\" rel=\"noopener\"><img loading=\"lazy\" decoding=\"async\" width=\"691\" height=\"1024\" data-id=\"230\" src=\"https:\/\/www.petako.cz\/wp-content\/uploads\/2024\/05\/22-691x1024.jpg\" alt=\"\" class=\"wp-image-230\" srcset=\"https:\/\/www.petako.cz\/wp-content\/uploads\/2024\/05\/22-691x1024.jpg 691w, https:\/\/www.petako.cz\/wp-content\/uploads\/2024\/05\/22-203x300.jpg 203w, https:\/\/www.petako.cz\/wp-content\/uploads\/2024\/05\/22-768x1138.jpg 768w, https:\/\/www.petako.cz\/wp-content\/uploads\/2024\/05\/22-1037x1536.jpg 1037w, https:\/\/www.petako.cz\/wp-content\/uploads\/2024\/05\/22.jpg 1068w\" sizes=\"auto, (max-width: 691px) 100vw, 691px\" \/><\/a><\/figure>\n\n\n\n<figure class=\"wp-block-image size-large\"><a href=\"https:\/\/www.petako.cz\/wp-content\/uploads\/2024\/05\/21.jpg\" target=\"_blank\" rel=\"noopener\"><img loading=\"lazy\" decoding=\"async\" width=\"630\" height=\"1024\" data-id=\"231\" src=\"https:\/\/www.petako.cz\/wp-content\/uploads\/2024\/05\/21-630x1024.jpg\" alt=\"\" class=\"wp-image-231\" srcset=\"https:\/\/www.petako.cz\/wp-content\/uploads\/2024\/05\/21-630x1024.jpg 630w, https:\/\/www.petako.cz\/wp-content\/uploads\/2024\/05\/21-185x300.jpg 185w, https:\/\/www.petako.cz\/wp-content\/uploads\/2024\/05\/21-768x1248.jpg 768w, https:\/\/www.petako.cz\/wp-content\/uploads\/2024\/05\/21-945x1536.jpg 945w, https:\/\/www.petako.cz\/wp-content\/uploads\/2024\/05\/21.jpg 1050w\" sizes=\"auto, (max-width: 630px) 100vw, 630px\" \/><\/a><\/figure>\n<\/figure>\n\n\n\n<div style=\"height:30px\" aria-hidden=\"true\" class=\"wp-block-spacer\"><\/div>\n\n\n\n<p class=\"has-text-align-right\"><a href=\"https:\/\/www.petako.cz\/index.php\/koupelnovy-nabytek\/\">Zp\u011bt<\/a><\/p>\n","protected":false},"excerpt":{"rendered":"<p>Koupelnov\u00fd n\u00e1bytek s dv\u00ed\u0159ky MDF st\u0159\u00edkan\u00e9 matnou \u0161edou s nerezov\u00fdmi horn\u00edmi \u00fachyty a plnov\u00fdsuvn\u00fdmi z\u00e1suvkami s dotahem. Horn\u00ed deska technologie posforming 38mm s zalisovanou p\u0159edn\u00ed hranou vhodn\u00e1 do vlhk\u00e9ho prost\u0159ed\u00ed. Zp\u011bt<\/p>\n","protected":false},"author":1,"featured_media":0,"parent":0,"menu_order":0,"comment_status":"closed","ping_status":"closed","template":"","meta":{"footnotes":""},"class_list":["post-229","page","type-page","status-publish","hentry"],"_links":{"self":[{"href":"https:\/\/www.petako.cz\/index.php\/wp-json\/wp\/v2\/pages\/229","targetHints":{"allow":["GET"]}}],"collection":[{"href":"https:\/\/www.petako.cz\/index.php\/wp-json\/wp\/v2\/pages"}],"about":[{"href":"https:\/\/www.petako.cz\/index.php\/wp-json\/wp\/v2\/types\/page"}],"author":[{"embeddable":true,"href":"https:\/\/www.petako.cz\/index.php\/wp-json\/wp\/v2\/users\/1"}],"replies":[{"embeddable":true,"href":"https:\/\/www.petako.cz\/index.php\/wp-json\/wp\/v2\/comments?post=229"}],"version-history":[{"count":2,"href":"https:\/\/www.petako.cz\/index.php\/wp-json\/wp\/v2\/pages\/229\/revisions"}],"predecessor-version":[{"id":590,"href":"https:\/\/www.petako.cz\/index.php\/wp-json\/wp\/v2\/pages\/229\/revisions\/590"}],"wp:attachment":[{"href":"https:\/\/www.petako.cz\/index.php\/wp-json\/wp\/v2\/media?parent=229"}],"curies":[{"name":"wp","href":"https:\/\/api.w.org\/{rel}","templated":true}]}}