{"id":24,"date":"2024-01-02T21:18:52","date_gmt":"2024-01-02T20:18:52","guid":{"rendered":"https:\/\/www.petako.cz\/?page_id=24"},"modified":"2025-07-10T08:13:34","modified_gmt":"2025-07-10T06:13:34","slug":"kontakt","status":"publish","type":"page","link":"https:\/\/www.petako.cz\/index.php\/kontakt\/","title":{"rendered":"Kontakty PETAKO s.r.o."},"content":{"rendered":"\n<p class=\"has-large-font-size\"><strong>PETAKO s.r.o.<\/strong><\/p>\n\n\n\n<p class=\"has-medium-font-size\"><br>Rant\u00ed\u0159ovsk\u00e1 15a, 586 01 Jihlava<br>I\u010c: 25322281    DI\u010c: CZ25322281<\/p>\n\n\n\n<div style=\"height:30px\" aria-hidden=\"true\" class=\"wp-block-spacer\"><\/div>\n\n\n\n<p>V\u00e1\u017een\u00ed z\u00e1kazn\u00edci, dodavatel\u00e9 a p\u0159\u00e1tel\u00e9.<\/p>\n\n\n\n<p>V obdob\u00ed od 26.6.2025 do 22.12.2025 bude v r\u016fzn\u00fdch etap\u00e1ch uzav\u0159ena na\u0161e ulice Rant\u00ed\u0159ovsk\u00e1. Zat\u00edm je zde um\u00edst\u011bna dopravn\u00ed zna\u010dka slep\u00e9 ulice, ale to se m\u016f\u017ee, den ze dne zm\u011bnit. Budete-li m\u00edt probl\u00e9m se k n\u00e1m p\u0159es uzav\u00edrku dostat, kontaktujte n\u00e1s telefonicky. Pom\u016f\u017eeme V\u00e1m, jak se k n\u00e1m aktu\u00e1ln\u011b dostanete, nebo se domluv\u00edme na Va\u0161em vyzvednut\u00ed. Na\u0161e provozovna, a\u017e na obdob\u00ed dovolen\u00e9, z\u016fst\u00e1v\u00e1 otev\u0159en\u00e1.<\/p>\n\n\n\n<p>T\u011b\u0161\u00edme se na V\u00e1s.<\/p>\n\n\n<div class=\"wp-block-image\">\n<figure data-wp-context=\"{&quot;imageId&quot;:&quot;69e21bb0945f5&quot;}\" data-wp-interactive=\"core\/image\" data-wp-key=\"69e21bb0945f5\" class=\"aligncenter size-large wp-lightbox-container\"><img loading=\"lazy\" decoding=\"async\" width=\"1024\" height=\"477\" data-wp-class--hide=\"state.isContentHidden\" data-wp-class--show=\"state.isContentVisible\" data-wp-init=\"callbacks.setButtonStyles\" data-wp-on--click=\"actions.showLightbox\" data-wp-on--load=\"callbacks.setButtonStyles\" data-wp-on-window--resize=\"callbacks.setButtonStyles\" src=\"https:\/\/www.petako.cz\/wp-content\/uploads\/2025\/07\/uzvirka-1024x477.jpeg\" alt=\"\" class=\"wp-image-646\" srcset=\"https:\/\/www.petako.cz\/wp-content\/uploads\/2025\/07\/uzvirka-1024x477.jpeg 1024w, https:\/\/www.petako.cz\/wp-content\/uploads\/2025\/07\/uzvirka-300x140.jpeg 300w, https:\/\/www.petako.cz\/wp-content\/uploads\/2025\/07\/uzvirka-768x358.jpeg 768w, https:\/\/www.petako.cz\/wp-content\/uploads\/2025\/07\/uzvirka-1536x716.jpeg 1536w, https:\/\/www.petako.cz\/wp-content\/uploads\/2025\/07\/uzvirka-2048x954.jpeg 2048w\" sizes=\"auto, (max-width: 1024px) 100vw, 1024px\" \/><button\n\t\t\tclass=\"lightbox-trigger\"\n\t\t\ttype=\"button\"\n\t\t\taria-haspopup=\"dialog\"\n\t\t\taria-label=\"Zv\u011bt\u0161it\"\n\t\t\tdata-wp-init=\"callbacks.initTriggerButton\"\n\t\t\tdata-wp-on--click=\"actions.showLightbox\"\n\t\t\tdata-wp-style--right=\"state.imageButtonRight\"\n\t\t\tdata-wp-style--top=\"state.imageButtonTop\"\n\t\t>\n\t\t\t<svg xmlns=\"http:\/\/www.w3.org\/2000\/svg\" width=\"12\" height=\"12\" fill=\"none\" viewBox=\"0 0 12 12\">\n\t\t\t\t<path fill=\"#fff\" d=\"M2 0a2 2 0 0 0-2 2v2h1.5V2a.5.5 0 0 1 .5-.5h2V0H2Zm2 10.5H2a.5.5 0 0 1-.5-.5V8H0v2a2 2 0 0 0 2 2h2v-1.5ZM8 12v-1.5h2a.5.5 0 0 0 .5-.5V8H12v2a2 2 0 0 1-2 2H8Zm2-12a2 2 0 0 1 2 2v2h-1.5V2a.5.5 0 0 0-.5-.5H8V0h2Z\" \/>\n\t\t\t<\/svg>\n\t\t<\/button><\/figure>\n<\/div>\n\n\n<div style=\"height:20px\" aria-hidden=\"true\" class=\"wp-block-spacer\"><\/div>\n\n\n\n<p><strong>Kontakty na spole\u010dnost<\/strong><\/p>\n\n\n\n<div style=\"height:20px\" aria-hidden=\"true\" class=\"wp-block-spacer\"><\/div>\n\n\n\n<p>Obchodn\u00ed odd\u011blen\u00ed<br><\/p>\n\n\n\n<p>mobil: +420 777 335 661 <\/p>\n\n\n\n<p>telefon: +420 561 039 120<br>e-mail: petako@petako.cz<br>www : www.petako.cz<br><\/p>\n\n\n\n<div style=\"height:20px\" aria-hidden=\"true\" class=\"wp-block-spacer\"><\/div>\n\n\n\n<p>Provozn\u00ed doba<br>Po &#8211; P\u00e1 9:00 &#8211; 17:00<br>po p\u0159edchoz\u00ed telefonick\u00e9 dohod\u011b<\/p>\n\n\n\n<div style=\"height:20px\" aria-hidden=\"true\" class=\"wp-block-spacer\"><\/div>\n\n\n\n<p><strong>Z\u00e1stupci spole\u010dnosti<\/strong><\/p>\n\n\n\n<p>Manager<br>Radek Talpa<\/p>\n\n\n\n<p>mobil: +420 777 335 660<br>e-mail: radek.talpa@petako.cz<\/p>\n\n\n\n<div style=\"height:20px\" aria-hidden=\"true\" class=\"wp-block-spacer\"><\/div>\n\n\n\n<figure class=\"wp-block-gallery aligncenter has-nested-images columns-default is-cropped wp-block-gallery-1 is-layout-flex wp-block-gallery-is-layout-flex\"><div class=\"wp-block-image\">\n<figure class=\"aligncenter size-large\"><a href=\"https:\/\/www.google.cz\/maps\/place\/Petako+s.r.o.\/@49.3976666,15.5586255,17z\/data=!3m1!4b1!4m6!3m5!1s0x470d1a363bb34781:0xbd37a52bf23d71f3!8m2!3d49.3976666!4d15.5586255!16s%2Fg%2F1thp_fkr?hl=cs&amp;entry=ttu\" target=\"_blank\" rel=\"noreferrer noopener\"><img loading=\"lazy\" decoding=\"async\" width=\"267\" height=\"200\" data-id=\"47\" src=\"https:\/\/www.petako.cz\/wp-content\/uploads\/2024\/01\/mapa-edited.png\" alt=\"Odkaz na Google mapy\" class=\"wp-image-47\"\/><\/a><figcaption class=\"wp-element-caption\">Odkaz na Google mapy<\/figcaption><\/figure>\n<\/div>\n\n<div class=\"wp-block-image\">\n<figure class=\"aligncenter size-large\"><img loading=\"lazy\" decoding=\"async\" width=\"200\" height=\"200\" data-id=\"38\" src=\"https:\/\/www.petako.cz\/wp-content\/uploads\/2024\/01\/vcard.jpg\" alt=\"\" class=\"wp-image-38\" srcset=\"https:\/\/www.petako.cz\/wp-content\/uploads\/2024\/01\/vcard.jpg 200w, https:\/\/www.petako.cz\/wp-content\/uploads\/2024\/01\/vcard-150x150.jpg 150w\" sizes=\"auto, (max-width: 200px) 100vw, 200px\" \/><figcaption class=\"wp-element-caption\">QR code kontakt<\/figcaption><\/figure>\n<\/div>\n\n<div class=\"wp-block-image\">\n<figure class=\"aligncenter size-large\"><a href=\"https:\/\/mapy.cz\/s\/bacocejobe\" target=\"_blank\" rel=\"noreferrer noopener\"><img loading=\"lazy\" decoding=\"async\" width=\"267\" height=\"200\" data-id=\"45\" src=\"https:\/\/www.petako.cz\/wp-content\/uploads\/2024\/01\/mapa_mapy-edited.png\" alt=\"Odkaz na Mapy.cz\" class=\"wp-image-45\"\/><\/a><figcaption class=\"wp-element-caption\">Odkaz na Mapy.cz<\/figcaption><\/figure>\n<\/div><\/figure>\n\n\n\n<figure class=\"wp-block-image alignfull size-large\"><img loading=\"lazy\" decoding=\"async\" width=\"1024\" height=\"313\" src=\"https:\/\/www.petako.cz\/wp-content\/uploads\/2024\/05\/Logo_PETAKO_drevo_z-1024x313.jpg\" alt=\"\" class=\"wp-image-446\" srcset=\"https:\/\/www.petako.cz\/wp-content\/uploads\/2024\/05\/Logo_PETAKO_drevo_z-1024x313.jpg 1024w, https:\/\/www.petako.cz\/wp-content\/uploads\/2024\/05\/Logo_PETAKO_drevo_z-300x92.jpg 300w, https:\/\/www.petako.cz\/wp-content\/uploads\/2024\/05\/Logo_PETAKO_drevo_z-768x235.jpg 768w, https:\/\/www.petako.cz\/wp-content\/uploads\/2024\/05\/Logo_PETAKO_drevo_z.jpg 1500w\" sizes=\"auto, (max-width: 1024px) 100vw, 1024px\" \/><\/figure>\n","protected":false},"excerpt":{"rendered":"<p>PETAKO s.r.o. Rant\u00ed\u0159ovsk\u00e1 15a, 586 01 JihlavaI\u010c: 25322281 DI\u010c: CZ25322281 V\u00e1\u017een\u00ed z\u00e1kazn\u00edci, dodavatel\u00e9 a p\u0159\u00e1tel\u00e9. V obdob\u00ed od 26.6.2025 do 22.12.2025 bude v r\u016fzn\u00fdch etap\u00e1ch uzav\u0159ena na\u0161e ulice Rant\u00ed\u0159ovsk\u00e1. Zat\u00edm je zde um\u00edst\u011bna dopravn\u00ed zna\u010dka slep\u00e9 ulice, ale to se m\u016f\u017ee, den ze dne zm\u011bnit. Budete-li m\u00edt probl\u00e9m se k n\u00e1m p\u0159es uzav\u00edrku dostat, kontaktujte &hellip;<br \/><a href=\"https:\/\/www.petako.cz\/index.php\/kontakt\/\" class=\"more-link pen_button pen_element_default pen_icon_arrow_double\">Pokra\u010dovat ve\u00a0\u010dten\u00ed <span class=\"screen-reader-text\">Kontakty PETAKO s.r.o.<\/span><\/a><\/p>\n","protected":false},"author":2,"featured_media":449,"parent":0,"menu_order":0,"comment_status":"closed","ping_status":"closed","template":"","meta":{"footnotes":""},"class_list":["post-24","page","type-page","status-publish","has-post-thumbnail","hentry"],"_links":{"self":[{"href":"https:\/\/www.petako.cz\/index.php\/wp-json\/wp\/v2\/pages\/24","targetHints":{"allow":["GET"]}}],"collection":[{"href":"https:\/\/www.petako.cz\/index.php\/wp-json\/wp\/v2\/pages"}],"about":[{"href":"https:\/\/www.petako.cz\/index.php\/wp-json\/wp\/v2\/types\/page"}],"author":[{"embeddable":true,"href":"https:\/\/www.petako.cz\/index.php\/wp-json\/wp\/v2\/users\/2"}],"replies":[{"embeddable":true,"href":"https:\/\/www.petako.cz\/index.php\/wp-json\/wp\/v2\/comments?post=24"}],"version-history":[{"count":20,"href":"https:\/\/www.petako.cz\/index.php\/wp-json\/wp\/v2\/pages\/24\/revisions"}],"predecessor-version":[{"id":650,"href":"https:\/\/www.petako.cz\/index.php\/wp-json\/wp\/v2\/pages\/24\/revisions\/650"}],"wp:featuredmedia":[{"embeddable":true,"href":"https:\/\/www.petako.cz\/index.php\/wp-json\/wp\/v2\/media\/449"}],"wp:attachment":[{"href":"https:\/\/www.petako.cz\/index.php\/wp-json\/wp\/v2\/media?parent=24"}],"curies":[{"name":"wp","href":"https:\/\/api.w.org\/{rel}","templated":true}]}}