{"id":245,"date":"2024-05-03T20:59:16","date_gmt":"2024-05-03T18:59:16","guid":{"rendered":"https:\/\/www.petako.cz\/?page_id=245"},"modified":"2024-05-07T19:51:21","modified_gmt":"2024-05-07T17:51:21","slug":"satni-skrin-bilo-zluta","status":"publish","type":"page","link":"https:\/\/www.petako.cz\/index.php\/satni-skrin-bilo-zluta\/","title":{"rendered":"\u0160atn\u00ed sk\u0159\u00ed\u0148 b\u00edlo \u017elut\u00e1"},"content":{"rendered":"\n<p>DTD lamino b\u00edl\u00e1 v kombinaci s DTD \u017elut\u00e1, syst\u00e9m plnov\u00fdsuvn\u00fdch z\u00e1suvek vnit\u0159n\u00edch a venkovn\u00edch, pevn\u00e1 \u0161atn\u00ed ty\u010d<\/p>\n\n\n\n<div style=\"height:20px\" aria-hidden=\"true\" class=\"wp-block-spacer\"><\/div>\n\n\n\n<figure class=\"wp-block-gallery has-nested-images columns-default is-cropped wp-block-gallery-1 is-layout-flex wp-block-gallery-is-layout-flex\">\n<figure class=\"wp-block-image size-large\"><a href=\"https:\/\/www.petako.cz\/wp-content\/uploads\/2024\/05\/41.jpg\" target=\"_blank\" rel=\"noopener\"><img loading=\"lazy\" decoding=\"async\" width=\"808\" height=\"1024\" data-id=\"247\" src=\"https:\/\/www.petako.cz\/wp-content\/uploads\/2024\/05\/41-808x1024.jpg\" alt=\"\" class=\"wp-image-247\" srcset=\"https:\/\/www.petako.cz\/wp-content\/uploads\/2024\/05\/41-808x1024.jpg 808w, https:\/\/www.petako.cz\/wp-content\/uploads\/2024\/05\/41-237x300.jpg 237w, https:\/\/www.petako.cz\/wp-content\/uploads\/2024\/05\/41-768x973.jpg 768w, https:\/\/www.petako.cz\/wp-content\/uploads\/2024\/05\/41-1212x1536.jpg 1212w, https:\/\/www.petako.cz\/wp-content\/uploads\/2024\/05\/41.jpg 1253w\" sizes=\"auto, (max-width: 808px) 100vw, 808px\" \/><\/a><\/figure>\n\n\n\n<figure class=\"wp-block-image size-large\"><a href=\"https:\/\/www.petako.cz\/wp-content\/uploads\/2024\/05\/42.jpg\" target=\"_blank\" rel=\"noopener\"><img loading=\"lazy\" decoding=\"async\" width=\"735\" height=\"1024\" data-id=\"246\" src=\"https:\/\/www.petako.cz\/wp-content\/uploads\/2024\/05\/42-735x1024.jpg\" alt=\"\" class=\"wp-image-246\" srcset=\"https:\/\/www.petako.cz\/wp-content\/uploads\/2024\/05\/42-735x1024.jpg 735w, https:\/\/www.petako.cz\/wp-content\/uploads\/2024\/05\/42-215x300.jpg 215w, https:\/\/www.petako.cz\/wp-content\/uploads\/2024\/05\/42-768x1070.jpg 768w, https:\/\/www.petako.cz\/wp-content\/uploads\/2024\/05\/42-1102x1536.jpg 1102w, https:\/\/www.petako.cz\/wp-content\/uploads\/2024\/05\/42.jpg 1255w\" sizes=\"auto, (max-width: 735px) 100vw, 735px\" \/><\/a><\/figure>\n<\/figure>\n\n\n\n<div style=\"height:30px\" aria-hidden=\"true\" class=\"wp-block-spacer\"><\/div>\n\n\n\n<p class=\"has-text-align-right\"><a href=\"https:\/\/www.petako.cz\/index.php\/loznice-a-vestavne-skrine\/\">Zp\u011bt<\/a><\/p>\n","protected":false},"excerpt":{"rendered":"<p>DTD lamino b\u00edl\u00e1 v kombinaci s DTD \u017elut\u00e1, syst\u00e9m plnov\u00fdsuvn\u00fdch z\u00e1suvek vnit\u0159n\u00edch a venkovn\u00edch, pevn\u00e1 \u0161atn\u00ed ty\u010d Zp\u011bt<\/p>\n","protected":false},"author":1,"featured_media":0,"parent":0,"menu_order":0,"comment_status":"closed","ping_status":"closed","template":"","meta":{"footnotes":""},"class_list":["post-245","page","type-page","status-publish","hentry"],"_links":{"self":[{"href":"https:\/\/www.petako.cz\/index.php\/wp-json\/wp\/v2\/pages\/245","targetHints":{"allow":["GET"]}}],"collection":[{"href":"https:\/\/www.petako.cz\/index.php\/wp-json\/wp\/v2\/pages"}],"about":[{"href":"https:\/\/www.petako.cz\/index.php\/wp-json\/wp\/v2\/types\/page"}],"author":[{"embeddable":true,"href":"https:\/\/www.petako.cz\/index.php\/wp-json\/wp\/v2\/users\/1"}],"replies":[{"embeddable":true,"href":"https:\/\/www.petako.cz\/index.php\/wp-json\/wp\/v2\/comments?post=245"}],"version-history":[{"count":3,"href":"https:\/\/www.petako.cz\/index.php\/wp-json\/wp\/v2\/pages\/245\/revisions"}],"predecessor-version":[{"id":592,"href":"https:\/\/www.petako.cz\/index.php\/wp-json\/wp\/v2\/pages\/245\/revisions\/592"}],"wp:attachment":[{"href":"https:\/\/www.petako.cz\/index.php\/wp-json\/wp\/v2\/media?parent=245"}],"curies":[{"name":"wp","href":"https:\/\/api.w.org\/{rel}","templated":true}]}}