{"id":251,"date":"2024-05-03T21:12:55","date_gmt":"2024-05-03T19:12:55","guid":{"rendered":"https:\/\/www.petako.cz\/?page_id=251"},"modified":"2024-05-07T20:03:35","modified_gmt":"2024-05-07T18:03:35","slug":"predsinova-sestava","status":"publish","type":"page","link":"https:\/\/www.petako.cz\/index.php\/predsinova-sestava\/","title":{"rendered":"P\u0159eds\u00ed\u0148ov\u00e1 sestava"},"content":{"rendered":"\n<p>P\u0159eds\u00ed\u0148ov\u00e1 sestava z materi\u00e1lu DTD lamino \u0161ed\u00e9 barvy a dekorem dub osazen\u00e9 z\u00e1suvkami s plnov\u00fdsuvn\u00fdm mechanizmem s dotahem.<\/p>\n\n\n\n<div style=\"height:20px\" aria-hidden=\"true\" class=\"wp-block-spacer\"><\/div>\n\n\n\n<div class=\"wp-block-group\"><div class=\"wp-block-group__inner-container is-layout-constrained wp-block-group-is-layout-constrained\">\n<figure class=\"wp-block-gallery has-nested-images columns-2 is-cropped wp-block-gallery-1 is-layout-flex wp-block-gallery-is-layout-flex\">\n<figure class=\"wp-block-image size-large\"><a href=\"https:\/\/www.petako.cz\/wp-content\/uploads\/2024\/05\/33-1.jpg\" target=\"_blank\" rel=\"noopener\"><img loading=\"lazy\" decoding=\"async\" width=\"686\" height=\"1024\" data-id=\"259\" src=\"https:\/\/www.petako.cz\/wp-content\/uploads\/2024\/05\/33-1-686x1024.jpg\" alt=\"\" class=\"wp-image-259\" srcset=\"https:\/\/www.petako.cz\/wp-content\/uploads\/2024\/05\/33-1-686x1024.jpg 686w, https:\/\/www.petako.cz\/wp-content\/uploads\/2024\/05\/33-1-201x300.jpg 201w, https:\/\/www.petako.cz\/wp-content\/uploads\/2024\/05\/33-1-768x1147.jpg 768w, https:\/\/www.petako.cz\/wp-content\/uploads\/2024\/05\/33-1-1029x1536.jpg 1029w, https:\/\/www.petako.cz\/wp-content\/uploads\/2024\/05\/33-1.jpg 1053w\" sizes=\"auto, (max-width: 686px) 100vw, 686px\" \/><\/a><\/figure>\n\n\n\n<figure class=\"wp-block-image size-large\"><a href=\"https:\/\/www.petako.cz\/wp-content\/uploads\/2024\/05\/32-1.jpg\" target=\"_blank\" rel=\"noopener\"><img loading=\"lazy\" decoding=\"async\" width=\"757\" height=\"1024\" data-id=\"258\" src=\"https:\/\/www.petako.cz\/wp-content\/uploads\/2024\/05\/32-1-757x1024.jpg\" alt=\"\" class=\"wp-image-258\" srcset=\"https:\/\/www.petako.cz\/wp-content\/uploads\/2024\/05\/32-1-757x1024.jpg 757w, https:\/\/www.petako.cz\/wp-content\/uploads\/2024\/05\/32-1-222x300.jpg 222w, https:\/\/www.petako.cz\/wp-content\/uploads\/2024\/05\/32-1-768x1039.jpg 768w, https:\/\/www.petako.cz\/wp-content\/uploads\/2024\/05\/32-1-1136x1536.jpg 1136w, https:\/\/www.petako.cz\/wp-content\/uploads\/2024\/05\/32-1.jpg 1293w\" sizes=\"auto, (max-width: 757px) 100vw, 757px\" \/><\/a><\/figure>\n<\/figure>\n<\/div><\/div>\n\n\n\n<div style=\"height:10px\" aria-hidden=\"true\" class=\"wp-block-spacer\"><\/div>\n\n\n\n<figure class=\"wp-block-gallery has-nested-images columns-2 is-cropped wp-block-gallery-2 is-layout-flex wp-block-gallery-is-layout-flex\">\n<figure class=\"wp-block-image size-medium\"><a href=\"https:\/\/www.petako.cz\/wp-content\/uploads\/2024\/05\/31-1.jpg\" target=\"_blank\" rel=\"noopener\"><img loading=\"lazy\" decoding=\"async\" width=\"214\" height=\"300\" data-id=\"257\" src=\"https:\/\/www.petako.cz\/wp-content\/uploads\/2024\/05\/31-1-214x300.jpg\" alt=\"\" class=\"wp-image-257\" srcset=\"https:\/\/www.petako.cz\/wp-content\/uploads\/2024\/05\/31-1-214x300.jpg 214w, https:\/\/www.petako.cz\/wp-content\/uploads\/2024\/05\/31-1-732x1024.jpg 732w, https:\/\/www.petako.cz\/wp-content\/uploads\/2024\/05\/31-1-768x1074.jpg 768w, https:\/\/www.petako.cz\/wp-content\/uploads\/2024\/05\/31-1-1098x1536.jpg 1098w, https:\/\/www.petako.cz\/wp-content\/uploads\/2024\/05\/31-1.jpg 1283w\" sizes=\"auto, (max-width: 214px) 100vw, 214px\" \/><\/a><\/figure>\n\n\n\n<figure class=\"wp-block-image size-large\"><a href=\"https:\/\/www.petako.cz\/wp-content\/uploads\/2024\/05\/30-1.jpg\" target=\"_blank\" rel=\"noopener\"><img loading=\"lazy\" decoding=\"async\" width=\"792\" height=\"1024\" data-id=\"256\" src=\"https:\/\/www.petako.cz\/wp-content\/uploads\/2024\/05\/30-1-792x1024.jpg\" alt=\"\" class=\"wp-image-256\" srcset=\"https:\/\/www.petako.cz\/wp-content\/uploads\/2024\/05\/30-1-792x1024.jpg 792w, https:\/\/www.petako.cz\/wp-content\/uploads\/2024\/05\/30-1-232x300.jpg 232w, https:\/\/www.petako.cz\/wp-content\/uploads\/2024\/05\/30-1-768x993.jpg 768w, https:\/\/www.petako.cz\/wp-content\/uploads\/2024\/05\/30-1-1188x1536.jpg 1188w, https:\/\/www.petako.cz\/wp-content\/uploads\/2024\/05\/30-1.jpg 1320w\" sizes=\"auto, (max-width: 792px) 100vw, 792px\" \/><\/a><\/figure>\n<\/figure>\n\n\n\n<div style=\"height:35px\" aria-hidden=\"true\" class=\"wp-block-spacer\"><\/div>\n\n\n\n<p class=\"has-text-align-right\"><a href=\"https:\/\/www.petako.cz\/index.php\/predsinove-steny-a-oblozeni\/\">Zp\u011bt<\/a><\/p>\n","protected":false},"excerpt":{"rendered":"<p>P\u0159eds\u00ed\u0148ov\u00e1 sestava z materi\u00e1lu DTD lamino \u0161ed\u00e9 barvy a dekorem dub osazen\u00e9 z\u00e1suvkami s plnov\u00fdsuvn\u00fdm mechanizmem s dotahem. Zp\u011bt<\/p>\n","protected":false},"author":1,"featured_media":0,"parent":0,"menu_order":0,"comment_status":"closed","ping_status":"closed","template":"","meta":{"footnotes":""},"class_list":["post-251","page","type-page","status-publish","hentry"],"_links":{"self":[{"href":"https:\/\/www.petako.cz\/index.php\/wp-json\/wp\/v2\/pages\/251","targetHints":{"allow":["GET"]}}],"collection":[{"href":"https:\/\/www.petako.cz\/index.php\/wp-json\/wp\/v2\/pages"}],"about":[{"href":"https:\/\/www.petako.cz\/index.php\/wp-json\/wp\/v2\/types\/page"}],"author":[{"embeddable":true,"href":"https:\/\/www.petako.cz\/index.php\/wp-json\/wp\/v2\/users\/1"}],"replies":[{"embeddable":true,"href":"https:\/\/www.petako.cz\/index.php\/wp-json\/wp\/v2\/comments?post=251"}],"version-history":[{"count":5,"href":"https:\/\/www.petako.cz\/index.php\/wp-json\/wp\/v2\/pages\/251\/revisions"}],"predecessor-version":[{"id":602,"href":"https:\/\/www.petako.cz\/index.php\/wp-json\/wp\/v2\/pages\/251\/revisions\/602"}],"wp:attachment":[{"href":"https:\/\/www.petako.cz\/index.php\/wp-json\/wp\/v2\/media?parent=251"}],"curies":[{"name":"wp","href":"https:\/\/api.w.org\/{rel}","templated":true}]}}