{"id":273,"date":"2024-05-03T22:47:17","date_gmt":"2024-05-03T20:47:17","guid":{"rendered":"https:\/\/www.petako.cz\/?page_id=273"},"modified":"2024-05-07T19:21:43","modified_gmt":"2024-05-07T17:21:43","slug":"kuchynska-linka-provedeni-dub-s-lesklou-bilou","status":"publish","type":"page","link":"https:\/\/www.petako.cz\/index.php\/kuchynska-linka-provedeni-dub-s-lesklou-bilou\/","title":{"rendered":"Kuchy\u0148sk\u00e1 linka proveden\u00ed dub s lesklou b\u00edlou"},"content":{"rendered":"\n<p>Kuchy\u0148sk\u00e1 linka s horn\u00edmi dv\u00ed\u0159ky v proveden\u00ed dub s kov\u00e1n\u00edm Hettich aventos a bez\u00fachytov\u00e9 otv\u00edr\u00e1n\u00ed pushup, spodn\u00ed \u010d\u00e1st linky MDF st\u0159\u00edkan\u00e1 leskl\u00e1 b\u00edl\u00e1 se zafr\u00e9zovan\u00fdmi \u00fachytkami, z\u00e1suvky Evobox plnov\u00fdsuv s dotahem. Osv\u011btlen\u00ed LED p\u00e1sek pod horn\u00edmi sk\u0159\u00ednkami a nad vestavnou sestavu spot\u0159ebi\u010d\u016f chladni\u010dky, mraz\u00e1ku a trouby je LED p\u00e1sek um\u00edst\u011bn nad sestavou.<\/p>\n\n\n\n<div style=\"height:20px\" aria-hidden=\"true\" class=\"wp-block-spacer\"><\/div>\n\n\n\n<figure class=\"wp-block-gallery has-nested-images columns-default is-cropped wp-block-gallery-1 is-layout-flex wp-block-gallery-is-layout-flex\">\n<figure class=\"wp-block-image size-large\"><a href=\"https:\/\/www.petako.cz\/wp-content\/uploads\/2024\/05\/032.jpg\" target=\"_blank\" rel=\"noopener\"><img loading=\"lazy\" decoding=\"async\" width=\"708\" height=\"1024\" data-id=\"276\" src=\"https:\/\/www.petako.cz\/wp-content\/uploads\/2024\/05\/032-708x1024.jpg\" alt=\"\" class=\"wp-image-276\" srcset=\"https:\/\/www.petako.cz\/wp-content\/uploads\/2024\/05\/032-708x1024.jpg 708w, https:\/\/www.petako.cz\/wp-content\/uploads\/2024\/05\/032-207x300.jpg 207w, https:\/\/www.petako.cz\/wp-content\/uploads\/2024\/05\/032-768x1111.jpg 768w, https:\/\/www.petako.cz\/wp-content\/uploads\/2024\/05\/032-1062x1536.jpg 1062w, https:\/\/www.petako.cz\/wp-content\/uploads\/2024\/05\/032.jpg 1235w\" sizes=\"auto, (max-width: 708px) 100vw, 708px\" \/><\/a><\/figure>\n\n\n\n<figure class=\"wp-block-image size-large\"><a href=\"https:\/\/www.petako.cz\/wp-content\/uploads\/2024\/05\/031.jpg\" target=\"_blank\" rel=\"noopener\"><img loading=\"lazy\" decoding=\"async\" width=\"663\" height=\"1024\" data-id=\"274\" src=\"https:\/\/www.petako.cz\/wp-content\/uploads\/2024\/05\/031-663x1024.jpg\" alt=\"\" class=\"wp-image-274\" srcset=\"https:\/\/www.petako.cz\/wp-content\/uploads\/2024\/05\/031-663x1024.jpg 663w, https:\/\/www.petako.cz\/wp-content\/uploads\/2024\/05\/031-194x300.jpg 194w, https:\/\/www.petako.cz\/wp-content\/uploads\/2024\/05\/031-768x1186.jpg 768w, https:\/\/www.petako.cz\/wp-content\/uploads\/2024\/05\/031-994x1536.jpg 994w, https:\/\/www.petako.cz\/wp-content\/uploads\/2024\/05\/031.jpg 1245w\" sizes=\"auto, (max-width: 663px) 100vw, 663px\" \/><\/a><\/figure>\n\n\n\n<figure class=\"wp-block-image size-large\"><a href=\"https:\/\/www.petako.cz\/wp-content\/uploads\/2024\/05\/030.jpg\" target=\"_blank\" rel=\"noopener\"><img loading=\"lazy\" decoding=\"async\" width=\"1024\" height=\"914\" data-id=\"275\" src=\"https:\/\/www.petako.cz\/wp-content\/uploads\/2024\/05\/030-1024x914.jpg\" alt=\"\" class=\"wp-image-275\" srcset=\"https:\/\/www.petako.cz\/wp-content\/uploads\/2024\/05\/030-1024x914.jpg 1024w, https:\/\/www.petako.cz\/wp-content\/uploads\/2024\/05\/030-300x268.jpg 300w, https:\/\/www.petako.cz\/wp-content\/uploads\/2024\/05\/030-768x685.jpg 768w, https:\/\/www.petako.cz\/wp-content\/uploads\/2024\/05\/030-1536x1371.jpg 1536w, https:\/\/www.petako.cz\/wp-content\/uploads\/2024\/05\/030.jpg 1711w\" sizes=\"auto, (max-width: 1024px) 100vw, 1024px\" \/><\/a><\/figure>\n<\/figure>\n\n\n\n<div style=\"height:30px\" aria-hidden=\"true\" class=\"wp-block-spacer\"><\/div>\n\n\n\n<p class=\"has-text-align-right\"><a href=\"https:\/\/www.petako.cz\/index.php\/kuchyne-kuchynske-linky-a-kouty-ultramoderni\/\">Zp\u011bt<\/a><\/p>\n","protected":false},"excerpt":{"rendered":"<p>Kuchy\u0148sk\u00e1 linka s horn\u00edmi dv\u00ed\u0159ky v proveden\u00ed dub s kov\u00e1n\u00edm Hettich aventos a bez\u00fachytov\u00e9 otv\u00edr\u00e1n\u00ed pushup, spodn\u00ed \u010d\u00e1st linky MDF st\u0159\u00edkan\u00e1 leskl\u00e1 b\u00edl\u00e1 se zafr\u00e9zovan\u00fdmi \u00fachytkami, z\u00e1suvky Evobox plnov\u00fdsuv s dotahem. Osv\u011btlen\u00ed LED p\u00e1sek pod horn\u00edmi sk\u0159\u00ednkami a nad vestavnou sestavu spot\u0159ebi\u010d\u016f chladni\u010dky, mraz\u00e1ku a trouby je LED p\u00e1sek um\u00edst\u011bn nad sestavou. Zp\u011bt<\/p>\n","protected":false},"author":1,"featured_media":0,"parent":0,"menu_order":0,"comment_status":"closed","ping_status":"closed","template":"","meta":{"footnotes":""},"class_list":["post-273","page","type-page","status-publish","hentry"],"_links":{"self":[{"href":"https:\/\/www.petako.cz\/index.php\/wp-json\/wp\/v2\/pages\/273","targetHints":{"allow":["GET"]}}],"collection":[{"href":"https:\/\/www.petako.cz\/index.php\/wp-json\/wp\/v2\/pages"}],"about":[{"href":"https:\/\/www.petako.cz\/index.php\/wp-json\/wp\/v2\/types\/page"}],"author":[{"embeddable":true,"href":"https:\/\/www.petako.cz\/index.php\/wp-json\/wp\/v2\/users\/1"}],"replies":[{"embeddable":true,"href":"https:\/\/www.petako.cz\/index.php\/wp-json\/wp\/v2\/comments?post=273"}],"version-history":[{"count":2,"href":"https:\/\/www.petako.cz\/index.php\/wp-json\/wp\/v2\/pages\/273\/revisions"}],"predecessor-version":[{"id":572,"href":"https:\/\/www.petako.cz\/index.php\/wp-json\/wp\/v2\/pages\/273\/revisions\/572"}],"wp:attachment":[{"href":"https:\/\/www.petako.cz\/index.php\/wp-json\/wp\/v2\/media?parent=273"}],"curies":[{"name":"wp","href":"https:\/\/api.w.org\/{rel}","templated":true}]}}