{"id":280,"date":"2024-05-03T23:09:33","date_gmt":"2024-05-03T21:09:33","guid":{"rendered":"https:\/\/www.petako.cz\/?page_id=280"},"modified":"2024-05-07T19:17:50","modified_gmt":"2024-05-07T17:17:50","slug":"kuchynska-linka-v-luxusnim-sedem-provedeni","status":"publish","type":"page","link":"https:\/\/www.petako.cz\/index.php\/kuchynska-linka-v-luxusnim-sedem-provedeni\/","title":{"rendered":"Kuchy\u0148sk\u00e1 linka v luxusn\u00edm \u0161ed\u00e9m proveden\u00ed"},"content":{"rendered":"\n<p>Kuchy\u0148sk\u00e1 linka v barevn\u00e9 kombinaci dub alto a \u0161ed\u00e1 lesk dle odst\u00ednu RAL.<br>Korpusy a z\u00e1dov\u00e1 deska DTD lamino dub alto s hranami ABS. Pracovn\u00ed deska posforming 38mm dub alto s granitov\u00fdm d\u0159ezem Alveus s odkapem. Dv\u00ed\u0159ka MDF \u0161ed\u00e9 leskl\u00e9 dle odst\u00ednu RAL s kov\u00e1n\u00edm Hettich a z\u00e1suvkami Evobox s dotahem a tich\u00fdm dojezdem.<\/p>\n\n\n\n<div style=\"height:20px\" aria-hidden=\"true\" class=\"wp-block-spacer\"><\/div>\n\n\n\n<figure class=\"wp-block-gallery has-nested-images columns-default is-cropped wp-block-gallery-1 is-layout-flex wp-block-gallery-is-layout-flex\">\n<figure class=\"wp-block-image size-large\"><a href=\"https:\/\/www.petako.cz\/wp-content\/uploads\/2024\/05\/050.jpg\" target=\"_blank\" rel=\"noopener\"><img loading=\"lazy\" decoding=\"async\" width=\"760\" height=\"1024\" data-id=\"281\" src=\"https:\/\/www.petako.cz\/wp-content\/uploads\/2024\/05\/050-760x1024.jpg\" alt=\"\" class=\"wp-image-281\" srcset=\"https:\/\/www.petako.cz\/wp-content\/uploads\/2024\/05\/050-760x1024.jpg 760w, https:\/\/www.petako.cz\/wp-content\/uploads\/2024\/05\/050-223x300.jpg 223w, https:\/\/www.petako.cz\/wp-content\/uploads\/2024\/05\/050-768x1035.jpg 768w, https:\/\/www.petako.cz\/wp-content\/uploads\/2024\/05\/050.jpg 1113w\" sizes=\"auto, (max-width: 760px) 100vw, 760px\" \/><\/a><\/figure>\n\n\n\n<figure class=\"wp-block-image size-large\"><a href=\"https:\/\/www.petako.cz\/wp-content\/uploads\/2024\/05\/053.jpg\" target=\"_blank\" rel=\"noopener\"><img loading=\"lazy\" decoding=\"async\" width=\"672\" height=\"1024\" data-id=\"282\" src=\"https:\/\/www.petako.cz\/wp-content\/uploads\/2024\/05\/053-672x1024.jpg\" alt=\"\" class=\"wp-image-282\" srcset=\"https:\/\/www.petako.cz\/wp-content\/uploads\/2024\/05\/053-672x1024.jpg 672w, https:\/\/www.petako.cz\/wp-content\/uploads\/2024\/05\/053-197x300.jpg 197w, https:\/\/www.petako.cz\/wp-content\/uploads\/2024\/05\/053-768x1170.jpg 768w, https:\/\/www.petako.cz\/wp-content\/uploads\/2024\/05\/053.jpg 985w\" sizes=\"auto, (max-width: 672px) 100vw, 672px\" \/><\/a><\/figure>\n<\/figure>\n\n\n\n<div style=\"height:30px\" aria-hidden=\"true\" class=\"wp-block-spacer\"><\/div>\n\n\n\n<p class=\"has-text-align-right\"><a href=\"https:\/\/www.petako.cz\/index.php\/kuchyne-kuchynske-linky-a-kouty-ultramoderni\/\">Zp\u011bt<\/a><\/p>\n","protected":false},"excerpt":{"rendered":"<p>Kuchy\u0148sk\u00e1 linka v barevn\u00e9 kombinaci dub alto a \u0161ed\u00e1 lesk dle odst\u00ednu RAL.Korpusy a z\u00e1dov\u00e1 deska DTD lamino dub alto s hranami ABS. Pracovn\u00ed deska posforming 38mm dub alto s granitov\u00fdm d\u0159ezem Alveus s odkapem. Dv\u00ed\u0159ka MDF \u0161ed\u00e9 leskl\u00e9 dle odst\u00ednu RAL s kov\u00e1n\u00edm Hettich a z\u00e1suvkami Evobox s dotahem a tich\u00fdm dojezdem. Zp\u011bt<\/p>\n","protected":false},"author":1,"featured_media":0,"parent":0,"menu_order":0,"comment_status":"closed","ping_status":"closed","template":"","meta":{"footnotes":""},"class_list":["post-280","page","type-page","status-publish","hentry"],"_links":{"self":[{"href":"https:\/\/www.petako.cz\/index.php\/wp-json\/wp\/v2\/pages\/280","targetHints":{"allow":["GET"]}}],"collection":[{"href":"https:\/\/www.petako.cz\/index.php\/wp-json\/wp\/v2\/pages"}],"about":[{"href":"https:\/\/www.petako.cz\/index.php\/wp-json\/wp\/v2\/types\/page"}],"author":[{"embeddable":true,"href":"https:\/\/www.petako.cz\/index.php\/wp-json\/wp\/v2\/users\/1"}],"replies":[{"embeddable":true,"href":"https:\/\/www.petako.cz\/index.php\/wp-json\/wp\/v2\/comments?post=280"}],"version-history":[{"count":2,"href":"https:\/\/www.petako.cz\/index.php\/wp-json\/wp\/v2\/pages\/280\/revisions"}],"predecessor-version":[{"id":570,"href":"https:\/\/www.petako.cz\/index.php\/wp-json\/wp\/v2\/pages\/280\/revisions\/570"}],"wp:attachment":[{"href":"https:\/\/www.petako.cz\/index.php\/wp-json\/wp\/v2\/media?parent=280"}],"curies":[{"name":"wp","href":"https:\/\/api.w.org\/{rel}","templated":true}]}}