{"id":286,"date":"2024-05-03T23:36:39","date_gmt":"2024-05-03T21:36:39","guid":{"rendered":"https:\/\/www.petako.cz\/?page_id=286"},"modified":"2024-05-08T10:21:45","modified_gmt":"2024-05-08T08:21:45","slug":"kuchynska-linka-masiv-dub-moreny","status":"publish","type":"page","link":"https:\/\/www.petako.cz\/index.php\/kuchynska-linka-masiv-dub-moreny\/","title":{"rendered":"Kuchy\u0148sk\u00e1 linka masiv dub mo\u0159en\u00fd"},"content":{"rendered":"\n<p>Kuchy\u0148sk\u00e1 linka s dv\u00ed\u0159ky z masivu tvaru diplomat barvy dub mo\u0159en\u00fd s korpusy z DTD lamina dub p\u0159\u00edrodn\u00ed. Pracovn\u00ed deska a z\u00e1dov\u00e1 deska posforming 38mm odst\u00edn b\u00edl\u00fd kamen.<br>Pou\u017eity panty s brzdou, z\u00e1suvky Evobox s dotahem, horn\u00ed kov\u00e1n\u00ed Hettich Aventos se sklem voda \u010dir\u00e1, pod horn\u00ed sk\u0159\u00ednky um\u00edst\u011bna li\u0161ta LED. Sou\u010d\u00e1st\u00ed kuchyn\u011b je i sestava vestavn\u00fdch spot\u0159ebi\u010d\u016f (chladni\u010dka, mraz\u00e1k, trouba, mikrovlnn\u00e1 trouba).<\/p>\n\n\n\n<div style=\"height:20px\" aria-hidden=\"true\" class=\"wp-block-spacer\"><\/div>\n\n\n\n<figure class=\"wp-block-gallery has-nested-images columns-2 is-cropped wp-block-gallery-1 is-layout-flex wp-block-gallery-is-layout-flex\">\n<figure class=\"wp-block-image size-large\"><a href=\"https:\/\/www.petako.cz\/wp-content\/uploads\/2024\/05\/059.jpg\" target=\"_blank\" rel=\"noopener\"><img loading=\"lazy\" decoding=\"async\" width=\"702\" height=\"1024\" data-id=\"290\" src=\"https:\/\/www.petako.cz\/wp-content\/uploads\/2024\/05\/059-702x1024.jpg\" alt=\"\" class=\"wp-image-290\" srcset=\"https:\/\/www.petako.cz\/wp-content\/uploads\/2024\/05\/059-702x1024.jpg 702w, https:\/\/www.petako.cz\/wp-content\/uploads\/2024\/05\/059-206x300.jpg 206w, https:\/\/www.petako.cz\/wp-content\/uploads\/2024\/05\/059-768x1121.jpg 768w, https:\/\/www.petako.cz\/wp-content\/uploads\/2024\/05\/059.jpg 1028w\" sizes=\"auto, (max-width: 702px) 100vw, 702px\" \/><\/a><\/figure>\n\n\n\n<figure class=\"wp-block-image size-large\"><a href=\"https:\/\/www.petako.cz\/wp-content\/uploads\/2024\/05\/055.jpg\" target=\"_blank\" rel=\"noopener\"><img loading=\"lazy\" decoding=\"async\" width=\"1024\" height=\"708\" data-id=\"288\" src=\"https:\/\/www.petako.cz\/wp-content\/uploads\/2024\/05\/055-1024x708.jpg\" alt=\"\" class=\"wp-image-288\" srcset=\"https:\/\/www.petako.cz\/wp-content\/uploads\/2024\/05\/055-1024x708.jpg 1024w, https:\/\/www.petako.cz\/wp-content\/uploads\/2024\/05\/055-300x207.jpg 300w, https:\/\/www.petako.cz\/wp-content\/uploads\/2024\/05\/055-768x531.jpg 768w, https:\/\/www.petako.cz\/wp-content\/uploads\/2024\/05\/055.jpg 1500w\" sizes=\"auto, (max-width: 1024px) 100vw, 1024px\" \/><\/a><\/figure>\n\n\n\n<figure class=\"wp-block-image size-large\"><a href=\"https:\/\/www.petako.cz\/wp-content\/uploads\/2024\/05\/056.jpg\" target=\"_blank\" rel=\"noopener\"><img loading=\"lazy\" decoding=\"async\" width=\"1024\" height=\"717\" data-id=\"289\" src=\"https:\/\/www.petako.cz\/wp-content\/uploads\/2024\/05\/056-1024x717.jpg\" alt=\"\" class=\"wp-image-289\" srcset=\"https:\/\/www.petako.cz\/wp-content\/uploads\/2024\/05\/056-1024x717.jpg 1024w, https:\/\/www.petako.cz\/wp-content\/uploads\/2024\/05\/056-300x210.jpg 300w, https:\/\/www.petako.cz\/wp-content\/uploads\/2024\/05\/056-768x538.jpg 768w, https:\/\/www.petako.cz\/wp-content\/uploads\/2024\/05\/056.jpg 1500w\" sizes=\"auto, (max-width: 1024px) 100vw, 1024px\" \/><\/a><\/figure>\n\n\n\n<figure class=\"wp-block-image size-large\"><a href=\"https:\/\/www.petako.cz\/wp-content\/uploads\/2024\/05\/058.jpg\" target=\"_blank\" rel=\"noopener\"><img loading=\"lazy\" decoding=\"async\" width=\"722\" height=\"1024\" data-id=\"287\" src=\"https:\/\/www.petako.cz\/wp-content\/uploads\/2024\/05\/058-722x1024.jpg\" alt=\"\" class=\"wp-image-287\" srcset=\"https:\/\/www.petako.cz\/wp-content\/uploads\/2024\/05\/058-722x1024.jpg 722w, https:\/\/www.petako.cz\/wp-content\/uploads\/2024\/05\/058-212x300.jpg 212w, https:\/\/www.petako.cz\/wp-content\/uploads\/2024\/05\/058-768x1089.jpg 768w, https:\/\/www.petako.cz\/wp-content\/uploads\/2024\/05\/058.jpg 1058w\" sizes=\"auto, (max-width: 722px) 100vw, 722px\" \/><\/a><\/figure>\n<\/figure>\n\n\n\n<p class=\"has-text-align-right\"><a href=\"https:\/\/www.petako.cz\/index.php\/kuchyne-kuchynske-linky-a-kouty-klasicke-masivni\/\">Zp\u011bt<\/a><\/p>\n","protected":false},"excerpt":{"rendered":"<p>Kuchy\u0148sk\u00e1 linka s dv\u00ed\u0159ky z masivu tvaru diplomat barvy dub mo\u0159en\u00fd s korpusy z DTD lamina dub p\u0159\u00edrodn\u00ed. Pracovn\u00ed deska a z\u00e1dov\u00e1 deska posforming 38mm odst\u00edn b\u00edl\u00fd kamen.Pou\u017eity panty s brzdou, z\u00e1suvky Evobox s dotahem, horn\u00ed kov\u00e1n\u00ed Hettich Aventos se sklem voda \u010dir\u00e1, pod horn\u00ed sk\u0159\u00ednky um\u00edst\u011bna li\u0161ta LED. Sou\u010d\u00e1st\u00ed kuchyn\u011b je i sestava vestavn\u00fdch &hellip;<br \/><a href=\"https:\/\/www.petako.cz\/index.php\/kuchynska-linka-masiv-dub-moreny\/\" class=\"more-link pen_button pen_element_default pen_icon_arrow_double\">Pokra\u010dovat ve\u00a0\u010dten\u00ed <span class=\"screen-reader-text\">Kuchy\u0148sk\u00e1 linka masiv dub mo\u0159en\u00fd<\/span><\/a><\/p>\n","protected":false},"author":1,"featured_media":0,"parent":0,"menu_order":0,"comment_status":"closed","ping_status":"closed","template":"","meta":{"footnotes":""},"class_list":["post-286","page","type-page","status-publish","hentry"],"_links":{"self":[{"href":"https:\/\/www.petako.cz\/index.php\/wp-json\/wp\/v2\/pages\/286","targetHints":{"allow":["GET"]}}],"collection":[{"href":"https:\/\/www.petako.cz\/index.php\/wp-json\/wp\/v2\/pages"}],"about":[{"href":"https:\/\/www.petako.cz\/index.php\/wp-json\/wp\/v2\/types\/page"}],"author":[{"embeddable":true,"href":"https:\/\/www.petako.cz\/index.php\/wp-json\/wp\/v2\/users\/1"}],"replies":[{"embeddable":true,"href":"https:\/\/www.petako.cz\/index.php\/wp-json\/wp\/v2\/comments?post=286"}],"version-history":[{"count":3,"href":"https:\/\/www.petako.cz\/index.php\/wp-json\/wp\/v2\/pages\/286\/revisions"}],"predecessor-version":[{"id":606,"href":"https:\/\/www.petako.cz\/index.php\/wp-json\/wp\/v2\/pages\/286\/revisions\/606"}],"wp:attachment":[{"href":"https:\/\/www.petako.cz\/index.php\/wp-json\/wp\/v2\/media?parent=286"}],"curies":[{"name":"wp","href":"https:\/\/api.w.org\/{rel}","templated":true}]}}