{"id":318,"date":"2024-05-06T08:51:00","date_gmt":"2024-05-06T06:51:00","guid":{"rendered":"https:\/\/www.petako.cz\/?page_id=318"},"modified":"2024-05-07T19:10:40","modified_gmt":"2024-05-07T17:10:40","slug":"stylova-kuchyne-s-masivnimi-dvirky-olse","status":"publish","type":"page","link":"https:\/\/www.petako.cz\/index.php\/stylova-kuchyne-s-masivnimi-dvirky-olse\/","title":{"rendered":"Stylov\u00e1 kuchyn\u011b s masivn\u00edmi dv\u00ed\u0159ky ol\u0161e"},"content":{"rendered":"\n<p>Stylov\u00e1 kuchyn\u011b s masivn\u00edmi dv\u00ed\u0159ky ol\u0161e mo\u0159en\u00e1 s ozdobn\u00fdmi li\u0161tami ve kter\u00fdch jsou um\u00edst\u011bny bodovky a led li\u0161ty pro osv\u011btlen\u00ed pracovn\u00ed desky. V\u00fdpln\u011b rohov\u00fdch dv\u00ed\u0159ek s d\u0159ev\u011bn\u00fdm v\u00fdpletem.<\/p>\n\n\n\n<div style=\"height:20px\" aria-hidden=\"true\" class=\"wp-block-spacer\"><\/div>\n\n\n\n<figure class=\"wp-block-gallery has-nested-images columns-default is-cropped wp-block-gallery-1 is-layout-flex wp-block-gallery-is-layout-flex\">\n<figure class=\"wp-block-image size-large\"><a href=\"https:\/\/www.petako.cz\/wp-content\/uploads\/2024\/05\/120.jpg\" target=\"_blank\" rel=\"noopener\"><img loading=\"lazy\" decoding=\"async\" width=\"1024\" height=\"681\" data-id=\"319\" src=\"https:\/\/www.petako.cz\/wp-content\/uploads\/2024\/05\/120-1024x681.jpg\" alt=\"\" class=\"wp-image-319\" srcset=\"https:\/\/www.petako.cz\/wp-content\/uploads\/2024\/05\/120-1024x681.jpg 1024w, https:\/\/www.petako.cz\/wp-content\/uploads\/2024\/05\/120-300x199.jpg 300w, https:\/\/www.petako.cz\/wp-content\/uploads\/2024\/05\/120-768x510.jpg 768w, https:\/\/www.petako.cz\/wp-content\/uploads\/2024\/05\/120.jpg 1500w\" sizes=\"auto, (max-width: 1024px) 100vw, 1024px\" \/><\/a><\/figure>\n\n\n\n<figure class=\"wp-block-image size-large\"><a href=\"https:\/\/www.petako.cz\/wp-content\/uploads\/2024\/05\/258.jpg\" target=\"_blank\" rel=\"noopener\"><img loading=\"lazy\" decoding=\"async\" width=\"1024\" height=\"681\" data-id=\"320\" src=\"https:\/\/www.petako.cz\/wp-content\/uploads\/2024\/05\/258-1024x681.jpg\" alt=\"\" class=\"wp-image-320\" srcset=\"https:\/\/www.petako.cz\/wp-content\/uploads\/2024\/05\/258-1024x681.jpg 1024w, https:\/\/www.petako.cz\/wp-content\/uploads\/2024\/05\/258-300x199.jpg 300w, https:\/\/www.petako.cz\/wp-content\/uploads\/2024\/05\/258-768x510.jpg 768w, https:\/\/www.petako.cz\/wp-content\/uploads\/2024\/05\/258.jpg 1500w\" sizes=\"auto, (max-width: 1024px) 100vw, 1024px\" \/><\/a><\/figure>\n<\/figure>\n\n\n\n<p class=\"has-text-align-right\"><a href=\"https:\/\/www.petako.cz\/index.php\/kuchyne-kuchynske-linky-a-kouty-klasicke-masivni\/\">Zp\u011bt<\/a><\/p>\n","protected":false},"excerpt":{"rendered":"<p>Stylov\u00e1 kuchyn\u011b s masivn\u00edmi dv\u00ed\u0159ky ol\u0161e mo\u0159en\u00e1 s ozdobn\u00fdmi li\u0161tami ve kter\u00fdch jsou um\u00edst\u011bny bodovky a led li\u0161ty pro osv\u011btlen\u00ed pracovn\u00ed desky. V\u00fdpln\u011b rohov\u00fdch dv\u00ed\u0159ek s d\u0159ev\u011bn\u00fdm v\u00fdpletem. Zp\u011bt<\/p>\n","protected":false},"author":1,"featured_media":0,"parent":0,"menu_order":0,"comment_status":"closed","ping_status":"closed","template":"","meta":{"footnotes":""},"class_list":["post-318","page","type-page","status-publish","hentry"],"_links":{"self":[{"href":"https:\/\/www.petako.cz\/index.php\/wp-json\/wp\/v2\/pages\/318","targetHints":{"allow":["GET"]}}],"collection":[{"href":"https:\/\/www.petako.cz\/index.php\/wp-json\/wp\/v2\/pages"}],"about":[{"href":"https:\/\/www.petako.cz\/index.php\/wp-json\/wp\/v2\/types\/page"}],"author":[{"embeddable":true,"href":"https:\/\/www.petako.cz\/index.php\/wp-json\/wp\/v2\/users\/1"}],"replies":[{"embeddable":true,"href":"https:\/\/www.petako.cz\/index.php\/wp-json\/wp\/v2\/comments?post=318"}],"version-history":[{"count":2,"href":"https:\/\/www.petako.cz\/index.php\/wp-json\/wp\/v2\/pages\/318\/revisions"}],"predecessor-version":[{"id":563,"href":"https:\/\/www.petako.cz\/index.php\/wp-json\/wp\/v2\/pages\/318\/revisions\/563"}],"wp:attachment":[{"href":"https:\/\/www.petako.cz\/index.php\/wp-json\/wp\/v2\/media?parent=318"}],"curies":[{"name":"wp","href":"https:\/\/api.w.org\/{rel}","templated":true}]}}