{"id":353,"date":"2024-05-06T14:56:57","date_gmt":"2024-05-06T12:56:57","guid":{"rendered":"https:\/\/www.petako.cz\/?page_id=353"},"modified":"2024-05-07T19:25:20","modified_gmt":"2024-05-07T17:25:20","slug":"kuchyn-v-provedeni-mdf-strikana-matna-oranzova","status":"publish","type":"page","link":"https:\/\/www.petako.cz\/index.php\/kuchyn-v-provedeni-mdf-strikana-matna-oranzova\/","title":{"rendered":"Kuchy\u0148 v proveden\u00ed MDF st\u0159\u00edkan\u00e1 matn\u00e1 oran\u017eov\u00e1"},"content":{"rendered":"\n<p>Kuchy\u0148 v proveden\u00ed MDF st\u0159\u00edkan\u00e1 matn\u00e1 oran\u017eov\u00e1 v kombinaci DTD lamino dub s \u010dern\u00fdmi zapu\u0161t\u011bn\u00fdmi \u00fachytkami, \u010dern\u00fdm plastov\u00fdm soklem a granitov\u00fd d\u0159ez SINKS v barv\u011b \u010dern\u00e1.<\/p>\n\n\n\n<div style=\"height:20px\" aria-hidden=\"true\" class=\"wp-block-spacer\"><\/div>\n\n\n\n<figure class=\"wp-block-gallery has-nested-images columns-default is-cropped wp-block-gallery-1 is-layout-flex wp-block-gallery-is-layout-flex\">\n<figure class=\"wp-block-image size-large\"><a href=\"https:\/\/www.petako.cz\/wp-content\/uploads\/2024\/05\/370.jpg\" target=\"_blank\" rel=\"noopener\"><img loading=\"lazy\" decoding=\"async\" width=\"906\" height=\"1024\" data-id=\"354\" src=\"https:\/\/www.petako.cz\/wp-content\/uploads\/2024\/05\/370-906x1024.jpg\" alt=\"\" class=\"wp-image-354\" srcset=\"https:\/\/www.petako.cz\/wp-content\/uploads\/2024\/05\/370-906x1024.jpg 906w, https:\/\/www.petako.cz\/wp-content\/uploads\/2024\/05\/370-265x300.jpg 265w, https:\/\/www.petako.cz\/wp-content\/uploads\/2024\/05\/370-768x868.jpg 768w, https:\/\/www.petako.cz\/wp-content\/uploads\/2024\/05\/370.jpg 1231w\" sizes=\"auto, (max-width: 906px) 100vw, 906px\" \/><\/a><\/figure>\n\n\n\n<figure class=\"wp-block-image size-large\"><a href=\"https:\/\/www.petako.cz\/wp-content\/uploads\/2024\/05\/374.jpg\" target=\"_blank\" rel=\"noopener\"><img loading=\"lazy\" decoding=\"async\" width=\"721\" height=\"1024\" data-id=\"355\" src=\"https:\/\/www.petako.cz\/wp-content\/uploads\/2024\/05\/374-721x1024.jpg\" alt=\"\" class=\"wp-image-355\" srcset=\"https:\/\/www.petako.cz\/wp-content\/uploads\/2024\/05\/374-721x1024.jpg 721w, https:\/\/www.petako.cz\/wp-content\/uploads\/2024\/05\/374-211x300.jpg 211w, https:\/\/www.petako.cz\/wp-content\/uploads\/2024\/05\/374-768x1090.jpg 768w, https:\/\/www.petako.cz\/wp-content\/uploads\/2024\/05\/374-1082x1536.jpg 1082w, https:\/\/www.petako.cz\/wp-content\/uploads\/2024\/05\/374.jpg 1259w\" sizes=\"auto, (max-width: 721px) 100vw, 721px\" \/><\/a><\/figure>\n<\/figure>\n\n\n\n<div style=\"height:30px\" aria-hidden=\"true\" class=\"wp-block-spacer\"><\/div>\n\n\n\n<p class=\"has-text-align-right\"><a href=\"https:\/\/www.petako.cz\/index.php\/kuchyne-kuchynske-linky-a-kouty-ultramoderni\/\">Zp\u011bt<\/a><\/p>\n","protected":false},"excerpt":{"rendered":"<p>Kuchy\u0148 v proveden\u00ed MDF st\u0159\u00edkan\u00e1 matn\u00e1 oran\u017eov\u00e1 v kombinaci DTD lamino dub s \u010dern\u00fdmi zapu\u0161t\u011bn\u00fdmi \u00fachytkami, \u010dern\u00fdm plastov\u00fdm soklem a granitov\u00fd d\u0159ez SINKS v barv\u011b \u010dern\u00e1. Zp\u011bt<\/p>\n","protected":false},"author":1,"featured_media":0,"parent":0,"menu_order":0,"comment_status":"closed","ping_status":"closed","template":"","meta":{"footnotes":""},"class_list":["post-353","page","type-page","status-publish","hentry"],"_links":{"self":[{"href":"https:\/\/www.petako.cz\/index.php\/wp-json\/wp\/v2\/pages\/353","targetHints":{"allow":["GET"]}}],"collection":[{"href":"https:\/\/www.petako.cz\/index.php\/wp-json\/wp\/v2\/pages"}],"about":[{"href":"https:\/\/www.petako.cz\/index.php\/wp-json\/wp\/v2\/types\/page"}],"author":[{"embeddable":true,"href":"https:\/\/www.petako.cz\/index.php\/wp-json\/wp\/v2\/users\/1"}],"replies":[{"embeddable":true,"href":"https:\/\/www.petako.cz\/index.php\/wp-json\/wp\/v2\/comments?post=353"}],"version-history":[{"count":2,"href":"https:\/\/www.petako.cz\/index.php\/wp-json\/wp\/v2\/pages\/353\/revisions"}],"predecessor-version":[{"id":575,"href":"https:\/\/www.petako.cz\/index.php\/wp-json\/wp\/v2\/pages\/353\/revisions\/575"}],"wp:attachment":[{"href":"https:\/\/www.petako.cz\/index.php\/wp-json\/wp\/v2\/media?parent=353"}],"curies":[{"name":"wp","href":"https:\/\/api.w.org\/{rel}","templated":true}]}}