{"id":363,"date":"2024-05-06T15:28:41","date_gmt":"2024-05-06T13:28:41","guid":{"rendered":"https:\/\/www.petako.cz\/?page_id=363"},"modified":"2024-05-07T19:27:53","modified_gmt":"2024-05-07T17:27:53","slug":"kuchyn-kombinace-dtd-lamino-dub-a-macchiato","status":"publish","type":"page","link":"https:\/\/www.petako.cz\/index.php\/kuchyn-kombinace-dtd-lamino-dub-a-macchiato\/","title":{"rendered":"Kuchy\u0148 kombinace DTD lamino dub a macchiato"},"content":{"rendered":"\n<p>Kuchy\u0148 kombinace DTD lamino dub a matn\u00e9 MDF st\u0159\u00edkan\u00e9 macchiato horn\u00ed dv\u00ed\u0159ka s \u010dern\u00fdmi \u00fachytkami, v\u0161e ohrani\u010deno \u0159\u00edmsou z DTD dub zes\u00edlen\u00fd, LED osv\u011btlen\u00ed, otv\u00edr\u00e1n\u00ed aventos Hettich a skryt\u00e1 digesto\u0159.<\/p>\n\n\n\n<div style=\"height:20px\" aria-hidden=\"true\" class=\"wp-block-spacer\"><\/div>\n\n\n\n<figure class=\"wp-block-gallery has-nested-images columns-default is-cropped wp-block-gallery-1 is-layout-flex wp-block-gallery-is-layout-flex\">\n<figure class=\"wp-block-image size-large\"><a href=\"https:\/\/www.petako.cz\/wp-content\/uploads\/2024\/05\/391.jpg\" target=\"_blank\" rel=\"noopener\"><img loading=\"lazy\" decoding=\"async\" width=\"768\" height=\"1024\" data-id=\"365\" src=\"https:\/\/www.petako.cz\/wp-content\/uploads\/2024\/05\/391-768x1024.jpg\" alt=\"\" class=\"wp-image-365\" srcset=\"https:\/\/www.petako.cz\/wp-content\/uploads\/2024\/05\/391-768x1024.jpg 768w, https:\/\/www.petako.cz\/wp-content\/uploads\/2024\/05\/391-225x300.jpg 225w, https:\/\/www.petako.cz\/wp-content\/uploads\/2024\/05\/391.jpg 1125w\" sizes=\"auto, (max-width: 768px) 100vw, 768px\" \/><\/a><\/figure>\n\n\n\n<figure class=\"wp-block-image size-large\"><a href=\"https:\/\/www.petako.cz\/wp-content\/uploads\/2024\/05\/394.jpg\" target=\"_blank\" rel=\"noopener\"><img loading=\"lazy\" decoding=\"async\" width=\"1024\" height=\"1022\" data-id=\"366\" src=\"https:\/\/www.petako.cz\/wp-content\/uploads\/2024\/05\/394-1024x1022.jpg\" alt=\"\" class=\"wp-image-366\" srcset=\"https:\/\/www.petako.cz\/wp-content\/uploads\/2024\/05\/394-1024x1022.jpg 1024w, https:\/\/www.petako.cz\/wp-content\/uploads\/2024\/05\/394-300x300.jpg 300w, https:\/\/www.petako.cz\/wp-content\/uploads\/2024\/05\/394-150x150.jpg 150w, https:\/\/www.petako.cz\/wp-content\/uploads\/2024\/05\/394-768x767.jpg 768w, https:\/\/www.petako.cz\/wp-content\/uploads\/2024\/05\/394-225x225.jpg 225w, https:\/\/www.petako.cz\/wp-content\/uploads\/2024\/05\/394.jpg 1215w\" sizes=\"auto, (max-width: 1024px) 100vw, 1024px\" \/><\/a><\/figure>\n\n\n\n<figure class=\"wp-block-image size-large\"><a href=\"https:\/\/www.petako.cz\/wp-content\/uploads\/2024\/05\/390.jpg\" target=\"_blank\" rel=\"noopener\"><img loading=\"lazy\" decoding=\"async\" width=\"653\" height=\"1024\" data-id=\"364\" src=\"https:\/\/www.petako.cz\/wp-content\/uploads\/2024\/05\/390-653x1024.jpg\" alt=\"\" class=\"wp-image-364\" srcset=\"https:\/\/www.petako.cz\/wp-content\/uploads\/2024\/05\/390-653x1024.jpg 653w, https:\/\/www.petako.cz\/wp-content\/uploads\/2024\/05\/390-191x300.jpg 191w, https:\/\/www.petako.cz\/wp-content\/uploads\/2024\/05\/390-768x1204.jpg 768w, https:\/\/www.petako.cz\/wp-content\/uploads\/2024\/05\/390.jpg 957w\" sizes=\"auto, (max-width: 653px) 100vw, 653px\" \/><\/a><\/figure>\n<\/figure>\n\n\n\n<div style=\"height:30px\" aria-hidden=\"true\" class=\"wp-block-spacer\"><\/div>\n\n\n\n<p class=\"has-text-align-right\"><a href=\"https:\/\/www.petako.cz\/index.php\/kuchyne-kuchynske-linky-a-kouty-ultramoderni\/\">Zp\u011bt<\/a><\/p>\n","protected":false},"excerpt":{"rendered":"<p>Kuchy\u0148 kombinace DTD lamino dub a matn\u00e9 MDF st\u0159\u00edkan\u00e9 macchiato horn\u00ed dv\u00ed\u0159ka s \u010dern\u00fdmi \u00fachytkami, v\u0161e ohrani\u010deno \u0159\u00edmsou z DTD dub zes\u00edlen\u00fd, LED osv\u011btlen\u00ed, otv\u00edr\u00e1n\u00ed aventos Hettich a skryt\u00e1 digesto\u0159. Zp\u011bt<\/p>\n","protected":false},"author":1,"featured_media":0,"parent":0,"menu_order":0,"comment_status":"closed","ping_status":"closed","template":"","meta":{"footnotes":""},"class_list":["post-363","page","type-page","status-publish","hentry"],"_links":{"self":[{"href":"https:\/\/www.petako.cz\/index.php\/wp-json\/wp\/v2\/pages\/363","targetHints":{"allow":["GET"]}}],"collection":[{"href":"https:\/\/www.petako.cz\/index.php\/wp-json\/wp\/v2\/pages"}],"about":[{"href":"https:\/\/www.petako.cz\/index.php\/wp-json\/wp\/v2\/types\/page"}],"author":[{"embeddable":true,"href":"https:\/\/www.petako.cz\/index.php\/wp-json\/wp\/v2\/users\/1"}],"replies":[{"embeddable":true,"href":"https:\/\/www.petako.cz\/index.php\/wp-json\/wp\/v2\/comments?post=363"}],"version-history":[{"count":2,"href":"https:\/\/www.petako.cz\/index.php\/wp-json\/wp\/v2\/pages\/363\/revisions"}],"predecessor-version":[{"id":577,"href":"https:\/\/www.petako.cz\/index.php\/wp-json\/wp\/v2\/pages\/363\/revisions\/577"}],"wp:attachment":[{"href":"https:\/\/www.petako.cz\/index.php\/wp-json\/wp\/v2\/media?parent=363"}],"curies":[{"name":"wp","href":"https:\/\/api.w.org\/{rel}","templated":true}]}}