{"id":384,"date":"2024-05-06T16:08:38","date_gmt":"2024-05-06T14:08:38","guid":{"rendered":"https:\/\/www.petako.cz\/?page_id=384"},"modified":"2024-05-07T19:36:01","modified_gmt":"2024-05-07T17:36:01","slug":"kuchyn-kombinace-orech-a-matna-bezova","status":"publish","type":"page","link":"https:\/\/www.petako.cz\/index.php\/kuchyn-kombinace-orech-a-matna-bezova\/","title":{"rendered":"Kuchy\u0148 kombinace o\u0159ech a matn\u00e1 b\u00e9\u017eov\u00e1"},"content":{"rendered":"\n<p>Kuchy\u0148 MDF st\u0159\u00edkan\u00e1 matn\u00e1 b\u00e9\u017eov\u00e1 s prostorem na v\u00edno ve spodn\u00ed sk\u0159\u00ednce, v pracovn\u00edm pultu v\u00fdsuvn\u00e1 elektrick\u00e1 z\u00e1suvka. Horn\u00ed dv\u00ed\u0159ka DTD lamino o\u0159ech s hranou ABS, otv\u00edr\u00e1n\u00ed Hettich aventos, LED osv\u011btlen\u00ed.<\/p>\n\n\n\n<div style=\"height:20px\" aria-hidden=\"true\" class=\"wp-block-spacer\"><\/div>\n\n\n\n<figure class=\"wp-block-gallery has-nested-images columns-default is-cropped wp-block-gallery-1 is-layout-flex wp-block-gallery-is-layout-flex\">\n<figure class=\"wp-block-image size-large\"><a href=\"https:\/\/www.petako.cz\/wp-content\/uploads\/2024\/05\/205.jpg\" target=\"_blank\" rel=\"noopener\"><img loading=\"lazy\" decoding=\"async\" width=\"1024\" height=\"748\" data-id=\"386\" src=\"https:\/\/www.petako.cz\/wp-content\/uploads\/2024\/05\/205-1024x748.jpg\" alt=\"\" class=\"wp-image-386\" srcset=\"https:\/\/www.petako.cz\/wp-content\/uploads\/2024\/05\/205-1024x748.jpg 1024w, https:\/\/www.petako.cz\/wp-content\/uploads\/2024\/05\/205-300x219.jpg 300w, https:\/\/www.petako.cz\/wp-content\/uploads\/2024\/05\/205-768x561.jpg 768w, https:\/\/www.petako.cz\/wp-content\/uploads\/2024\/05\/205.jpg 1500w\" sizes=\"auto, (max-width: 1024px) 100vw, 1024px\" \/><\/a><\/figure>\n\n\n\n<figure class=\"wp-block-image size-large\"><a href=\"https:\/\/www.petako.cz\/wp-content\/uploads\/2024\/05\/206.jpg\" target=\"_blank\" rel=\"noopener\"><img loading=\"lazy\" decoding=\"async\" width=\"1024\" height=\"739\" data-id=\"385\" src=\"https:\/\/www.petako.cz\/wp-content\/uploads\/2024\/05\/206-1024x739.jpg\" alt=\"\" class=\"wp-image-385\" srcset=\"https:\/\/www.petako.cz\/wp-content\/uploads\/2024\/05\/206-1024x739.jpg 1024w, https:\/\/www.petako.cz\/wp-content\/uploads\/2024\/05\/206-300x216.jpg 300w, https:\/\/www.petako.cz\/wp-content\/uploads\/2024\/05\/206-768x554.jpg 768w, https:\/\/www.petako.cz\/wp-content\/uploads\/2024\/05\/206.jpg 1500w\" sizes=\"auto, (max-width: 1024px) 100vw, 1024px\" \/><\/a><\/figure>\n<\/figure>\n\n\n\n<div style=\"height:30px\" aria-hidden=\"true\" class=\"wp-block-spacer\"><\/div>\n\n\n\n<p class=\"has-text-align-right\"><a href=\"https:\/\/www.petako.cz\/index.php\/kuchyne-kuchynske-linky-a-kouty-stylove\/\">Zp\u011bt<\/a><\/p>\n","protected":false},"excerpt":{"rendered":"<p>Kuchy\u0148 MDF st\u0159\u00edkan\u00e1 matn\u00e1 b\u00e9\u017eov\u00e1 s prostorem na v\u00edno ve spodn\u00ed sk\u0159\u00ednce, v pracovn\u00edm pultu v\u00fdsuvn\u00e1 elektrick\u00e1 z\u00e1suvka. Horn\u00ed dv\u00ed\u0159ka DTD lamino o\u0159ech s hranou ABS, otv\u00edr\u00e1n\u00ed Hettich aventos, LED osv\u011btlen\u00ed. Zp\u011bt<\/p>\n","protected":false},"author":1,"featured_media":0,"parent":0,"menu_order":0,"comment_status":"closed","ping_status":"closed","template":"","meta":{"footnotes":""},"class_list":["post-384","page","type-page","status-publish","hentry"],"_links":{"self":[{"href":"https:\/\/www.petako.cz\/index.php\/wp-json\/wp\/v2\/pages\/384","targetHints":{"allow":["GET"]}}],"collection":[{"href":"https:\/\/www.petako.cz\/index.php\/wp-json\/wp\/v2\/pages"}],"about":[{"href":"https:\/\/www.petako.cz\/index.php\/wp-json\/wp\/v2\/types\/page"}],"author":[{"embeddable":true,"href":"https:\/\/www.petako.cz\/index.php\/wp-json\/wp\/v2\/users\/1"}],"replies":[{"embeddable":true,"href":"https:\/\/www.petako.cz\/index.php\/wp-json\/wp\/v2\/comments?post=384"}],"version-history":[{"count":2,"href":"https:\/\/www.petako.cz\/index.php\/wp-json\/wp\/v2\/pages\/384\/revisions"}],"predecessor-version":[{"id":582,"href":"https:\/\/www.petako.cz\/index.php\/wp-json\/wp\/v2\/pages\/384\/revisions\/582"}],"wp:attachment":[{"href":"https:\/\/www.petako.cz\/index.php\/wp-json\/wp\/v2\/media?parent=384"}],"curies":[{"name":"wp","href":"https:\/\/api.w.org\/{rel}","templated":true}]}}