{"id":420,"date":"2024-05-06T21:24:14","date_gmt":"2024-05-06T19:24:14","guid":{"rendered":"https:\/\/www.petako.cz\/?page_id=420"},"modified":"2024-05-07T19:38:32","modified_gmt":"2024-05-07T17:38:32","slug":"kuchynska-linka-provedeni-dub-s-lesklou-bilou-2","status":"publish","type":"page","link":"https:\/\/www.petako.cz\/index.php\/kuchynska-linka-provedeni-dub-s-lesklou-bilou-2\/","title":{"rendered":"Kuchy\u0148sk\u00e1 linka proveden\u00ed dub s lesklou b\u00edlou"},"content":{"rendered":"\n<p>Kuchy\u0148sk\u00e1 linka proveden\u00ed dub s lesklou b\u00edlou kombinace MDF a DTD lamino Krono dub s hranami ABS, nerezov\u00e9 \u00fachyty, otv\u00edr\u00e1n\u00ed horn\u00edch sk\u0159\u00edn\u011bk Hettich aventos, LED p\u00e1sky pod sk\u0159\u00ednkami, v pracovn\u00ed desce zapu\u0161t\u011bn\u00e1 elelktrick\u00e1 z\u00e1suvka, z\u00e1dovou desku tvo\u0159\u00ed grafosklo.<\/p>\n\n\n\n<div style=\"height:20px\" aria-hidden=\"true\" class=\"wp-block-spacer\"><\/div>\n\n\n\n<figure class=\"wp-block-gallery has-nested-images columns-default is-cropped wp-block-gallery-1 is-layout-flex wp-block-gallery-is-layout-flex\">\n<figure class=\"wp-block-image size-large\"><a href=\"https:\/\/www.petako.cz\/wp-content\/uploads\/2024\/05\/185.jpg\" target=\"_blank\" rel=\"noopener\"><img loading=\"lazy\" decoding=\"async\" width=\"1024\" height=\"681\" data-id=\"422\" src=\"https:\/\/www.petako.cz\/wp-content\/uploads\/2024\/05\/185-1024x681.jpg\" alt=\"\" class=\"wp-image-422\" srcset=\"https:\/\/www.petako.cz\/wp-content\/uploads\/2024\/05\/185-1024x681.jpg 1024w, https:\/\/www.petako.cz\/wp-content\/uploads\/2024\/05\/185-300x199.jpg 300w, https:\/\/www.petako.cz\/wp-content\/uploads\/2024\/05\/185-768x510.jpg 768w, https:\/\/www.petako.cz\/wp-content\/uploads\/2024\/05\/185.jpg 1500w\" sizes=\"auto, (max-width: 1024px) 100vw, 1024px\" \/><\/a><\/figure>\n\n\n\n<figure class=\"wp-block-image size-large\"><a href=\"https:\/\/www.petako.cz\/wp-content\/uploads\/2024\/05\/184.jpg\" target=\"_blank\" rel=\"noopener\"><img loading=\"lazy\" decoding=\"async\" width=\"1024\" height=\"681\" data-id=\"421\" src=\"https:\/\/www.petako.cz\/wp-content\/uploads\/2024\/05\/184-1024x681.jpg\" alt=\"\" class=\"wp-image-421\" srcset=\"https:\/\/www.petako.cz\/wp-content\/uploads\/2024\/05\/184-1024x681.jpg 1024w, https:\/\/www.petako.cz\/wp-content\/uploads\/2024\/05\/184-300x199.jpg 300w, https:\/\/www.petako.cz\/wp-content\/uploads\/2024\/05\/184-768x510.jpg 768w, https:\/\/www.petako.cz\/wp-content\/uploads\/2024\/05\/184.jpg 1500w\" sizes=\"auto, (max-width: 1024px) 100vw, 1024px\" \/><\/a><\/figure>\n<\/figure>\n\n\n\n<div style=\"height:30px\" aria-hidden=\"true\" class=\"wp-block-spacer\"><\/div>\n\n\n\n<p class=\"has-text-align-right\"><a href=\"https:\/\/www.petako.cz\/index.php\/kuchyne-kuchynske-linky-a-kouty-stylove\/\">Zp\u011bt<\/a><\/p>\n","protected":false},"excerpt":{"rendered":"<p>Kuchy\u0148sk\u00e1 linka proveden\u00ed dub s lesklou b\u00edlou kombinace MDF a DTD lamino Krono dub s hranami ABS, nerezov\u00e9 \u00fachyty, otv\u00edr\u00e1n\u00ed horn\u00edch sk\u0159\u00edn\u011bk Hettich aventos, LED p\u00e1sky pod sk\u0159\u00ednkami, v pracovn\u00ed desce zapu\u0161t\u011bn\u00e1 elelktrick\u00e1 z\u00e1suvka, z\u00e1dovou desku tvo\u0159\u00ed grafosklo. Zp\u011bt<\/p>\n","protected":false},"author":1,"featured_media":0,"parent":0,"menu_order":0,"comment_status":"closed","ping_status":"closed","template":"","meta":{"footnotes":""},"class_list":["post-420","page","type-page","status-publish","hentry"],"_links":{"self":[{"href":"https:\/\/www.petako.cz\/index.php\/wp-json\/wp\/v2\/pages\/420","targetHints":{"allow":["GET"]}}],"collection":[{"href":"https:\/\/www.petako.cz\/index.php\/wp-json\/wp\/v2\/pages"}],"about":[{"href":"https:\/\/www.petako.cz\/index.php\/wp-json\/wp\/v2\/types\/page"}],"author":[{"embeddable":true,"href":"https:\/\/www.petako.cz\/index.php\/wp-json\/wp\/v2\/users\/1"}],"replies":[{"embeddable":true,"href":"https:\/\/www.petako.cz\/index.php\/wp-json\/wp\/v2\/comments?post=420"}],"version-history":[{"count":2,"href":"https:\/\/www.petako.cz\/index.php\/wp-json\/wp\/v2\/pages\/420\/revisions"}],"predecessor-version":[{"id":584,"href":"https:\/\/www.petako.cz\/index.php\/wp-json\/wp\/v2\/pages\/420\/revisions\/584"}],"wp:attachment":[{"href":"https:\/\/www.petako.cz\/index.php\/wp-json\/wp\/v2\/media?parent=420"}],"curies":[{"name":"wp","href":"https:\/\/api.w.org\/{rel}","templated":true}]}}