{"id":427,"date":"2024-05-06T21:40:15","date_gmt":"2024-05-06T19:40:15","guid":{"rendered":"https:\/\/www.petako.cz\/?page_id=427"},"modified":"2024-05-07T19:33:05","modified_gmt":"2024-05-07T17:33:05","slug":"kuchynska-linka-bezova-s-egger-dub","status":"publish","type":"page","link":"https:\/\/www.petako.cz\/index.php\/kuchynska-linka-bezova-s-egger-dub\/","title":{"rendered":"Kuchy\u0148sk\u00e1 linka b\u00e9\u017eov\u00e1 s Egger dub"},"content":{"rendered":"\n<p>Kuchy\u0148sk\u00e1 linka materi\u00e1l kombinace MDF st\u0159\u00edkan\u00e1 b\u00e9\u017eov\u00e1 a lamino DTD Egger dub, horn\u00ed sk\u0159\u00ednky a\u017e do stropu, hrany ABS s fr\u00e9zovan\u00fdmi \u00fachytkami a otv\u00edr\u00e1n\u00edm pushup, granitov\u00fd d\u0159ez Blanco v proveden\u00ed barva \u010dern\u00e1, LED osv\u011btlen\u00ed.<\/p>\n\n\n\n<div style=\"height:20px\" aria-hidden=\"true\" class=\"wp-block-spacer\"><\/div>\n\n\n\n<figure class=\"wp-block-gallery has-nested-images columns-default is-cropped wp-block-gallery-1 is-layout-flex wp-block-gallery-is-layout-flex\">\n<figure class=\"wp-block-image size-large\"><a href=\"https:\/\/www.petako.cz\/wp-content\/uploads\/2024\/05\/369.jpg\" target=\"_blank\" rel=\"noopener\"><img loading=\"lazy\" decoding=\"async\" width=\"888\" height=\"1024\" data-id=\"429\" src=\"https:\/\/www.petako.cz\/wp-content\/uploads\/2024\/05\/369-888x1024.jpg\" alt=\"\" class=\"wp-image-429\" srcset=\"https:\/\/www.petako.cz\/wp-content\/uploads\/2024\/05\/369-888x1024.jpg 888w, https:\/\/www.petako.cz\/wp-content\/uploads\/2024\/05\/369-260x300.jpg 260w, https:\/\/www.petako.cz\/wp-content\/uploads\/2024\/05\/369-768x885.jpg 768w, https:\/\/www.petako.cz\/wp-content\/uploads\/2024\/05\/369.jpg 1301w\" sizes=\"auto, (max-width: 888px) 100vw, 888px\" \/><\/a><\/figure>\n\n\n\n<figure class=\"wp-block-image size-large\"><a href=\"https:\/\/www.petako.cz\/wp-content\/uploads\/2024\/05\/365.jpg\" target=\"_blank\" rel=\"noopener\"><img loading=\"lazy\" decoding=\"async\" width=\"940\" height=\"1024\" data-id=\"428\" src=\"https:\/\/www.petako.cz\/wp-content\/uploads\/2024\/05\/365-940x1024.jpg\" alt=\"\" class=\"wp-image-428\" srcset=\"https:\/\/www.petako.cz\/wp-content\/uploads\/2024\/05\/365-940x1024.jpg 940w, https:\/\/www.petako.cz\/wp-content\/uploads\/2024\/05\/365-275x300.jpg 275w, https:\/\/www.petako.cz\/wp-content\/uploads\/2024\/05\/365-768x836.jpg 768w, https:\/\/www.petako.cz\/wp-content\/uploads\/2024\/05\/365.jpg 1315w\" sizes=\"auto, (max-width: 940px) 100vw, 940px\" \/><\/a><\/figure>\n<\/figure>\n\n\n\n<div style=\"height:30px\" aria-hidden=\"true\" class=\"wp-block-spacer\"><\/div>\n\n\n\n<p class=\"has-text-align-right\"><a href=\"https:\/\/www.petako.cz\/index.php\/kuchyne-kuchynske-linky-a-kouty-ultramoderni\/\">Zp\u011bt<\/a><\/p>\n","protected":false},"excerpt":{"rendered":"<p>Kuchy\u0148sk\u00e1 linka materi\u00e1l kombinace MDF st\u0159\u00edkan\u00e1 b\u00e9\u017eov\u00e1 a lamino DTD Egger dub, horn\u00ed sk\u0159\u00ednky a\u017e do stropu, hrany ABS s fr\u00e9zovan\u00fdmi \u00fachytkami a otv\u00edr\u00e1n\u00edm pushup, granitov\u00fd d\u0159ez Blanco v proveden\u00ed barva \u010dern\u00e1, LED osv\u011btlen\u00ed. Zp\u011bt<\/p>\n","protected":false},"author":1,"featured_media":0,"parent":0,"menu_order":0,"comment_status":"closed","ping_status":"closed","template":"","meta":{"footnotes":""},"class_list":["post-427","page","type-page","status-publish","hentry"],"_links":{"self":[{"href":"https:\/\/www.petako.cz\/index.php\/wp-json\/wp\/v2\/pages\/427","targetHints":{"allow":["GET"]}}],"collection":[{"href":"https:\/\/www.petako.cz\/index.php\/wp-json\/wp\/v2\/pages"}],"about":[{"href":"https:\/\/www.petako.cz\/index.php\/wp-json\/wp\/v2\/types\/page"}],"author":[{"embeddable":true,"href":"https:\/\/www.petako.cz\/index.php\/wp-json\/wp\/v2\/users\/1"}],"replies":[{"embeddable":true,"href":"https:\/\/www.petako.cz\/index.php\/wp-json\/wp\/v2\/comments?post=427"}],"version-history":[{"count":2,"href":"https:\/\/www.petako.cz\/index.php\/wp-json\/wp\/v2\/pages\/427\/revisions"}],"predecessor-version":[{"id":581,"href":"https:\/\/www.petako.cz\/index.php\/wp-json\/wp\/v2\/pages\/427\/revisions\/581"}],"wp:attachment":[{"href":"https:\/\/www.petako.cz\/index.php\/wp-json\/wp\/v2\/media?parent=427"}],"curies":[{"name":"wp","href":"https:\/\/api.w.org\/{rel}","templated":true}]}}