{"id":453,"date":"2024-05-07T09:07:47","date_gmt":"2024-05-07T07:07:47","guid":{"rendered":"https:\/\/www.petako.cz\/?page_id=453"},"modified":"2024-05-07T14:10:43","modified_gmt":"2024-05-07T12:10:43","slug":"koupelnovy-nabytek","status":"publish","type":"page","link":"https:\/\/www.petako.cz\/index.php\/koupelnovy-nabytek\/","title":{"rendered":"Koupelnov\u00fd n\u00e1bytek"},"content":{"rendered":"\n<p><strong>Uk\u00e1zka koupelen a vestavn\u00e9ho koupelnov\u00e9ho n\u00e1bytku<\/strong><\/p>\n\n\n\n<div style=\"height:20px\" aria-hidden=\"true\" class=\"wp-block-spacer\"><\/div>\n\n\n\n<p><a href=\"https:\/\/www.petako.cz\/index.php\/koupelnovy-nabytek-matne-cerny\/\">Koupelnov\u00fd n\u00e1bytek matn\u011b \u010dern\u00fd<\/a><\/p>\n\n\n\n<p><a href=\"https:\/\/www.petako.cz\/index.php\/koupelnovy-nabytek-matne-sedy\/\">Koupelnov\u00fd n\u00e1bytek matn\u011b \u0161ed\u00fd<\/a><\/p>\n\n\n\n<p><a href=\"https:\/\/www.petako.cz\/index.php\/koupelnova-skrinka-s-umyvadlem\/\">Koupelnov\u00e1 sk\u0159\u00ednka s umyvadlem oran\u017eov\u00e1<\/a><\/p>\n\n\n\n<div style=\"height:20px\" aria-hidden=\"true\" class=\"wp-block-spacer\"><\/div>\n\n\n\n<figure class=\"wp-block-gallery has-nested-images columns-7 is-cropped wp-block-gallery-1 is-layout-flex wp-block-gallery-is-layout-flex\">\n<figure class=\"wp-block-image size-large\"><a href=\"https:\/\/www.petako.cz\/index.php\/koupelnovy-nabytek-matne-cerny\/\"><img loading=\"lazy\" decoding=\"async\" width=\"768\" height=\"1024\" data-id=\"465\" src=\"https:\/\/www.petako.cz\/wp-content\/uploads\/2024\/05\/15-768x1024.jpg\" alt=\"\" class=\"wp-image-465\" srcset=\"https:\/\/www.petako.cz\/wp-content\/uploads\/2024\/05\/15-768x1024.jpg 768w, https:\/\/www.petako.cz\/wp-content\/uploads\/2024\/05\/15-225x300.jpg 225w, https:\/\/www.petako.cz\/wp-content\/uploads\/2024\/05\/15-1152x1536.jpg 1152w, https:\/\/www.petako.cz\/wp-content\/uploads\/2024\/05\/15.jpg 1536w\" sizes=\"auto, (max-width: 768px) 100vw, 768px\" \/><\/a><\/figure>\n\n\n\n<figure class=\"wp-block-image size-large\"><a href=\"https:\/\/www.petako.cz\/index.php\/koupelnovy-nabytek-matne-cerny\/\"><img loading=\"lazy\" decoding=\"async\" width=\"768\" height=\"1024\" data-id=\"463\" src=\"https:\/\/www.petako.cz\/wp-content\/uploads\/2024\/05\/12-768x1024.jpg\" alt=\"\" class=\"wp-image-463\" srcset=\"https:\/\/www.petako.cz\/wp-content\/uploads\/2024\/05\/12-768x1024.jpg 768w, https:\/\/www.petako.cz\/wp-content\/uploads\/2024\/05\/12-225x300.jpg 225w, https:\/\/www.petako.cz\/wp-content\/uploads\/2024\/05\/12-1152x1536.jpg 1152w, https:\/\/www.petako.cz\/wp-content\/uploads\/2024\/05\/12.jpg 1536w\" sizes=\"auto, (max-width: 768px) 100vw, 768px\" \/><\/a><\/figure>\n\n\n\n<figure class=\"wp-block-image size-large\"><a href=\"https:\/\/www.petako.cz\/index.php\/koupelnovy-nabytek-matne-cerny\/\"><img loading=\"lazy\" decoding=\"async\" width=\"1024\" height=\"768\" data-id=\"464\" src=\"https:\/\/www.petako.cz\/wp-content\/uploads\/2024\/05\/13-1024x768.jpg\" alt=\"\" class=\"wp-image-464\" srcset=\"https:\/\/www.petako.cz\/wp-content\/uploads\/2024\/05\/13-1024x768.jpg 1024w, https:\/\/www.petako.cz\/wp-content\/uploads\/2024\/05\/13-300x225.jpg 300w, https:\/\/www.petako.cz\/wp-content\/uploads\/2024\/05\/13-768x576.jpg 768w, https:\/\/www.petako.cz\/wp-content\/uploads\/2024\/05\/13-1536x1152.jpg 1536w, https:\/\/www.petako.cz\/wp-content\/uploads\/2024\/05\/13.jpg 2048w\" sizes=\"auto, (max-width: 1024px) 100vw, 1024px\" \/><\/a><\/figure>\n\n\n\n<figure class=\"wp-block-image size-large\"><a href=\"https:\/\/www.petako.cz\/index.php\/koupelnovy-nabytek-matne-sedy\/\"><img loading=\"lazy\" decoding=\"async\" width=\"691\" height=\"1024\" data-id=\"230\" src=\"https:\/\/www.petako.cz\/wp-content\/uploads\/2024\/05\/22-691x1024.jpg\" alt=\"\" class=\"wp-image-230\" srcset=\"https:\/\/www.petako.cz\/wp-content\/uploads\/2024\/05\/22-691x1024.jpg 691w, https:\/\/www.petako.cz\/wp-content\/uploads\/2024\/05\/22-203x300.jpg 203w, https:\/\/www.petako.cz\/wp-content\/uploads\/2024\/05\/22-768x1138.jpg 768w, https:\/\/www.petako.cz\/wp-content\/uploads\/2024\/05\/22-1037x1536.jpg 1037w, https:\/\/www.petako.cz\/wp-content\/uploads\/2024\/05\/22.jpg 1068w\" sizes=\"auto, (max-width: 691px) 100vw, 691px\" \/><\/a><\/figure>\n\n\n\n<figure class=\"wp-block-image size-large\"><a href=\"https:\/\/www.petako.cz\/index.php\/koupelnovy-nabytek-matne-sedy\/\"><img loading=\"lazy\" decoding=\"async\" width=\"630\" height=\"1024\" data-id=\"231\" src=\"https:\/\/www.petako.cz\/wp-content\/uploads\/2024\/05\/21-630x1024.jpg\" alt=\"\" class=\"wp-image-231\" srcset=\"https:\/\/www.petako.cz\/wp-content\/uploads\/2024\/05\/21-630x1024.jpg 630w, https:\/\/www.petako.cz\/wp-content\/uploads\/2024\/05\/21-185x300.jpg 185w, https:\/\/www.petako.cz\/wp-content\/uploads\/2024\/05\/21-768x1248.jpg 768w, https:\/\/www.petako.cz\/wp-content\/uploads\/2024\/05\/21-945x1536.jpg 945w, https:\/\/www.petako.cz\/wp-content\/uploads\/2024\/05\/21.jpg 1050w\" sizes=\"auto, (max-width: 630px) 100vw, 630px\" \/><\/a><\/figure>\n\n\n\n<figure class=\"wp-block-image size-large\"><a href=\"https:\/\/www.petako.cz\/index.php\/koupelnova-skrinka-s-umyvadlem\/\"><img loading=\"lazy\" decoding=\"async\" width=\"936\" height=\"1006\" data-id=\"217\" src=\"https:\/\/www.petako.cz\/wp-content\/uploads\/2024\/05\/23.jpg\" alt=\"\" class=\"wp-image-217\" srcset=\"https:\/\/www.petako.cz\/wp-content\/uploads\/2024\/05\/23.jpg 936w, https:\/\/www.petako.cz\/wp-content\/uploads\/2024\/05\/23-279x300.jpg 279w, https:\/\/www.petako.cz\/wp-content\/uploads\/2024\/05\/23-768x825.jpg 768w\" sizes=\"auto, (max-width: 936px) 100vw, 936px\" \/><\/a><\/figure>\n\n\n\n<figure class=\"wp-block-image size-large\"><a href=\"https:\/\/www.petako.cz\/index.php\/koupelnova-skrinka-s-umyvadlem\/\"><img loading=\"lazy\" decoding=\"async\" width=\"926\" height=\"1130\" data-id=\"218\" src=\"https:\/\/www.petako.cz\/wp-content\/uploads\/2024\/05\/24-839x1024.jpg\" alt=\"\" class=\"wp-image-218\" srcset=\"https:\/\/www.petako.cz\/wp-content\/uploads\/2024\/05\/24-839x1024.jpg 839w, https:\/\/www.petako.cz\/wp-content\/uploads\/2024\/05\/24-246x300.jpg 246w, https:\/\/www.petako.cz\/wp-content\/uploads\/2024\/05\/24-768x937.jpg 768w, https:\/\/www.petako.cz\/wp-content\/uploads\/2024\/05\/24.jpg 926w\" sizes=\"auto, (max-width: 926px) 100vw, 926px\" \/><\/a><\/figure>\n<\/figure>\n\n\n\n<div style=\"height:20px\" aria-hidden=\"true\" class=\"wp-block-spacer\"><\/div>\n\n\n\n<p><strong>Uk\u00e1zka drobn\u00e9ho koupelnov\u00e9ho n\u00e1bytku<\/strong><\/p>\n\n\n\n<p>Sk\u0159\u00ed\u0148ka pod umyvadlo MDF st\u0159\u00edkan\u00e9 dve\u0159e se z\u00e1pustn\u00fdmi \u00fachyty Sophia.<\/p>\n\n\n\n<figure class=\"wp-block-image size-large\"><img loading=\"lazy\" decoding=\"async\" width=\"769\" height=\"1024\" src=\"https:\/\/www.petako.cz\/wp-content\/uploads\/2024\/05\/9-769x1024.jpg\" alt=\"\" class=\"wp-image-459\" srcset=\"https:\/\/www.petako.cz\/wp-content\/uploads\/2024\/05\/9-769x1024.jpg 769w, https:\/\/www.petako.cz\/wp-content\/uploads\/2024\/05\/9-225x300.jpg 225w, https:\/\/www.petako.cz\/wp-content\/uploads\/2024\/05\/9-768x1023.jpg 768w, https:\/\/www.petako.cz\/wp-content\/uploads\/2024\/05\/9-1153x1536.jpg 1153w, https:\/\/www.petako.cz\/wp-content\/uploads\/2024\/05\/9.jpg 1201w\" sizes=\"auto, (max-width: 769px) 100vw, 769px\" \/><\/figure>\n\n\n\n<div style=\"height:20px\" aria-hidden=\"true\" class=\"wp-block-spacer\"><\/div>\n\n\n\n<p>Sk\u0159\u00ed\u0148ka pod umyvadlo MDF st\u0159\u00edkan\u00e9 dve\u0159e s ko\u0161em na pr\u00e1dlo.<\/p>\n\n\n\n<figure class=\"wp-block-gallery has-nested-images columns-default is-cropped wp-block-gallery-2 is-layout-flex wp-block-gallery-is-layout-flex\">\n<figure class=\"wp-block-image size-large\"><a href=\"https:\/\/www.petako.cz\/wp-content\/uploads\/2024\/05\/2-1.jpg\" target=\"_blank\" rel=\"noopener\"><img loading=\"lazy\" decoding=\"async\" width=\"768\" height=\"1024\" data-id=\"454\" src=\"https:\/\/www.petako.cz\/wp-content\/uploads\/2024\/05\/2-1-768x1024.jpg\" alt=\"\" class=\"wp-image-454\" srcset=\"https:\/\/www.petako.cz\/wp-content\/uploads\/2024\/05\/2-1-768x1024.jpg 768w, https:\/\/www.petako.cz\/wp-content\/uploads\/2024\/05\/2-1-225x300.jpg 225w, https:\/\/www.petako.cz\/wp-content\/uploads\/2024\/05\/2-1-1152x1536.jpg 1152w, https:\/\/www.petako.cz\/wp-content\/uploads\/2024\/05\/2-1.jpg 1440w\" sizes=\"auto, (max-width: 768px) 100vw, 768px\" \/><\/a><\/figure>\n\n\n\n<figure class=\"wp-block-image size-large\"><a href=\"https:\/\/www.petako.cz\/wp-content\/uploads\/2024\/05\/1-1.jpg\" target=\"_blank\" rel=\"noopener\"><img loading=\"lazy\" decoding=\"async\" width=\"768\" height=\"1024\" data-id=\"455\" src=\"https:\/\/www.petako.cz\/wp-content\/uploads\/2024\/05\/1-1-768x1024.jpg\" alt=\"\" class=\"wp-image-455\" srcset=\"https:\/\/www.petako.cz\/wp-content\/uploads\/2024\/05\/1-1-768x1024.jpg 768w, https:\/\/www.petako.cz\/wp-content\/uploads\/2024\/05\/1-1-225x300.jpg 225w, https:\/\/www.petako.cz\/wp-content\/uploads\/2024\/05\/1-1-1152x1536.jpg 1152w, https:\/\/www.petako.cz\/wp-content\/uploads\/2024\/05\/1-1.jpg 1440w\" sizes=\"auto, (max-width: 768px) 100vw, 768px\" \/><\/a><\/figure>\n<\/figure>\n\n\n\n<div style=\"height:20px\" aria-hidden=\"true\" class=\"wp-block-spacer\"><\/div>\n\n\n\n<p>Sk\u0159\u00ed\u0148ka pod umyvadlo DTD lamino b\u00edl\u00e1, deska posforming 38mm<\/p>\n\n\n\n<figure class=\"wp-block-gallery has-nested-images columns-default is-cropped wp-block-gallery-3 is-layout-flex wp-block-gallery-is-layout-flex\">\n<figure class=\"wp-block-image size-large\"><a href=\"https:\/\/www.petako.cz\/wp-content\/uploads\/2024\/05\/7.jpg\" target=\"_blank\" rel=\"noopener\"><img loading=\"lazy\" decoding=\"async\" width=\"576\" height=\"1024\" data-id=\"457\" src=\"https:\/\/www.petako.cz\/wp-content\/uploads\/2024\/05\/7-576x1024.jpg\" alt=\"\" class=\"wp-image-457\" srcset=\"https:\/\/www.petako.cz\/wp-content\/uploads\/2024\/05\/7-576x1024.jpg 576w, https:\/\/www.petako.cz\/wp-content\/uploads\/2024\/05\/7-169x300.jpg 169w, https:\/\/www.petako.cz\/wp-content\/uploads\/2024\/05\/7-768x1365.jpg 768w, https:\/\/www.petako.cz\/wp-content\/uploads\/2024\/05\/7-864x1536.jpg 864w, https:\/\/www.petako.cz\/wp-content\/uploads\/2024\/05\/7.jpg 1152w\" sizes=\"auto, (max-width: 576px) 100vw, 576px\" \/><\/a><\/figure>\n\n\n\n<figure class=\"wp-block-image size-large\"><a href=\"https:\/\/www.petako.cz\/wp-content\/uploads\/2024\/05\/6.jpg\" target=\"_blank\" rel=\"noopener\"><img loading=\"lazy\" decoding=\"async\" width=\"576\" height=\"1024\" data-id=\"456\" src=\"https:\/\/www.petako.cz\/wp-content\/uploads\/2024\/05\/6-576x1024.jpg\" alt=\"\" class=\"wp-image-456\" srcset=\"https:\/\/www.petako.cz\/wp-content\/uploads\/2024\/05\/6-576x1024.jpg 576w, https:\/\/www.petako.cz\/wp-content\/uploads\/2024\/05\/6-169x300.jpg 169w, https:\/\/www.petako.cz\/wp-content\/uploads\/2024\/05\/6-768x1365.jpg 768w, https:\/\/www.petako.cz\/wp-content\/uploads\/2024\/05\/6-864x1536.jpg 864w, https:\/\/www.petako.cz\/wp-content\/uploads\/2024\/05\/6.jpg 1152w\" sizes=\"auto, (max-width: 576px) 100vw, 576px\" \/><\/a><\/figure>\n<\/figure>\n\n\n\n<div style=\"height:20px\" aria-hidden=\"true\" class=\"wp-block-spacer\"><\/div>\n\n\n\n<p>Sk\u0159\u00ed\u0148ka pod umyvadlo dv\u00ed\u0159ka d\u00fdhovan\u00e1 se z\u00e1pustn\u00fdmi \u00fachytkami.<\/p>\n\n\n\n<figure class=\"wp-block-image size-full\"><img loading=\"lazy\" decoding=\"async\" width=\"499\" height=\"761\" src=\"https:\/\/www.petako.cz\/wp-content\/uploads\/2024\/05\/8.jpg\" alt=\"\" class=\"wp-image-458\" srcset=\"https:\/\/www.petako.cz\/wp-content\/uploads\/2024\/05\/8.jpg 499w, https:\/\/www.petako.cz\/wp-content\/uploads\/2024\/05\/8-197x300.jpg 197w\" sizes=\"auto, (max-width: 499px) 100vw, 499px\" \/><\/figure>\n","protected":false},"excerpt":{"rendered":"<p>Uk\u00e1zka koupelen a vestavn\u00e9ho koupelnov\u00e9ho n\u00e1bytku Koupelnov\u00fd n\u00e1bytek matn\u011b \u010dern\u00fd Koupelnov\u00fd n\u00e1bytek matn\u011b \u0161ed\u00fd Koupelnov\u00e1 sk\u0159\u00ednka s umyvadlem oran\u017eov\u00e1 Uk\u00e1zka drobn\u00e9ho koupelnov\u00e9ho n\u00e1bytku Sk\u0159\u00ed\u0148ka pod umyvadlo MDF st\u0159\u00edkan\u00e9 dve\u0159e se z\u00e1pustn\u00fdmi \u00fachyty Sophia. Sk\u0159\u00ed\u0148ka pod umyvadlo MDF st\u0159\u00edkan\u00e9 dve\u0159e s ko\u0161em na pr\u00e1dlo. Sk\u0159\u00ed\u0148ka pod umyvadlo DTD lamino b\u00edl\u00e1, deska posforming 38mm Sk\u0159\u00ed\u0148ka pod umyvadlo &hellip;<br \/><a href=\"https:\/\/www.petako.cz\/index.php\/koupelnovy-nabytek\/\" class=\"more-link pen_button pen_element_default pen_icon_arrow_double\">Pokra\u010dovat ve\u00a0\u010dten\u00ed <span class=\"screen-reader-text\">Koupelnov\u00fd n\u00e1bytek<\/span><\/a><\/p>\n","protected":false},"author":1,"featured_media":0,"parent":0,"menu_order":0,"comment_status":"closed","ping_status":"closed","template":"","meta":{"footnotes":""},"class_list":["post-453","page","type-page","status-publish","hentry"],"_links":{"self":[{"href":"https:\/\/www.petako.cz\/index.php\/wp-json\/wp\/v2\/pages\/453","targetHints":{"allow":["GET"]}}],"collection":[{"href":"https:\/\/www.petako.cz\/index.php\/wp-json\/wp\/v2\/pages"}],"about":[{"href":"https:\/\/www.petako.cz\/index.php\/wp-json\/wp\/v2\/types\/page"}],"author":[{"embeddable":true,"href":"https:\/\/www.petako.cz\/index.php\/wp-json\/wp\/v2\/users\/1"}],"replies":[{"embeddable":true,"href":"https:\/\/www.petako.cz\/index.php\/wp-json\/wp\/v2\/comments?post=453"}],"version-history":[{"count":3,"href":"https:\/\/www.petako.cz\/index.php\/wp-json\/wp\/v2\/pages\/453\/revisions"}],"predecessor-version":[{"id":474,"href":"https:\/\/www.petako.cz\/index.php\/wp-json\/wp\/v2\/pages\/453\/revisions\/474"}],"wp:attachment":[{"href":"https:\/\/www.petako.cz\/index.php\/wp-json\/wp\/v2\/media?parent=453"}],"curies":[{"name":"wp","href":"https:\/\/api.w.org\/{rel}","templated":true}]}}