{"id":462,"date":"2024-05-07T09:14:22","date_gmt":"2024-05-07T07:14:22","guid":{"rendered":"https:\/\/www.petako.cz\/?page_id=462"},"modified":"2024-05-07T19:48:01","modified_gmt":"2024-05-07T17:48:01","slug":"koupelnovy-nabytek-matne-cerny","status":"publish","type":"page","link":"https:\/\/www.petako.cz\/index.php\/koupelnovy-nabytek-matne-cerny\/","title":{"rendered":"Koupelnov\u00fd n\u00e1bytek matn\u011b \u010dern\u00fd"},"content":{"rendered":"\n<p>Koupelnov\u00fd n\u00e1bytek st\u0159\u00edkan\u00fd matn\u011b \u010dern\u00fd MDF s pracovn\u00ed deskou dub 38mm s fr\u00e9zovan\u00fdmi \u00fachyty.<\/p>\n\n\n\n<div style=\"height:20px\" aria-hidden=\"true\" class=\"wp-block-spacer\"><\/div>\n\n\n\n<figure class=\"wp-block-gallery has-nested-images columns-default is-cropped wp-block-gallery-1 is-layout-flex wp-block-gallery-is-layout-flex\">\n<figure class=\"wp-block-image size-large\"><a href=\"https:\/\/www.petako.cz\/wp-content\/uploads\/2024\/05\/13.jpg\" target=\"_blank\" rel=\"noopener\"><img loading=\"lazy\" decoding=\"async\" width=\"1024\" height=\"768\" data-id=\"464\" src=\"https:\/\/www.petako.cz\/wp-content\/uploads\/2024\/05\/13-1024x768.jpg\" alt=\"\" class=\"wp-image-464\" srcset=\"https:\/\/www.petako.cz\/wp-content\/uploads\/2024\/05\/13-1024x768.jpg 1024w, https:\/\/www.petako.cz\/wp-content\/uploads\/2024\/05\/13-300x225.jpg 300w, https:\/\/www.petako.cz\/wp-content\/uploads\/2024\/05\/13-768x576.jpg 768w, https:\/\/www.petako.cz\/wp-content\/uploads\/2024\/05\/13-1536x1152.jpg 1536w, https:\/\/www.petako.cz\/wp-content\/uploads\/2024\/05\/13.jpg 2048w\" sizes=\"auto, (max-width: 1024px) 100vw, 1024px\" \/><\/a><\/figure>\n\n\n\n<figure class=\"wp-block-image size-large\"><a href=\"https:\/\/www.petako.cz\/wp-content\/uploads\/2024\/05\/12.jpg\" target=\"_blank\" rel=\"noopener\"><img loading=\"lazy\" decoding=\"async\" width=\"768\" height=\"1024\" data-id=\"463\" src=\"https:\/\/www.petako.cz\/wp-content\/uploads\/2024\/05\/12-768x1024.jpg\" alt=\"\" class=\"wp-image-463\" srcset=\"https:\/\/www.petako.cz\/wp-content\/uploads\/2024\/05\/12-768x1024.jpg 768w, https:\/\/www.petako.cz\/wp-content\/uploads\/2024\/05\/12-225x300.jpg 225w, https:\/\/www.petako.cz\/wp-content\/uploads\/2024\/05\/12-1152x1536.jpg 1152w, https:\/\/www.petako.cz\/wp-content\/uploads\/2024\/05\/12.jpg 1536w\" sizes=\"auto, (max-width: 768px) 100vw, 768px\" \/><\/a><\/figure>\n\n\n\n<figure class=\"wp-block-image size-large\"><a href=\"https:\/\/www.petako.cz\/wp-content\/uploads\/2024\/05\/15.jpg\" target=\"_blank\" rel=\"noopener\"><img loading=\"lazy\" decoding=\"async\" width=\"768\" height=\"1024\" data-id=\"465\" src=\"https:\/\/www.petako.cz\/wp-content\/uploads\/2024\/05\/15-768x1024.jpg\" alt=\"\" class=\"wp-image-465\" srcset=\"https:\/\/www.petako.cz\/wp-content\/uploads\/2024\/05\/15-768x1024.jpg 768w, https:\/\/www.petako.cz\/wp-content\/uploads\/2024\/05\/15-225x300.jpg 225w, https:\/\/www.petako.cz\/wp-content\/uploads\/2024\/05\/15-1152x1536.jpg 1152w, https:\/\/www.petako.cz\/wp-content\/uploads\/2024\/05\/15.jpg 1536w\" sizes=\"auto, (max-width: 768px) 100vw, 768px\" \/><\/a><\/figure>\n<\/figure>\n\n\n\n<div style=\"height:30px\" aria-hidden=\"true\" class=\"wp-block-spacer\"><\/div>\n\n\n\n<p class=\"has-text-align-right\"><a href=\"https:\/\/www.petako.cz\/index.php\/koupelnovy-nabytek\/\">Zp\u011bt<\/a><\/p>\n","protected":false},"excerpt":{"rendered":"<p>Koupelnov\u00fd n\u00e1bytek st\u0159\u00edkan\u00fd matn\u011b \u010dern\u00fd MDF s pracovn\u00ed deskou dub 38mm s fr\u00e9zovan\u00fdmi \u00fachyty. Zp\u011bt<\/p>\n","protected":false},"author":1,"featured_media":0,"parent":0,"menu_order":0,"comment_status":"closed","ping_status":"closed","template":"","meta":{"footnotes":""},"class_list":["post-462","page","type-page","status-publish","hentry"],"_links":{"self":[{"href":"https:\/\/www.petako.cz\/index.php\/wp-json\/wp\/v2\/pages\/462","targetHints":{"allow":["GET"]}}],"collection":[{"href":"https:\/\/www.petako.cz\/index.php\/wp-json\/wp\/v2\/pages"}],"about":[{"href":"https:\/\/www.petako.cz\/index.php\/wp-json\/wp\/v2\/types\/page"}],"author":[{"embeddable":true,"href":"https:\/\/www.petako.cz\/index.php\/wp-json\/wp\/v2\/users\/1"}],"replies":[{"embeddable":true,"href":"https:\/\/www.petako.cz\/index.php\/wp-json\/wp\/v2\/comments?post=462"}],"version-history":[{"count":2,"href":"https:\/\/www.petako.cz\/index.php\/wp-json\/wp\/v2\/pages\/462\/revisions"}],"predecessor-version":[{"id":589,"href":"https:\/\/www.petako.cz\/index.php\/wp-json\/wp\/v2\/pages\/462\/revisions\/589"}],"wp:attachment":[{"href":"https:\/\/www.petako.cz\/index.php\/wp-json\/wp\/v2\/media?parent=462"}],"curies":[{"name":"wp","href":"https:\/\/api.w.org\/{rel}","templated":true}]}}