{"id":473,"date":"2024-05-07T14:14:25","date_gmt":"2024-05-07T12:14:25","guid":{"rendered":"https:\/\/www.petako.cz\/?page_id=473"},"modified":"2024-06-18T08:14:58","modified_gmt":"2024-06-18T06:14:58","slug":"loznice-a-vestavne-skrine","status":"publish","type":"page","link":"https:\/\/www.petako.cz\/index.php\/loznice-a-vestavne-skrine\/","title":{"rendered":"Lo\u017enice a vestavn\u00e9 sk\u0159\u00edn\u011b"},"content":{"rendered":"\n<p><strong>Uk\u00e1zka realizac\u00ed lo\u017enic a vestavn\u00fdch a samostatn\u011b stoj\u00edc\u00edch sk\u0159\u00edn\u00ed<\/strong><\/p>\n\n\n\n<div style=\"height:20px\" aria-hidden=\"true\" class=\"wp-block-spacer\"><\/div>\n\n\n\n<p><a href=\"https:\/\/www.petako.cz\/index.php\/satni-skrin-bilo-zluta\/\">\u0160atn\u00ed sk\u0159\u00ed\u0148 b\u00edlo \u017elut\u00e1<\/a><\/p>\n\n\n\n<p><a href=\"https:\/\/www.petako.cz\/index.php\/vestavna-satni-skrin-s-posuvnymi-dvermi\/\">Vestavn\u00e1 \u0161atn\u00ed sk\u0159\u00ed\u0148 s posuvn\u00fdmi dve\u0159mi<\/a><\/p>\n\n\n\n<p><a href=\"https:\/\/www.petako.cz\/index.php\/vestavna-i-samostatna-satni-skrin-kombinace-cerno-cervena\/\">Vestavn\u00e1 i samostatn\u00e1 \u0161atn\u00ed sk\u0159\u00ed\u0148 kombinace \u010derno \u010derven\u00e1<\/a><\/p>\n\n\n\n<p><a href=\"https:\/\/www.petako.cz\/index.php\/vestavna-satni-skrin-matne-bila\/\">Vestavn\u00e1 \u0161atn\u00ed sk\u0159\u00ed\u0148 matn\u011b b\u00edl\u00e1<\/a><\/p>\n\n\n\n<p><a href=\"https:\/\/www.petako.cz\/index.php\/vestavna-satni-skrin-sikma\/\">Vestavn\u00e1 \u0161atn\u00ed sk\u0159\u00ed\u0148 \u0161ikm\u00e1<\/a><\/p>\n\n\n\n<p><a href=\"https:\/\/www.petako.cz\/index.php\/vestavna-skrin-s-pracovnim-stolkem\/\">Vestavn\u00e1 sk\u0159\u00ed\u0148 s pracovn\u00edm stolkem<\/a><\/p>\n\n\n\n<p><a href=\"https:\/\/www.petako.cz\/index.php\/vestavna-satni-skrin-s-posuvnymi-dvermi-2\/\">Vestavn\u00e1 \u0161atn\u00ed sk\u0159\u00ed\u0148 s posuvn\u00fdmi dve\u0159mi<\/a><\/p>\n\n\n\n<p><a href=\"https:\/\/www.petako.cz\/index.php\/satni-skrin-s-otviravymi-dvermi-bila\/\">\u0160atn\u00ed sk\u0159\u00ed\u0148 s otv\u00edrav\u00fdmi dve\u0159mi b\u00edl\u00e1<\/a><\/p>\n\n\n\n<p><a href=\"https:\/\/www.petako.cz\/index.php\/vestavna-satni-skrin-pod-schodistem\/\" data-type=\"page\" data-id=\"620\">Vestavn\u00e1 \u0161atn\u00ed sk\u0159\u00ed\u0148 pod schodi\u0161t\u011bm<\/a><\/p>\n\n\n\n<div style=\"height:20px\" aria-hidden=\"true\" class=\"wp-block-spacer\"><\/div>\n\n\n\n<figure class=\"wp-block-gallery has-nested-images columns-8 is-cropped wp-block-gallery-1 is-layout-flex wp-block-gallery-is-layout-flex\">\n<figure class=\"wp-block-image size-large\"><a href=\"https:\/\/www.petako.cz\/index.php\/satni-skrin-bilo-zluta\/\"><img loading=\"lazy\" decoding=\"async\" width=\"808\" height=\"1024\" data-id=\"247\" src=\"https:\/\/www.petako.cz\/wp-content\/uploads\/2024\/05\/41-808x1024.jpg\" alt=\"\" class=\"wp-image-247\" srcset=\"https:\/\/www.petako.cz\/wp-content\/uploads\/2024\/05\/41-808x1024.jpg 808w, https:\/\/www.petako.cz\/wp-content\/uploads\/2024\/05\/41-237x300.jpg 237w, https:\/\/www.petako.cz\/wp-content\/uploads\/2024\/05\/41-768x973.jpg 768w, https:\/\/www.petako.cz\/wp-content\/uploads\/2024\/05\/41-1212x1536.jpg 1212w, https:\/\/www.petako.cz\/wp-content\/uploads\/2024\/05\/41.jpg 1253w\" sizes=\"auto, (max-width: 808px) 100vw, 808px\" \/><\/a><\/figure>\n\n\n\n<figure class=\"wp-block-image size-large\"><a href=\"https:\/\/www.petako.cz\/index.php\/vestavna-satni-skrin-s-posuvnymi-dvermi\/\"><img loading=\"lazy\" decoding=\"async\" width=\"723\" height=\"1024\" data-id=\"240\" src=\"https:\/\/www.petako.cz\/wp-content\/uploads\/2024\/05\/43-1-723x1024.jpg\" alt=\"\" class=\"wp-image-240\" srcset=\"https:\/\/www.petako.cz\/wp-content\/uploads\/2024\/05\/43-1-723x1024.jpg 723w, https:\/\/www.petako.cz\/wp-content\/uploads\/2024\/05\/43-1-212x300.jpg 212w, https:\/\/www.petako.cz\/wp-content\/uploads\/2024\/05\/43-1-768x1087.jpg 768w, https:\/\/www.petako.cz\/wp-content\/uploads\/2024\/05\/43-1-1085x1536.jpg 1085w, https:\/\/www.petako.cz\/wp-content\/uploads\/2024\/05\/43-1.jpg 1182w\" sizes=\"auto, (max-width: 723px) 100vw, 723px\" \/><\/a><\/figure>\n\n\n\n<figure class=\"wp-block-image size-large\"><a href=\"https:\/\/www.petako.cz\/index.php\/vestavna-i-samostatna-satni-skrin-kombinace-cerno-cervena\/\"><img loading=\"lazy\" decoding=\"async\" width=\"1024\" height=\"681\" data-id=\"494\" src=\"https:\/\/www.petako.cz\/wp-content\/uploads\/2024\/05\/34-1024x681.jpg\" alt=\"\" class=\"wp-image-494\" srcset=\"https:\/\/www.petako.cz\/wp-content\/uploads\/2024\/05\/34-1024x681.jpg 1024w, https:\/\/www.petako.cz\/wp-content\/uploads\/2024\/05\/34-300x199.jpg 300w, https:\/\/www.petako.cz\/wp-content\/uploads\/2024\/05\/34-768x510.jpg 768w, https:\/\/www.petako.cz\/wp-content\/uploads\/2024\/05\/34.jpg 1500w\" sizes=\"auto, (max-width: 1024px) 100vw, 1024px\" \/><\/a><\/figure>\n\n\n\n<figure class=\"wp-block-image size-large\"><a href=\"https:\/\/www.petako.cz\/index.php\/vestavna-satni-skrin-matne-bila\/\"><img loading=\"lazy\" decoding=\"async\" width=\"595\" height=\"1024\" data-id=\"512\" src=\"https:\/\/www.petako.cz\/wp-content\/uploads\/2024\/05\/11-595x1024.jpg\" alt=\"\" class=\"wp-image-512\" srcset=\"https:\/\/www.petako.cz\/wp-content\/uploads\/2024\/05\/11-595x1024.jpg 595w, https:\/\/www.petako.cz\/wp-content\/uploads\/2024\/05\/11-174x300.jpg 174w, https:\/\/www.petako.cz\/wp-content\/uploads\/2024\/05\/11-768x1323.jpg 768w, https:\/\/www.petako.cz\/wp-content\/uploads\/2024\/05\/11.jpg 871w\" sizes=\"auto, (max-width: 595px) 100vw, 595px\" \/><\/a><\/figure>\n\n\n\n<figure class=\"wp-block-image size-large\"><a href=\"https:\/\/www.petako.cz\/index.php\/vestavna-satni-skrin-sikma\/\"><img loading=\"lazy\" decoding=\"async\" width=\"1024\" height=\"784\" data-id=\"516\" src=\"https:\/\/www.petako.cz\/wp-content\/uploads\/2024\/05\/27-1024x784.jpg\" alt=\"\" class=\"wp-image-516\" srcset=\"https:\/\/www.petako.cz\/wp-content\/uploads\/2024\/05\/27-1024x784.jpg 1024w, https:\/\/www.petako.cz\/wp-content\/uploads\/2024\/05\/27-300x230.jpg 300w, https:\/\/www.petako.cz\/wp-content\/uploads\/2024\/05\/27-768x588.jpg 768w, https:\/\/www.petako.cz\/wp-content\/uploads\/2024\/05\/27.jpg 1500w\" sizes=\"auto, (max-width: 1024px) 100vw, 1024px\" \/><\/a><\/figure>\n\n\n\n<figure class=\"wp-block-image size-large\"><a href=\"https:\/\/www.petako.cz\/index.php\/vestavna-skrin-s-pracovnim-stolkem\/\"><img loading=\"lazy\" decoding=\"async\" width=\"1011\" height=\"1024\" data-id=\"521\" src=\"https:\/\/www.petako.cz\/wp-content\/uploads\/2024\/05\/18-1011x1024.jpg\" alt=\"\" class=\"wp-image-521\" srcset=\"https:\/\/www.petako.cz\/wp-content\/uploads\/2024\/05\/18-1011x1024.jpg 1011w, https:\/\/www.petako.cz\/wp-content\/uploads\/2024\/05\/18-296x300.jpg 296w, https:\/\/www.petako.cz\/wp-content\/uploads\/2024\/05\/18-768x778.jpg 768w, https:\/\/www.petako.cz\/wp-content\/uploads\/2024\/05\/18.jpg 1325w\" sizes=\"auto, (max-width: 1011px) 100vw, 1011px\" \/><\/a><\/figure>\n\n\n\n<figure class=\"wp-block-image size-large\"><a href=\"https:\/\/www.petako.cz\/index.php\/vestavna-satni-skrin-s-posuvnymi-dvermi-2\/\"><img loading=\"lazy\" decoding=\"async\" width=\"1024\" height=\"769\" data-id=\"526\" src=\"https:\/\/www.petako.cz\/wp-content\/uploads\/2024\/05\/23-1-1024x769.jpg\" alt=\"\" class=\"wp-image-526\" srcset=\"https:\/\/www.petako.cz\/wp-content\/uploads\/2024\/05\/23-1-1024x769.jpg 1024w, https:\/\/www.petako.cz\/wp-content\/uploads\/2024\/05\/23-1-300x225.jpg 300w, https:\/\/www.petako.cz\/wp-content\/uploads\/2024\/05\/23-1-768x577.jpg 768w, https:\/\/www.petako.cz\/wp-content\/uploads\/2024\/05\/23-1.jpg 1500w\" sizes=\"auto, (max-width: 1024px) 100vw, 1024px\" \/><\/a><\/figure>\n\n\n\n<figure class=\"wp-block-image size-large\"><a href=\"https:\/\/www.petako.cz\/index.php\/satni-skrin-s-otviravymi-dvermi-bila\/\"><img loading=\"lazy\" decoding=\"async\" width=\"685\" height=\"1024\" data-id=\"533\" src=\"https:\/\/www.petako.cz\/wp-content\/uploads\/2024\/05\/40-685x1024.jpg\" alt=\"\" class=\"wp-image-533\" srcset=\"https:\/\/www.petako.cz\/wp-content\/uploads\/2024\/05\/40-685x1024.jpg 685w, https:\/\/www.petako.cz\/wp-content\/uploads\/2024\/05\/40-201x300.jpg 201w, https:\/\/www.petako.cz\/wp-content\/uploads\/2024\/05\/40-768x1149.jpg 768w, https:\/\/www.petako.cz\/wp-content\/uploads\/2024\/05\/40.jpg 1003w\" sizes=\"auto, (max-width: 685px) 100vw, 685px\" \/><\/a><\/figure>\n<\/figure>\n\n\n\n<div style=\"height:20px\" aria-hidden=\"true\" class=\"wp-block-spacer\"><\/div>\n\n\n\n<p><strong>Uk\u00e1zka realizace lo\u017enic<\/strong>e<\/p>\n\n\n\n<p>Sestava sk\u0159\u00edn\u00ed s pushup otv\u00edr\u00e1n\u00edm u dve\u0159\u00ed, materi\u00e1l MDF b\u00e9\u017eov\u00e1 MAT s otev\u0159enou polic\u00ed.<\/p>\n\n\n\n<div style=\"height:20px\" aria-hidden=\"true\" class=\"wp-block-spacer\"><\/div>\n\n\n\n<figure class=\"wp-block-image size-full\"><img loading=\"lazy\" decoding=\"async\" width=\"944\" height=\"745\" src=\"https:\/\/www.petako.cz\/wp-content\/uploads\/2024\/05\/36.jpg\" alt=\"\" class=\"wp-image-502\" srcset=\"https:\/\/www.petako.cz\/wp-content\/uploads\/2024\/05\/36.jpg 944w, https:\/\/www.petako.cz\/wp-content\/uploads\/2024\/05\/36-300x237.jpg 300w, https:\/\/www.petako.cz\/wp-content\/uploads\/2024\/05\/36-768x606.jpg 768w\" sizes=\"auto, (max-width: 944px) 100vw, 944px\" \/><\/figure>\n\n\n\n<div style=\"height:20px\" aria-hidden=\"true\" class=\"wp-block-spacer\"><\/div>\n\n\n\n<p>Sestava sk\u0159\u00edn\u00ed s pushup otv\u00edr\u00e1n\u00edm dve\u0159\u00ed, materi\u00e1l DTD lamino Krono kombinace b\u00e9\u017eov\u00e1 a buk v\u010detn\u011b bukov\u00e9 pevn\u00e9 z\u00e1dov\u00e9 desky.<\/p>\n\n\n\n<div style=\"height:20px\" aria-hidden=\"true\" class=\"wp-block-spacer\"><\/div>\n\n\n\n<figure class=\"wp-block-image size-full\"><img loading=\"lazy\" decoding=\"async\" width=\"851\" height=\"595\" src=\"https:\/\/www.petako.cz\/wp-content\/uploads\/2024\/05\/37a.jpg\" alt=\"\" class=\"wp-image-503\" srcset=\"https:\/\/www.petako.cz\/wp-content\/uploads\/2024\/05\/37a.jpg 851w, https:\/\/www.petako.cz\/wp-content\/uploads\/2024\/05\/37a-300x210.jpg 300w, https:\/\/www.petako.cz\/wp-content\/uploads\/2024\/05\/37a-768x537.jpg 768w\" sizes=\"auto, (max-width: 851px) 100vw, 851px\" \/><\/figure>\n\n\n\n<div style=\"height:20px\" aria-hidden=\"true\" class=\"wp-block-spacer\"><\/div>\n\n\n\n<p><strong>Uk\u00e1zka realizace vestavn\u00fdch \u0161atn\u00edch sk\u0159\u00edn\u00ed<\/strong><\/p>\n\n\n\n<p>Vestavn\u00e1 \u0161atn\u00ed sk\u0159\u00ed\u0148 z dekoru DTD Korno jilm s posuvn\u00fdmi dve\u0159mi v hlin\u00edkov\u00fdch r\u00e1mech, v\u00fdpl\u0148 dve\u0159\u00ed je zrcadlo s bezpe\u010dnostn\u00ed foli\u00ed proti rozbit\u00ed.<\/p>\n\n\n\n<div style=\"height:20px\" aria-hidden=\"true\" class=\"wp-block-spacer\"><\/div>\n\n\n\n<figure class=\"wp-block-image size-large\"><img loading=\"lazy\" decoding=\"async\" width=\"1024\" height=\"743\" src=\"https:\/\/www.petako.cz\/wp-content\/uploads\/2024\/05\/38-1024x743.jpg\" alt=\"\" class=\"wp-image-504\" srcset=\"https:\/\/www.petako.cz\/wp-content\/uploads\/2024\/05\/38-1024x743.jpg 1024w, https:\/\/www.petako.cz\/wp-content\/uploads\/2024\/05\/38-300x218.jpg 300w, https:\/\/www.petako.cz\/wp-content\/uploads\/2024\/05\/38-768x558.jpg 768w, https:\/\/www.petako.cz\/wp-content\/uploads\/2024\/05\/38.jpg 1500w\" sizes=\"auto, (max-width: 1024px) 100vw, 1024px\" \/><\/figure>\n\n\n\n<div style=\"height:20px\" aria-hidden=\"true\" class=\"wp-block-spacer\"><\/div>\n\n\n\n<p>Vestavn\u00e9 sk\u0159\u00edn\u011b z korpusu DTD lamino b\u00e9\u017eov\u00e1 s hrany ABS a kovov\u00fdmi \u00fachyty<\/p>\n\n\n\n<div style=\"height:20px\" aria-hidden=\"true\" class=\"wp-block-spacer\"><\/div>\n\n\n\n<figure class=\"wp-block-image size-full\"><img loading=\"lazy\" decoding=\"async\" width=\"360\" height=\"480\" src=\"https:\/\/www.petako.cz\/wp-content\/uploads\/2024\/05\/26.jpg\" alt=\"\" class=\"wp-image-506\" srcset=\"https:\/\/www.petako.cz\/wp-content\/uploads\/2024\/05\/26.jpg 360w, https:\/\/www.petako.cz\/wp-content\/uploads\/2024\/05\/26-225x300.jpg 225w\" sizes=\"auto, (max-width: 360px) 100vw, 360px\" \/><\/figure>\n\n\n\n<div style=\"height:20px\" aria-hidden=\"true\" class=\"wp-block-spacer\"><\/div>\n\n\n\n<p>Vestavn\u00e1 \u0161atn\u00ed sk\u0159\u00ed\u0148 s posuvn\u00fdmi dve\u0159mi, kter\u00e9 maj\u00ed hlin\u00edkov\u00e9 r\u00e1my, dve\u0159e z materi\u00e1lu DTD lamino Krono buk a b\u00edl\u00e1 jsou hlin\u00edkov\u00fdmi li\u0161tami rozd\u011bleny na t\u0159i stejn\u00e9 d\u00edly, v horn\u00ed li\u0161t\u011b m\u00e1 osv\u011btlen\u00ed LED p\u00e1skem<\/p>\n\n\n\n<div style=\"height:20px\" aria-hidden=\"true\" class=\"wp-block-spacer\"><\/div>\n\n\n\n<figure class=\"wp-block-image size-large\"><img loading=\"lazy\" decoding=\"async\" width=\"996\" height=\"1024\" src=\"https:\/\/www.petako.cz\/wp-content\/uploads\/2024\/05\/33-2-996x1024.jpg\" alt=\"\" class=\"wp-image-507\" srcset=\"https:\/\/www.petako.cz\/wp-content\/uploads\/2024\/05\/33-2-996x1024.jpg 996w, https:\/\/www.petako.cz\/wp-content\/uploads\/2024\/05\/33-2-292x300.jpg 292w, https:\/\/www.petako.cz\/wp-content\/uploads\/2024\/05\/33-2-768x790.jpg 768w, https:\/\/www.petako.cz\/wp-content\/uploads\/2024\/05\/33-2.jpg 1459w\" sizes=\"auto, (max-width: 996px) 100vw, 996px\" \/><\/figure>\n\n\n\n<div style=\"height:20px\" aria-hidden=\"true\" class=\"wp-block-spacer\"><\/div>\n\n\n\n<p>Vestavn\u00e9 \u0161atn\u00ed sk\u0159\u00edn\u011b s posuvn\u00fdmi dve\u0159mi, v\u00fdpl\u0148 dve\u0159\u00ed tvo\u0159\u00ed b\u00edl\u00e9 sklo lacobel, hlin\u00edkov\u00e9 r\u00e1my s brzdou.<\/p>\n\n\n\n<div style=\"height:20px\" aria-hidden=\"true\" class=\"wp-block-spacer\"><\/div>\n\n\n\n<figure class=\"wp-block-image size-large\"><img loading=\"lazy\" decoding=\"async\" width=\"668\" height=\"1024\" src=\"https:\/\/www.petako.cz\/wp-content\/uploads\/2024\/05\/30-2-668x1024.jpg\" alt=\"\" class=\"wp-image-508\" srcset=\"https:\/\/www.petako.cz\/wp-content\/uploads\/2024\/05\/30-2-668x1024.jpg 668w, https:\/\/www.petako.cz\/wp-content\/uploads\/2024\/05\/30-2-196x300.jpg 196w, https:\/\/www.petako.cz\/wp-content\/uploads\/2024\/05\/30-2-768x1178.jpg 768w, https:\/\/www.petako.cz\/wp-content\/uploads\/2024\/05\/30-2.jpg 978w\" sizes=\"auto, (max-width: 668px) 100vw, 668px\" \/><\/figure>\n\n\n\n<p><\/p>\n","protected":false},"excerpt":{"rendered":"<p>Uk\u00e1zka realizac\u00ed lo\u017enic a vestavn\u00fdch a samostatn\u011b stoj\u00edc\u00edch sk\u0159\u00edn\u00ed \u0160atn\u00ed sk\u0159\u00ed\u0148 b\u00edlo \u017elut\u00e1 Vestavn\u00e1 \u0161atn\u00ed sk\u0159\u00ed\u0148 s posuvn\u00fdmi dve\u0159mi Vestavn\u00e1 i samostatn\u00e1 \u0161atn\u00ed sk\u0159\u00ed\u0148 kombinace \u010derno \u010derven\u00e1 Vestavn\u00e1 \u0161atn\u00ed sk\u0159\u00ed\u0148 matn\u011b b\u00edl\u00e1 Vestavn\u00e1 \u0161atn\u00ed sk\u0159\u00ed\u0148 \u0161ikm\u00e1 Vestavn\u00e1 sk\u0159\u00ed\u0148 s pracovn\u00edm stolkem Vestavn\u00e1 \u0161atn\u00ed sk\u0159\u00ed\u0148 s posuvn\u00fdmi dve\u0159mi \u0160atn\u00ed sk\u0159\u00ed\u0148 s otv\u00edrav\u00fdmi dve\u0159mi b\u00edl\u00e1 Vestavn\u00e1 \u0161atn\u00ed &hellip;<br \/><a href=\"https:\/\/www.petako.cz\/index.php\/loznice-a-vestavne-skrine\/\" class=\"more-link pen_button pen_element_default pen_icon_arrow_double\">Pokra\u010dovat ve\u00a0\u010dten\u00ed <span class=\"screen-reader-text\">Lo\u017enice a vestavn\u00e9 sk\u0159\u00edn\u011b<\/span><\/a><\/p>\n","protected":false},"author":1,"featured_media":0,"parent":0,"menu_order":0,"comment_status":"closed","ping_status":"closed","template":"","meta":{"footnotes":""},"class_list":["post-473","page","type-page","status-publish","hentry"],"_links":{"self":[{"href":"https:\/\/www.petako.cz\/index.php\/wp-json\/wp\/v2\/pages\/473","targetHints":{"allow":["GET"]}}],"collection":[{"href":"https:\/\/www.petako.cz\/index.php\/wp-json\/wp\/v2\/pages"}],"about":[{"href":"https:\/\/www.petako.cz\/index.php\/wp-json\/wp\/v2\/types\/page"}],"author":[{"embeddable":true,"href":"https:\/\/www.petako.cz\/index.php\/wp-json\/wp\/v2\/users\/1"}],"replies":[{"embeddable":true,"href":"https:\/\/www.petako.cz\/index.php\/wp-json\/wp\/v2\/comments?post=473"}],"version-history":[{"count":5,"href":"https:\/\/www.petako.cz\/index.php\/wp-json\/wp\/v2\/pages\/473\/revisions"}],"predecessor-version":[{"id":630,"href":"https:\/\/www.petako.cz\/index.php\/wp-json\/wp\/v2\/pages\/473\/revisions\/630"}],"wp:attachment":[{"href":"https:\/\/www.petako.cz\/index.php\/wp-json\/wp\/v2\/media?parent=473"}],"curies":[{"name":"wp","href":"https:\/\/api.w.org\/{rel}","templated":true}]}}