{"id":483,"date":"2024-05-07T14:33:37","date_gmt":"2024-05-07T12:33:37","guid":{"rendered":"https:\/\/www.petako.cz\/?page_id=483"},"modified":"2024-05-07T14:37:38","modified_gmt":"2024-05-07T12:37:38","slug":"obyvaci-steny-a-pracovny","status":"publish","type":"page","link":"https:\/\/www.petako.cz\/index.php\/obyvaci-steny-a-pracovny\/","title":{"rendered":"Ob\u00fdvac\u00ed st\u011bny a pracovny"},"content":{"rendered":"\n<p><strong>Uk\u00e1zka realizac\u00ed\u00a0ob\u00fdvac\u00edch st\u011bn a pracoven<\/strong><\/p>\n\n\n\n<div style=\"height:20px\" aria-hidden=\"true\" class=\"wp-block-spacer\"><\/div>\n\n\n\n<p><a href=\"https:\/\/www.petako.cz\/index.php\/obyvaci-stena-v-kombinaci-barev-orech-a-seda\/\">Ob\u00fdvac\u00ed st\u011bna v kombinaci barev o\u0159ech a \u0161ed\u00e1<\/a><\/p>\n","protected":false},"excerpt":{"rendered":"<p>Uk\u00e1zka realizac\u00ed\u00a0ob\u00fdvac\u00edch st\u011bn a pracoven Ob\u00fdvac\u00ed st\u011bna v kombinaci barev o\u0159ech a \u0161ed\u00e1<\/p>\n","protected":false},"author":1,"featured_media":0,"parent":0,"menu_order":0,"comment_status":"closed","ping_status":"closed","template":"","meta":{"footnotes":""},"class_list":["post-483","page","type-page","status-publish","hentry"],"_links":{"self":[{"href":"https:\/\/www.petako.cz\/index.php\/wp-json\/wp\/v2\/pages\/483","targetHints":{"allow":["GET"]}}],"collection":[{"href":"https:\/\/www.petako.cz\/index.php\/wp-json\/wp\/v2\/pages"}],"about":[{"href":"https:\/\/www.petako.cz\/index.php\/wp-json\/wp\/v2\/types\/page"}],"author":[{"embeddable":true,"href":"https:\/\/www.petako.cz\/index.php\/wp-json\/wp\/v2\/users\/1"}],"replies":[{"embeddable":true,"href":"https:\/\/www.petako.cz\/index.php\/wp-json\/wp\/v2\/comments?post=483"}],"version-history":[{"count":2,"href":"https:\/\/www.petako.cz\/index.php\/wp-json\/wp\/v2\/pages\/483\/revisions"}],"predecessor-version":[{"id":488,"href":"https:\/\/www.petako.cz\/index.php\/wp-json\/wp\/v2\/pages\/483\/revisions\/488"}],"wp:attachment":[{"href":"https:\/\/www.petako.cz\/index.php\/wp-json\/wp\/v2\/media?parent=483"}],"curies":[{"name":"wp","href":"https:\/\/api.w.org\/{rel}","templated":true}]}}