{"id":489,"date":"2024-05-07T14:47:30","date_gmt":"2024-05-07T12:47:30","guid":{"rendered":"https:\/\/www.petako.cz\/?page_id=489"},"modified":"2024-07-02T20:52:34","modified_gmt":"2024-07-02T18:52:34","slug":"predsinove-steny-a-oblozeni","status":"publish","type":"page","link":"https:\/\/www.petako.cz\/index.php\/predsinove-steny-a-oblozeni\/","title":{"rendered":"P\u0159eds\u00ed\u0148ov\u00e9 st\u011bny a oblo\u017een\u00ed"},"content":{"rendered":"\n<p><strong>Uk\u00e1zka realizac\u00ed<\/strong> p\u0159eds\u00ed\u0148ov\u00fdch st\u011bn a oblo\u017een\u00ed<\/p>\n\n\n\n<div style=\"height:20px\" aria-hidden=\"true\" class=\"wp-block-spacer\"><\/div>\n\n\n\n<p><a href=\"https:\/\/www.petako.cz\/index.php\/predsinova-stena-s-oblozenim-matna-vanilka\/\">P\u0159eds\u00ed\u0148ov\u00e1 st\u011bna s oblo\u017een\u00edm matn\u00e1 vanilka<\/a><\/p>\n\n\n\n<p><a href=\"https:\/\/www.petako.cz\/index.php\/predsinova-sestava-stena-a-stolek\/\">P\u0159eds\u00ed\u0148ov\u00e1 sestava \u2013 st\u011bna a stolek<\/a><\/p>\n\n\n\n<p><a href=\"https:\/\/www.petako.cz\/index.php\/predsinova-sestava\/\">P\u0159eds\u00ed\u0148ov\u00e1 sestava<\/a><\/p>\n\n\n\n<p><a href=\"https:\/\/www.petako.cz\/index.php\/javorova-masivni-predsinova-stena\/\" data-type=\"page\" data-id=\"632\">Javorov\u00e1 masivn\u00ed p\u0159eds\u00ed\u0148ov\u00e1 st\u011bna<\/a><\/p>\n\n\n\n<div style=\"height:20px\" aria-hidden=\"true\" class=\"wp-block-spacer\"><\/div>\n\n\n\n<figure class=\"wp-block-gallery has-nested-images columns-7 is-cropped wp-block-gallery-1 is-layout-flex wp-block-gallery-is-layout-flex\">\n<figure class=\"wp-block-image size-large\"><a href=\"https:\/\/www.petako.cz\/index.php\/predsinova-sestava\/\"><img loading=\"lazy\" decoding=\"async\" width=\"686\" height=\"1024\" data-id=\"259\" src=\"https:\/\/www.petako.cz\/wp-content\/uploads\/2024\/05\/33-1-686x1024.jpg\" alt=\"\" class=\"wp-image-259\" srcset=\"https:\/\/www.petako.cz\/wp-content\/uploads\/2024\/05\/33-1-686x1024.jpg 686w, https:\/\/www.petako.cz\/wp-content\/uploads\/2024\/05\/33-1-201x300.jpg 201w, https:\/\/www.petako.cz\/wp-content\/uploads\/2024\/05\/33-1-768x1147.jpg 768w, https:\/\/www.petako.cz\/wp-content\/uploads\/2024\/05\/33-1-1029x1536.jpg 1029w, https:\/\/www.petako.cz\/wp-content\/uploads\/2024\/05\/33-1.jpg 1053w\" sizes=\"auto, (max-width: 686px) 100vw, 686px\" \/><\/a><\/figure>\n\n\n\n<figure class=\"wp-block-image size-large\"><a href=\"https:\/\/www.petako.cz\/index.php\/predsinova-sestava\/\"><img loading=\"lazy\" decoding=\"async\" width=\"757\" height=\"1024\" data-id=\"258\" src=\"https:\/\/www.petako.cz\/wp-content\/uploads\/2024\/05\/32-1-757x1024.jpg\" alt=\"\" class=\"wp-image-258\" srcset=\"https:\/\/www.petako.cz\/wp-content\/uploads\/2024\/05\/32-1-757x1024.jpg 757w, https:\/\/www.petako.cz\/wp-content\/uploads\/2024\/05\/32-1-222x300.jpg 222w, https:\/\/www.petako.cz\/wp-content\/uploads\/2024\/05\/32-1-768x1039.jpg 768w, https:\/\/www.petako.cz\/wp-content\/uploads\/2024\/05\/32-1-1136x1536.jpg 1136w, https:\/\/www.petako.cz\/wp-content\/uploads\/2024\/05\/32-1.jpg 1293w\" sizes=\"auto, (max-width: 757px) 100vw, 757px\" \/><\/a><\/figure>\n\n\n\n<figure class=\"wp-block-image size-large\"><a href=\"https:\/\/www.petako.cz\/index.php\/predsinova-sestava\/\"><img loading=\"lazy\" decoding=\"async\" width=\"792\" height=\"1024\" data-id=\"256\" src=\"https:\/\/www.petako.cz\/wp-content\/uploads\/2024\/05\/30-1-792x1024.jpg\" alt=\"\" class=\"wp-image-256\" srcset=\"https:\/\/www.petako.cz\/wp-content\/uploads\/2024\/05\/30-1-792x1024.jpg 792w, https:\/\/www.petako.cz\/wp-content\/uploads\/2024\/05\/30-1-232x300.jpg 232w, https:\/\/www.petako.cz\/wp-content\/uploads\/2024\/05\/30-1-768x993.jpg 768w, https:\/\/www.petako.cz\/wp-content\/uploads\/2024\/05\/30-1-1188x1536.jpg 1188w, https:\/\/www.petako.cz\/wp-content\/uploads\/2024\/05\/30-1.jpg 1320w\" sizes=\"auto, (max-width: 792px) 100vw, 792px\" \/><\/a><\/figure>\n\n\n\n<figure class=\"wp-block-image size-large\"><a href=\"https:\/\/www.petako.cz\/index.php\/predsinova-sestava-stena-a-stolek\/\"><img loading=\"lazy\" decoding=\"async\" width=\"483\" height=\"761\" data-id=\"173\" src=\"https:\/\/www.petako.cz\/wp-content\/uploads\/2024\/02\/35-1.jpg\" alt=\"\" class=\"wp-image-173\" srcset=\"https:\/\/www.petako.cz\/wp-content\/uploads\/2024\/02\/35-1.jpg 483w, https:\/\/www.petako.cz\/wp-content\/uploads\/2024\/02\/35-1-190x300.jpg 190w\" sizes=\"auto, (max-width: 483px) 100vw, 483px\" \/><\/a><\/figure>\n\n\n\n<figure class=\"wp-block-image size-large\"><a href=\"https:\/\/www.petako.cz\/index.php\/predsinova-sestava-stena-a-stolek\/\"><img loading=\"lazy\" decoding=\"async\" width=\"525\" height=\"710\" data-id=\"168\" src=\"https:\/\/www.petako.cz\/wp-content\/uploads\/2024\/02\/36.jpg\" alt=\"\" class=\"wp-image-168\" srcset=\"https:\/\/www.petako.cz\/wp-content\/uploads\/2024\/02\/36.jpg 525w, https:\/\/www.petako.cz\/wp-content\/uploads\/2024\/02\/36-222x300.jpg 222w\" sizes=\"auto, (max-width: 525px) 100vw, 525px\" \/><\/a><\/figure>\n\n\n\n<figure class=\"wp-block-image size-large\"><a href=\"https:\/\/www.petako.cz\/index.php\/predsinova-stena-s-oblozenim-matna-vanilka\/\"><img loading=\"lazy\" decoding=\"async\" width=\"900\" height=\"1000\" data-id=\"159\" src=\"https:\/\/www.petako.cz\/wp-content\/uploads\/2024\/02\/38.jpg\" alt=\"\" class=\"wp-image-159\" srcset=\"https:\/\/www.petako.cz\/wp-content\/uploads\/2024\/02\/38.jpg 900w, https:\/\/www.petako.cz\/wp-content\/uploads\/2024\/02\/38-270x300.jpg 270w, https:\/\/www.petako.cz\/wp-content\/uploads\/2024\/02\/38-768x853.jpg 768w\" sizes=\"auto, (max-width: 900px) 100vw, 900px\" \/><\/a><\/figure>\n\n\n\n<figure class=\"wp-block-image size-large\"><a href=\"https:\/\/www.petako.cz\/index.php\/predsinova-stena-s-oblozenim-matna-vanilka\/\"><img loading=\"lazy\" decoding=\"async\" width=\"712\" height=\"1000\" data-id=\"160\" src=\"https:\/\/www.petako.cz\/wp-content\/uploads\/2024\/02\/39.jpg\" alt=\"\" class=\"wp-image-160\" srcset=\"https:\/\/www.petako.cz\/wp-content\/uploads\/2024\/02\/39.jpg 712w, https:\/\/www.petako.cz\/wp-content\/uploads\/2024\/02\/39-214x300.jpg 214w\" sizes=\"auto, (max-width: 712px) 100vw, 712px\" \/><\/a><\/figure>\n<\/figure>\n","protected":false},"excerpt":{"rendered":"<p>Uk\u00e1zka realizac\u00ed p\u0159eds\u00ed\u0148ov\u00fdch st\u011bn a oblo\u017een\u00ed P\u0159eds\u00ed\u0148ov\u00e1 st\u011bna s oblo\u017een\u00edm matn\u00e1 vanilka P\u0159eds\u00ed\u0148ov\u00e1 sestava \u2013 st\u011bna a stolek P\u0159eds\u00ed\u0148ov\u00e1 sestava Javorov\u00e1 masivn\u00ed p\u0159eds\u00ed\u0148ov\u00e1 st\u011bna<\/p>\n","protected":false},"author":1,"featured_media":0,"parent":0,"menu_order":0,"comment_status":"closed","ping_status":"closed","template":"","meta":{"footnotes":""},"class_list":["post-489","page","type-page","status-publish","hentry"],"_links":{"self":[{"href":"https:\/\/www.petako.cz\/index.php\/wp-json\/wp\/v2\/pages\/489","targetHints":{"allow":["GET"]}}],"collection":[{"href":"https:\/\/www.petako.cz\/index.php\/wp-json\/wp\/v2\/pages"}],"about":[{"href":"https:\/\/www.petako.cz\/index.php\/wp-json\/wp\/v2\/types\/page"}],"author":[{"embeddable":true,"href":"https:\/\/www.petako.cz\/index.php\/wp-json\/wp\/v2\/users\/1"}],"replies":[{"embeddable":true,"href":"https:\/\/www.petako.cz\/index.php\/wp-json\/wp\/v2\/comments?post=489"}],"version-history":[{"count":3,"href":"https:\/\/www.petako.cz\/index.php\/wp-json\/wp\/v2\/pages\/489\/revisions"}],"predecessor-version":[{"id":642,"href":"https:\/\/www.petako.cz\/index.php\/wp-json\/wp\/v2\/pages\/489\/revisions\/642"}],"wp:attachment":[{"href":"https:\/\/www.petako.cz\/index.php\/wp-json\/wp\/v2\/media?parent=489"}],"curies":[{"name":"wp","href":"https:\/\/api.w.org\/{rel}","templated":true}]}}