{"id":493,"date":"2024-05-07T15:30:48","date_gmt":"2024-05-07T13:30:48","guid":{"rendered":"https:\/\/www.petako.cz\/?page_id=493"},"modified":"2024-05-07T19:53:06","modified_gmt":"2024-05-07T17:53:06","slug":"vestavna-i-samostatna-satni-skrin-kombinace-cerno-cervena","status":"publish","type":"page","link":"https:\/\/www.petako.cz\/index.php\/vestavna-i-samostatna-satni-skrin-kombinace-cerno-cervena\/","title":{"rendered":"Vestavn\u00e1 i samostatn\u00e1 \u0161atn\u00ed sk\u0159\u00ed\u0148 kombinace \u010derno \u010derven\u00e1"},"content":{"rendered":"\n<p>Vestavn\u00e1 \u0161atn\u00ed sk\u0159\u00ed\u0148 s posuvn\u00fdmi dve\u0159mi s hlin\u00edkov\u00fdmi r\u00e1my a sk\u0159\u00ed\u0148 samostatn\u011b stoj\u00edc\u00ed. Materi\u00e1l dve\u0159\u00ed a korpusu Krono DTD barva \u010dern\u00e1 a folie Trachea.<\/p>\n\n\n\n<div style=\"height:20px\" aria-hidden=\"true\" class=\"wp-block-spacer\"><\/div>\n\n\n\n<figure class=\"wp-block-gallery has-nested-images columns-2 is-cropped wp-block-gallery-1 is-layout-flex wp-block-gallery-is-layout-flex\">\n<figure class=\"wp-block-image size-large\"><a href=\"https:\/\/www.petako.cz\/wp-content\/uploads\/2024\/05\/34.jpg\" target=\"_blank\" rel=\"noopener\"><img loading=\"lazy\" decoding=\"async\" width=\"1024\" height=\"681\" data-id=\"494\" src=\"https:\/\/www.petako.cz\/wp-content\/uploads\/2024\/05\/34-1024x681.jpg\" alt=\"\" class=\"wp-image-494\" srcset=\"https:\/\/www.petako.cz\/wp-content\/uploads\/2024\/05\/34-1024x681.jpg 1024w, https:\/\/www.petako.cz\/wp-content\/uploads\/2024\/05\/34-300x199.jpg 300w, https:\/\/www.petako.cz\/wp-content\/uploads\/2024\/05\/34-768x510.jpg 768w, https:\/\/www.petako.cz\/wp-content\/uploads\/2024\/05\/34.jpg 1500w\" sizes=\"auto, (max-width: 1024px) 100vw, 1024px\" \/><\/a><\/figure>\n\n\n\n<figure class=\"wp-block-image size-large\"><a href=\"https:\/\/www.petako.cz\/wp-content\/uploads\/2024\/05\/35.jpg\" target=\"_blank\" rel=\"noopener\"><img loading=\"lazy\" decoding=\"async\" width=\"614\" height=\"1024\" data-id=\"495\" src=\"https:\/\/www.petako.cz\/wp-content\/uploads\/2024\/05\/35-614x1024.jpg\" alt=\"\" class=\"wp-image-495\" srcset=\"https:\/\/www.petako.cz\/wp-content\/uploads\/2024\/05\/35-614x1024.jpg 614w, https:\/\/www.petako.cz\/wp-content\/uploads\/2024\/05\/35-180x300.jpg 180w, https:\/\/www.petako.cz\/wp-content\/uploads\/2024\/05\/35-768x1280.jpg 768w, https:\/\/www.petako.cz\/wp-content\/uploads\/2024\/05\/35.jpg 900w\" sizes=\"auto, (max-width: 614px) 100vw, 614px\" \/><\/a><\/figure>\n<\/figure>\n\n\n\n<div style=\"height:30px\" aria-hidden=\"true\" class=\"wp-block-spacer\"><\/div>\n\n\n\n<p class=\"has-text-align-right\"><a href=\"https:\/\/www.petako.cz\/index.php\/loznice-a-vestavne-skrine\/\">Zp\u011bt<\/a><\/p>\n","protected":false},"excerpt":{"rendered":"<p>Vestavn\u00e1 \u0161atn\u00ed sk\u0159\u00ed\u0148 s posuvn\u00fdmi dve\u0159mi s hlin\u00edkov\u00fdmi r\u00e1my a sk\u0159\u00ed\u0148 samostatn\u011b stoj\u00edc\u00ed. Materi\u00e1l dve\u0159\u00ed a korpusu Krono DTD barva \u010dern\u00e1 a folie Trachea. Zp\u011bt<\/p>\n","protected":false},"author":1,"featured_media":0,"parent":0,"menu_order":0,"comment_status":"closed","ping_status":"closed","template":"","meta":{"footnotes":""},"class_list":["post-493","page","type-page","status-publish","hentry"],"_links":{"self":[{"href":"https:\/\/www.petako.cz\/index.php\/wp-json\/wp\/v2\/pages\/493","targetHints":{"allow":["GET"]}}],"collection":[{"href":"https:\/\/www.petako.cz\/index.php\/wp-json\/wp\/v2\/pages"}],"about":[{"href":"https:\/\/www.petako.cz\/index.php\/wp-json\/wp\/v2\/types\/page"}],"author":[{"embeddable":true,"href":"https:\/\/www.petako.cz\/index.php\/wp-json\/wp\/v2\/users\/1"}],"replies":[{"embeddable":true,"href":"https:\/\/www.petako.cz\/index.php\/wp-json\/wp\/v2\/comments?post=493"}],"version-history":[{"count":3,"href":"https:\/\/www.petako.cz\/index.php\/wp-json\/wp\/v2\/pages\/493\/revisions"}],"predecessor-version":[{"id":594,"href":"https:\/\/www.petako.cz\/index.php\/wp-json\/wp\/v2\/pages\/493\/revisions\/594"}],"wp:attachment":[{"href":"https:\/\/www.petako.cz\/index.php\/wp-json\/wp\/v2\/media?parent=493"}],"curies":[{"name":"wp","href":"https:\/\/api.w.org\/{rel}","templated":true}]}}