{"id":510,"date":"2024-05-07T16:17:21","date_gmt":"2024-05-07T14:17:21","guid":{"rendered":"https:\/\/www.petako.cz\/?page_id=510"},"modified":"2024-05-07T19:54:00","modified_gmt":"2024-05-07T17:54:00","slug":"vestavna-satni-skrin-matne-bila","status":"publish","type":"page","link":"https:\/\/www.petako.cz\/index.php\/vestavna-satni-skrin-matne-bila\/","title":{"rendered":"Vestavn\u00e1 \u0161atn\u00ed sk\u0159\u00ed\u0148 matn\u011b b\u00edl\u00e1"},"content":{"rendered":"\n<p>Vestavn\u00e1 \u0161atn\u00ed sk\u0159\u00ed\u0148 matn\u011b b\u00edl\u00e1 st\u0159\u00edkan\u00e1 z materi\u00e1lu MDF s fr\u00e9zovan\u00fdmi \u00fachytkami a otv\u00edr\u00e1n\u00ed pushup, vnit\u0159n\u00ed vybaven\u00ed police a z\u00e1suvky s \u010d\u00e1ste\u010dn\u00fd v\u00fdsuvem Sambox<\/p>\n\n\n\n<div style=\"height:20px\" aria-hidden=\"true\" class=\"wp-block-spacer\"><\/div>\n\n\n\n<figure class=\"wp-block-gallery has-nested-images columns-default is-cropped wp-block-gallery-1 is-layout-flex wp-block-gallery-is-layout-flex\">\n<figure class=\"wp-block-image size-large\"><a href=\"https:\/\/www.petako.cz\/wp-content\/uploads\/2024\/05\/11.jpg\" target=\"_blank\" rel=\"noopener\"><img loading=\"lazy\" decoding=\"async\" width=\"595\" height=\"1024\" data-id=\"512\" src=\"https:\/\/www.petako.cz\/wp-content\/uploads\/2024\/05\/11-595x1024.jpg\" alt=\"\" class=\"wp-image-512\" srcset=\"https:\/\/www.petako.cz\/wp-content\/uploads\/2024\/05\/11-595x1024.jpg 595w, https:\/\/www.petako.cz\/wp-content\/uploads\/2024\/05\/11-174x300.jpg 174w, https:\/\/www.petako.cz\/wp-content\/uploads\/2024\/05\/11-768x1323.jpg 768w, https:\/\/www.petako.cz\/wp-content\/uploads\/2024\/05\/11.jpg 871w\" sizes=\"auto, (max-width: 595px) 100vw, 595px\" \/><\/a><\/figure>\n\n\n\n<figure class=\"wp-block-image size-large\"><a href=\"https:\/\/www.petako.cz\/wp-content\/uploads\/2024\/05\/13-1.jpg\" target=\"_blank\" rel=\"noopener\"><img loading=\"lazy\" decoding=\"async\" width=\"482\" height=\"1024\" data-id=\"511\" src=\"https:\/\/www.petako.cz\/wp-content\/uploads\/2024\/05\/13-1-482x1024.jpg\" alt=\"\" class=\"wp-image-511\" srcset=\"https:\/\/www.petako.cz\/wp-content\/uploads\/2024\/05\/13-1-482x1024.jpg 482w, https:\/\/www.petako.cz\/wp-content\/uploads\/2024\/05\/13-1-141x300.jpg 141w, https:\/\/www.petako.cz\/wp-content\/uploads\/2024\/05\/13-1.jpg 706w\" sizes=\"auto, (max-width: 482px) 100vw, 482px\" \/><\/a><\/figure>\n<\/figure>\n\n\n\n<div style=\"height:30px\" aria-hidden=\"true\" class=\"wp-block-spacer\"><\/div>\n\n\n\n<p class=\"has-text-align-right\"><a href=\"https:\/\/www.petako.cz\/index.php\/loznice-a-vestavne-skrine\/\">Zp\u011bt<\/a><\/p>\n","protected":false},"excerpt":{"rendered":"<p>Vestavn\u00e1 \u0161atn\u00ed sk\u0159\u00ed\u0148 matn\u011b b\u00edl\u00e1 st\u0159\u00edkan\u00e1 z materi\u00e1lu MDF s fr\u00e9zovan\u00fdmi \u00fachytkami a otv\u00edr\u00e1n\u00ed pushup, vnit\u0159n\u00ed vybaven\u00ed police a z\u00e1suvky s \u010d\u00e1ste\u010dn\u00fd v\u00fdsuvem Sambox Zp\u011bt<\/p>\n","protected":false},"author":1,"featured_media":0,"parent":0,"menu_order":0,"comment_status":"closed","ping_status":"closed","template":"","meta":{"footnotes":""},"class_list":["post-510","page","type-page","status-publish","hentry"],"_links":{"self":[{"href":"https:\/\/www.petako.cz\/index.php\/wp-json\/wp\/v2\/pages\/510","targetHints":{"allow":["GET"]}}],"collection":[{"href":"https:\/\/www.petako.cz\/index.php\/wp-json\/wp\/v2\/pages"}],"about":[{"href":"https:\/\/www.petako.cz\/index.php\/wp-json\/wp\/v2\/types\/page"}],"author":[{"embeddable":true,"href":"https:\/\/www.petako.cz\/index.php\/wp-json\/wp\/v2\/users\/1"}],"replies":[{"embeddable":true,"href":"https:\/\/www.petako.cz\/index.php\/wp-json\/wp\/v2\/comments?post=510"}],"version-history":[{"count":2,"href":"https:\/\/www.petako.cz\/index.php\/wp-json\/wp\/v2\/pages\/510\/revisions"}],"predecessor-version":[{"id":595,"href":"https:\/\/www.petako.cz\/index.php\/wp-json\/wp\/v2\/pages\/510\/revisions\/595"}],"wp:attachment":[{"href":"https:\/\/www.petako.cz\/index.php\/wp-json\/wp\/v2\/media?parent=510"}],"curies":[{"name":"wp","href":"https:\/\/api.w.org\/{rel}","templated":true}]}}