{"id":515,"date":"2024-05-07T16:25:59","date_gmt":"2024-05-07T14:25:59","guid":{"rendered":"https:\/\/www.petako.cz\/?page_id=515"},"modified":"2024-05-07T19:54:57","modified_gmt":"2024-05-07T17:54:57","slug":"vestavna-satni-skrin-sikma","status":"publish","type":"page","link":"https:\/\/www.petako.cz\/index.php\/vestavna-satni-skrin-sikma\/","title":{"rendered":"Vestavn\u00e1 \u0161atn\u00ed sk\u0159\u00ed\u0148 \u0161ikm\u00e1"},"content":{"rendered":"\n<p>Vestavn\u00e1 \u0161atn\u00ed sk\u0159\u00ed\u0148 DTD lamino s hranou ABS a hlin\u00edkov\u00fdmi zafr\u00e9zovan\u00fdmi \u00fachyty. Dve\u0159e maj\u00ed otv\u00edr\u00e1n\u00ed 180 stup\u0148\u016f, vybaven\u00ed vnit\u0159n\u00ed z\u00e1suvky, sklopn\u00e1 \u0161atn\u00ed ty\u010d.<\/p>\n\n\n\n<div style=\"height:20px\" aria-hidden=\"true\" class=\"wp-block-spacer\"><\/div>\n\n\n\n<figure class=\"wp-block-gallery has-nested-images columns-default is-cropped wp-block-gallery-1 is-layout-flex wp-block-gallery-is-layout-flex\">\n<figure class=\"wp-block-image size-large\"><a href=\"https:\/\/www.petako.cz\/wp-content\/uploads\/2024\/05\/27.jpg\" target=\"_blank\" rel=\"noopener\"><img loading=\"lazy\" decoding=\"async\" width=\"1024\" height=\"784\" data-id=\"516\" src=\"https:\/\/www.petako.cz\/wp-content\/uploads\/2024\/05\/27-1024x784.jpg\" alt=\"\" class=\"wp-image-516\" srcset=\"https:\/\/www.petako.cz\/wp-content\/uploads\/2024\/05\/27-1024x784.jpg 1024w, https:\/\/www.petako.cz\/wp-content\/uploads\/2024\/05\/27-300x230.jpg 300w, https:\/\/www.petako.cz\/wp-content\/uploads\/2024\/05\/27-768x588.jpg 768w, https:\/\/www.petako.cz\/wp-content\/uploads\/2024\/05\/27.jpg 1500w\" sizes=\"auto, (max-width: 1024px) 100vw, 1024px\" \/><\/a><\/figure>\n\n\n\n<figure class=\"wp-block-image size-large\"><a href=\"https:\/\/www.petako.cz\/wp-content\/uploads\/2024\/05\/27a.jpg\" target=\"_blank\" rel=\"noopener\"><img loading=\"lazy\" decoding=\"async\" width=\"1024\" height=\"814\" data-id=\"517\" src=\"https:\/\/www.petako.cz\/wp-content\/uploads\/2024\/05\/27a-1024x814.jpg\" alt=\"\" class=\"wp-image-517\" srcset=\"https:\/\/www.petako.cz\/wp-content\/uploads\/2024\/05\/27a-1024x814.jpg 1024w, https:\/\/www.petako.cz\/wp-content\/uploads\/2024\/05\/27a-300x238.jpg 300w, https:\/\/www.petako.cz\/wp-content\/uploads\/2024\/05\/27a-768x610.jpg 768w, https:\/\/www.petako.cz\/wp-content\/uploads\/2024\/05\/27a.jpg 1500w\" sizes=\"auto, (max-width: 1024px) 100vw, 1024px\" \/><\/a><\/figure>\n<\/figure>\n\n\n\n<div style=\"height:30px\" aria-hidden=\"true\" class=\"wp-block-spacer\"><\/div>\n\n\n\n<p class=\"has-text-align-right\"><a href=\"https:\/\/www.petako.cz\/index.php\/loznice-a-vestavne-skrine\/\">Zp\u011bt<\/a><\/p>\n","protected":false},"excerpt":{"rendered":"<p>Vestavn\u00e1 \u0161atn\u00ed sk\u0159\u00ed\u0148 DTD lamino s hranou ABS a hlin\u00edkov\u00fdmi zafr\u00e9zovan\u00fdmi \u00fachyty. Dve\u0159e maj\u00ed otv\u00edr\u00e1n\u00ed 180 stup\u0148\u016f, vybaven\u00ed vnit\u0159n\u00ed z\u00e1suvky, sklopn\u00e1 \u0161atn\u00ed ty\u010d. Zp\u011bt<\/p>\n","protected":false},"author":1,"featured_media":0,"parent":0,"menu_order":0,"comment_status":"closed","ping_status":"closed","template":"","meta":{"footnotes":""},"class_list":["post-515","page","type-page","status-publish","hentry"],"_links":{"self":[{"href":"https:\/\/www.petako.cz\/index.php\/wp-json\/wp\/v2\/pages\/515","targetHints":{"allow":["GET"]}}],"collection":[{"href":"https:\/\/www.petako.cz\/index.php\/wp-json\/wp\/v2\/pages"}],"about":[{"href":"https:\/\/www.petako.cz\/index.php\/wp-json\/wp\/v2\/types\/page"}],"author":[{"embeddable":true,"href":"https:\/\/www.petako.cz\/index.php\/wp-json\/wp\/v2\/users\/1"}],"replies":[{"embeddable":true,"href":"https:\/\/www.petako.cz\/index.php\/wp-json\/wp\/v2\/comments?post=515"}],"version-history":[{"count":2,"href":"https:\/\/www.petako.cz\/index.php\/wp-json\/wp\/v2\/pages\/515\/revisions"}],"predecessor-version":[{"id":596,"href":"https:\/\/www.petako.cz\/index.php\/wp-json\/wp\/v2\/pages\/515\/revisions\/596"}],"wp:attachment":[{"href":"https:\/\/www.petako.cz\/index.php\/wp-json\/wp\/v2\/media?parent=515"}],"curies":[{"name":"wp","href":"https:\/\/api.w.org\/{rel}","templated":true}]}}