{"id":520,"date":"2024-05-07T16:31:41","date_gmt":"2024-05-07T14:31:41","guid":{"rendered":"https:\/\/www.petako.cz\/?page_id=520"},"modified":"2024-05-07T19:55:55","modified_gmt":"2024-05-07T17:55:55","slug":"vestavna-skrin-s-pracovnim-stolkem","status":"publish","type":"page","link":"https:\/\/www.petako.cz\/index.php\/vestavna-skrin-s-pracovnim-stolkem\/","title":{"rendered":"Vestavn\u00e1 sk\u0159\u00ed\u0148 s pracovn\u00edm stolkem"},"content":{"rendered":"\n<p>Vestavn\u00e9 sk\u0159\u00edn\u011b s MDF dve\u0159mi, otv\u00edr\u00e1n\u00edm pushup, s osv\u011btlenou otev\u0159enou polic\u00ed, sou\u010d\u00e1st\u00ed je i pracovn\u00ed st\u016fl s d\u0159ev\u011bn\u00fdm oblo\u017een\u00edm z masivn\u00edch lat\u00ed mo\u0159en\u00fdch na tmavou barvu.<\/p>\n\n\n\n<div style=\"height:20px\" aria-hidden=\"true\" class=\"wp-block-spacer\"><\/div>\n\n\n\n<figure class=\"wp-block-gallery has-nested-images columns-default is-cropped wp-block-gallery-1 is-layout-flex wp-block-gallery-is-layout-flex\">\n<figure class=\"wp-block-image size-large\"><a href=\"https:\/\/www.petako.cz\/wp-content\/uploads\/2024\/05\/18.jpg\" target=\"_blank\" rel=\"noopener\"><img loading=\"lazy\" decoding=\"async\" width=\"1011\" height=\"1024\" data-id=\"521\" src=\"https:\/\/www.petako.cz\/wp-content\/uploads\/2024\/05\/18-1011x1024.jpg\" alt=\"\" class=\"wp-image-521\" srcset=\"https:\/\/www.petako.cz\/wp-content\/uploads\/2024\/05\/18-1011x1024.jpg 1011w, https:\/\/www.petako.cz\/wp-content\/uploads\/2024\/05\/18-296x300.jpg 296w, https:\/\/www.petako.cz\/wp-content\/uploads\/2024\/05\/18-768x778.jpg 768w, https:\/\/www.petako.cz\/wp-content\/uploads\/2024\/05\/18.jpg 1325w\" sizes=\"auto, (max-width: 1011px) 100vw, 1011px\" \/><\/a><\/figure>\n\n\n\n<figure class=\"wp-block-image size-large\"><a href=\"https:\/\/www.petako.cz\/wp-content\/uploads\/2024\/05\/19.jpg\" target=\"_blank\" rel=\"noopener\"><img loading=\"lazy\" decoding=\"async\" width=\"911\" height=\"1024\" data-id=\"522\" src=\"https:\/\/www.petako.cz\/wp-content\/uploads\/2024\/05\/19-911x1024.jpg\" alt=\"\" class=\"wp-image-522\" srcset=\"https:\/\/www.petako.cz\/wp-content\/uploads\/2024\/05\/19-911x1024.jpg 911w, https:\/\/www.petako.cz\/wp-content\/uploads\/2024\/05\/19-267x300.jpg 267w, https:\/\/www.petako.cz\/wp-content\/uploads\/2024\/05\/19-768x864.jpg 768w, https:\/\/www.petako.cz\/wp-content\/uploads\/2024\/05\/19.jpg 1205w\" sizes=\"auto, (max-width: 911px) 100vw, 911px\" \/><\/a><\/figure>\n<\/figure>\n\n\n\n<div style=\"height:30px\" aria-hidden=\"true\" class=\"wp-block-spacer\"><\/div>\n\n\n\n<p class=\"has-text-align-right\"><a href=\"https:\/\/www.petako.cz\/index.php\/loznice-a-vestavne-skrine\/\">Zp\u011bt<\/a><\/p>\n","protected":false},"excerpt":{"rendered":"<p>Vestavn\u00e9 sk\u0159\u00edn\u011b s MDF dve\u0159mi, otv\u00edr\u00e1n\u00edm pushup, s osv\u011btlenou otev\u0159enou polic\u00ed, sou\u010d\u00e1st\u00ed je i pracovn\u00ed st\u016fl s d\u0159ev\u011bn\u00fdm oblo\u017een\u00edm z masivn\u00edch lat\u00ed mo\u0159en\u00fdch na tmavou barvu. Zp\u011bt<\/p>\n","protected":false},"author":1,"featured_media":0,"parent":0,"menu_order":0,"comment_status":"closed","ping_status":"closed","template":"","meta":{"footnotes":""},"class_list":["post-520","page","type-page","status-publish","hentry"],"_links":{"self":[{"href":"https:\/\/www.petako.cz\/index.php\/wp-json\/wp\/v2\/pages\/520","targetHints":{"allow":["GET"]}}],"collection":[{"href":"https:\/\/www.petako.cz\/index.php\/wp-json\/wp\/v2\/pages"}],"about":[{"href":"https:\/\/www.petako.cz\/index.php\/wp-json\/wp\/v2\/types\/page"}],"author":[{"embeddable":true,"href":"https:\/\/www.petako.cz\/index.php\/wp-json\/wp\/v2\/users\/1"}],"replies":[{"embeddable":true,"href":"https:\/\/www.petako.cz\/index.php\/wp-json\/wp\/v2\/comments?post=520"}],"version-history":[{"count":2,"href":"https:\/\/www.petako.cz\/index.php\/wp-json\/wp\/v2\/pages\/520\/revisions"}],"predecessor-version":[{"id":597,"href":"https:\/\/www.petako.cz\/index.php\/wp-json\/wp\/v2\/pages\/520\/revisions\/597"}],"wp:attachment":[{"href":"https:\/\/www.petako.cz\/index.php\/wp-json\/wp\/v2\/media?parent=520"}],"curies":[{"name":"wp","href":"https:\/\/api.w.org\/{rel}","templated":true}]}}