{"id":525,"date":"2024-05-07T16:36:45","date_gmt":"2024-05-07T14:36:45","guid":{"rendered":"https:\/\/www.petako.cz\/?page_id=525"},"modified":"2024-05-07T19:56:45","modified_gmt":"2024-05-07T17:56:45","slug":"vestavna-satni-skrin-s-posuvnymi-dvermi-2","status":"publish","type":"page","link":"https:\/\/www.petako.cz\/index.php\/vestavna-satni-skrin-s-posuvnymi-dvermi-2\/","title":{"rendered":"Vestavn\u00e1 \u0161atn\u00ed sk\u0159\u00ed\u0148 s posuvn\u00fdmi dve\u0159mi"},"content":{"rendered":"\n<p>Vestavn\u00e1 \u0161atn\u00ed sk\u0159\u00ed\u0148 s posuvn\u00fdmi dve\u0159mi, \u010dern\u00fdmi r\u00e1my s brzdami, sou\u010d\u00e1st\u00ed sk\u0159\u00edn\u011b i pracovn\u00ed st\u016fl v proveden\u00ed DTD lamino Egger dub s v\u00fdklopnou elektrickou z\u00e1suvkou jej\u00ed\u017e sou\u010d\u00e1st\u00ed je USB<\/p>\n\n\n\n<div style=\"height:20px\" aria-hidden=\"true\" class=\"wp-block-spacer\"><\/div>\n\n\n\n<figure class=\"wp-block-gallery has-nested-images columns-default is-cropped wp-block-gallery-1 is-layout-flex wp-block-gallery-is-layout-flex\">\n<figure class=\"wp-block-image size-large\"><a href=\"https:\/\/www.petako.cz\/wp-content\/uploads\/2024\/05\/22-1.jpg\" target=\"_blank\" rel=\"noopener\"><img loading=\"lazy\" decoding=\"async\" width=\"1024\" height=\"769\" data-id=\"527\" src=\"https:\/\/www.petako.cz\/wp-content\/uploads\/2024\/05\/22-1-1024x769.jpg\" alt=\"\" class=\"wp-image-527\" srcset=\"https:\/\/www.petako.cz\/wp-content\/uploads\/2024\/05\/22-1-1024x769.jpg 1024w, https:\/\/www.petako.cz\/wp-content\/uploads\/2024\/05\/22-1-300x225.jpg 300w, https:\/\/www.petako.cz\/wp-content\/uploads\/2024\/05\/22-1-768x577.jpg 768w, https:\/\/www.petako.cz\/wp-content\/uploads\/2024\/05\/22-1.jpg 1500w\" sizes=\"auto, (max-width: 1024px) 100vw, 1024px\" \/><\/a><\/figure>\n\n\n\n<figure class=\"wp-block-image size-large\"><a href=\"https:\/\/www.petako.cz\/wp-content\/uploads\/2024\/05\/23-1.jpg\" target=\"_blank\" rel=\"noopener\"><img loading=\"lazy\" decoding=\"async\" width=\"1024\" height=\"769\" data-id=\"526\" src=\"https:\/\/www.petako.cz\/wp-content\/uploads\/2024\/05\/23-1-1024x769.jpg\" alt=\"\" class=\"wp-image-526\" srcset=\"https:\/\/www.petako.cz\/wp-content\/uploads\/2024\/05\/23-1-1024x769.jpg 1024w, https:\/\/www.petako.cz\/wp-content\/uploads\/2024\/05\/23-1-300x225.jpg 300w, https:\/\/www.petako.cz\/wp-content\/uploads\/2024\/05\/23-1-768x577.jpg 768w, https:\/\/www.petako.cz\/wp-content\/uploads\/2024\/05\/23-1.jpg 1500w\" sizes=\"auto, (max-width: 1024px) 100vw, 1024px\" \/><\/a><\/figure>\n\n\n\n<figure class=\"wp-block-image size-large\"><a href=\"https:\/\/www.petako.cz\/wp-content\/uploads\/2024\/05\/24-1.jpg\" target=\"_blank\" rel=\"noopener\"><img loading=\"lazy\" decoding=\"async\" width=\"1024\" height=\"769\" data-id=\"528\" src=\"https:\/\/www.petako.cz\/wp-content\/uploads\/2024\/05\/24-1-1024x769.jpg\" alt=\"\" class=\"wp-image-528\" srcset=\"https:\/\/www.petako.cz\/wp-content\/uploads\/2024\/05\/24-1-1024x769.jpg 1024w, https:\/\/www.petako.cz\/wp-content\/uploads\/2024\/05\/24-1-300x225.jpg 300w, https:\/\/www.petako.cz\/wp-content\/uploads\/2024\/05\/24-1-768x577.jpg 768w, https:\/\/www.petako.cz\/wp-content\/uploads\/2024\/05\/24-1.jpg 1500w\" sizes=\"auto, (max-width: 1024px) 100vw, 1024px\" \/><\/a><\/figure>\n<\/figure>\n\n\n\n<div style=\"height:30px\" aria-hidden=\"true\" class=\"wp-block-spacer\"><\/div>\n\n\n\n<p class=\"has-text-align-right\"><a href=\"https:\/\/www.petako.cz\/index.php\/loznice-a-vestavne-skrine\/\">Zp\u011bt<\/a><\/p>\n","protected":false},"excerpt":{"rendered":"<p>Vestavn\u00e1 \u0161atn\u00ed sk\u0159\u00ed\u0148 s posuvn\u00fdmi dve\u0159mi, \u010dern\u00fdmi r\u00e1my s brzdami, sou\u010d\u00e1st\u00ed sk\u0159\u00edn\u011b i pracovn\u00ed st\u016fl v proveden\u00ed DTD lamino Egger dub s v\u00fdklopnou elektrickou z\u00e1suvkou jej\u00ed\u017e sou\u010d\u00e1st\u00ed je USB Zp\u011bt<\/p>\n","protected":false},"author":1,"featured_media":0,"parent":0,"menu_order":0,"comment_status":"closed","ping_status":"closed","template":"","meta":{"footnotes":""},"class_list":["post-525","page","type-page","status-publish","hentry"],"_links":{"self":[{"href":"https:\/\/www.petako.cz\/index.php\/wp-json\/wp\/v2\/pages\/525","targetHints":{"allow":["GET"]}}],"collection":[{"href":"https:\/\/www.petako.cz\/index.php\/wp-json\/wp\/v2\/pages"}],"about":[{"href":"https:\/\/www.petako.cz\/index.php\/wp-json\/wp\/v2\/types\/page"}],"author":[{"embeddable":true,"href":"https:\/\/www.petako.cz\/index.php\/wp-json\/wp\/v2\/users\/1"}],"replies":[{"embeddable":true,"href":"https:\/\/www.petako.cz\/index.php\/wp-json\/wp\/v2\/comments?post=525"}],"version-history":[{"count":2,"href":"https:\/\/www.petako.cz\/index.php\/wp-json\/wp\/v2\/pages\/525\/revisions"}],"predecessor-version":[{"id":598,"href":"https:\/\/www.petako.cz\/index.php\/wp-json\/wp\/v2\/pages\/525\/revisions\/598"}],"wp:attachment":[{"href":"https:\/\/www.petako.cz\/index.php\/wp-json\/wp\/v2\/media?parent=525"}],"curies":[{"name":"wp","href":"https:\/\/api.w.org\/{rel}","templated":true}]}}