{"id":531,"date":"2024-05-07T16:41:03","date_gmt":"2024-05-07T14:41:03","guid":{"rendered":"https:\/\/www.petako.cz\/?page_id=531"},"modified":"2024-05-07T19:57:45","modified_gmt":"2024-05-07T17:57:45","slug":"satni-skrin-s-otviravymi-dvermi-bila","status":"publish","type":"page","link":"https:\/\/www.petako.cz\/index.php\/satni-skrin-s-otviravymi-dvermi-bila\/","title":{"rendered":"\u0160atn\u00ed sk\u0159\u00ed\u0148 s otv\u00edrav\u00fdmi dve\u0159mi b\u00edl\u00e1"},"content":{"rendered":"\n<p>\u0160atn\u00ed sk\u0159\u00ed\u0148 s otv\u00edrav\u00fdmi dve\u0159mi z materi\u00e1lu DTD krono b\u00edl\u00e1 s hranami ABS, vnit\u0159n\u00ed vybaven\u00ed pevn\u00e1 \u0161atn\u00ed ty\u010d, police a z\u00e1suvky.<\/p>\n\n\n\n<div style=\"height:20px\" aria-hidden=\"true\" class=\"wp-block-spacer\"><\/div>\n\n\n\n<figure class=\"wp-block-gallery has-nested-images columns-default is-cropped wp-block-gallery-1 is-layout-flex wp-block-gallery-is-layout-flex\">\n<figure class=\"wp-block-image size-large\"><a href=\"https:\/\/www.petako.cz\/wp-content\/uploads\/2024\/05\/40.jpg\" target=\"_blank\" rel=\"noopener\"><img loading=\"lazy\" decoding=\"async\" width=\"685\" height=\"1024\" data-id=\"533\" src=\"https:\/\/www.petako.cz\/wp-content\/uploads\/2024\/05\/40-685x1024.jpg\" alt=\"\" class=\"wp-image-533\" srcset=\"https:\/\/www.petako.cz\/wp-content\/uploads\/2024\/05\/40-685x1024.jpg 685w, https:\/\/www.petako.cz\/wp-content\/uploads\/2024\/05\/40-201x300.jpg 201w, https:\/\/www.petako.cz\/wp-content\/uploads\/2024\/05\/40-768x1149.jpg 768w, https:\/\/www.petako.cz\/wp-content\/uploads\/2024\/05\/40.jpg 1003w\" sizes=\"auto, (max-width: 685px) 100vw, 685px\" \/><\/a><\/figure>\n\n\n\n<figure class=\"wp-block-image size-large\"><a href=\"https:\/\/www.petako.cz\/wp-content\/uploads\/2024\/05\/39-1.jpg\" target=\"_blank\" rel=\"noopener\"><img loading=\"lazy\" decoding=\"async\" width=\"1024\" height=\"681\" data-id=\"532\" src=\"https:\/\/www.petako.cz\/wp-content\/uploads\/2024\/05\/39-1-1024x681.jpg\" alt=\"\" class=\"wp-image-532\" srcset=\"https:\/\/www.petako.cz\/wp-content\/uploads\/2024\/05\/39-1-1024x681.jpg 1024w, https:\/\/www.petako.cz\/wp-content\/uploads\/2024\/05\/39-1-300x199.jpg 300w, https:\/\/www.petako.cz\/wp-content\/uploads\/2024\/05\/39-1-768x510.jpg 768w, https:\/\/www.petako.cz\/wp-content\/uploads\/2024\/05\/39-1.jpg 1500w\" sizes=\"auto, (max-width: 1024px) 100vw, 1024px\" \/><\/a><\/figure>\n<\/figure>\n\n\n\n<div style=\"height:30px\" aria-hidden=\"true\" class=\"wp-block-spacer\"><\/div>\n\n\n\n<p class=\"has-text-align-right\"><a href=\"https:\/\/www.petako.cz\/index.php\/loznice-a-vestavne-skrine\/\">Zp\u011bt<\/a><\/p>\n","protected":false},"excerpt":{"rendered":"<p>\u0160atn\u00ed sk\u0159\u00ed\u0148 s otv\u00edrav\u00fdmi dve\u0159mi z materi\u00e1lu DTD krono b\u00edl\u00e1 s hranami ABS, vnit\u0159n\u00ed vybaven\u00ed pevn\u00e1 \u0161atn\u00ed ty\u010d, police a z\u00e1suvky. Zp\u011bt<\/p>\n","protected":false},"author":1,"featured_media":0,"parent":0,"menu_order":0,"comment_status":"closed","ping_status":"closed","template":"","meta":{"footnotes":""},"class_list":["post-531","page","type-page","status-publish","hentry"],"_links":{"self":[{"href":"https:\/\/www.petako.cz\/index.php\/wp-json\/wp\/v2\/pages\/531","targetHints":{"allow":["GET"]}}],"collection":[{"href":"https:\/\/www.petako.cz\/index.php\/wp-json\/wp\/v2\/pages"}],"about":[{"href":"https:\/\/www.petako.cz\/index.php\/wp-json\/wp\/v2\/types\/page"}],"author":[{"embeddable":true,"href":"https:\/\/www.petako.cz\/index.php\/wp-json\/wp\/v2\/users\/1"}],"replies":[{"embeddable":true,"href":"https:\/\/www.petako.cz\/index.php\/wp-json\/wp\/v2\/comments?post=531"}],"version-history":[{"count":2,"href":"https:\/\/www.petako.cz\/index.php\/wp-json\/wp\/v2\/pages\/531\/revisions"}],"predecessor-version":[{"id":599,"href":"https:\/\/www.petako.cz\/index.php\/wp-json\/wp\/v2\/pages\/531\/revisions\/599"}],"wp:attachment":[{"href":"https:\/\/www.petako.cz\/index.php\/wp-json\/wp\/v2\/media?parent=531"}],"curies":[{"name":"wp","href":"https:\/\/api.w.org\/{rel}","templated":true}]}}