{"id":543,"date":"2024-05-07T17:34:44","date_gmt":"2024-05-07T15:34:44","guid":{"rendered":"https:\/\/www.petako.cz\/?page_id=543"},"modified":"2024-05-07T19:14:16","modified_gmt":"2024-05-07T17:14:16","slug":"kuchyne-kuchynske-linky-a-kouty-klasicke-masivni","status":"publish","type":"page","link":"https:\/\/www.petako.cz\/index.php\/kuchyne-kuchynske-linky-a-kouty-klasicke-masivni\/","title":{"rendered":"Kuchyn\u011b, kuchy\u0148sk\u00e9 linky a kouty &#8211; klasick\u00e9 masivn\u00ed"},"content":{"rendered":"\n<p class=\"has-medium-font-size\"><a href=\"https:\/\/www.petako.cz\/index.php\/stylova-kuchyne-s-masivnimi-dvirky-dub-moreny\/\">Stylov\u00e1 kuchyn\u011b s masivn\u00edmi dv\u00ed\u0159ky dub mo\u0159en\u00fd<\/a><\/p>\n\n\n\n<p class=\"has-medium-font-size\"><a href=\"https:\/\/www.petako.cz\/index.php\/kuchynska-linka-masiv-dub-moreny\/\">Kuchy\u0148sk\u00e1 linka masiv dub mo\u0159en\u00fd<\/a><\/p>\n\n\n\n<p class=\"has-medium-font-size\"><a href=\"https:\/\/www.petako.cz\/index.php\/stylova-kuchyne-s-masivnimi-dvirky-olse\/\">Stylov\u00e1 kuchyn\u011b s masivn\u00edmi dv\u00ed\u0159ky ol\u0161e<\/a><\/p>\n\n\n\n<p class=\"has-medium-font-size\"><a href=\"https:\/\/www.petako.cz\/index.php\/stylova-kuchyne-s-masivnimi-dvirky-jasan\/\">Stylov\u00e1 kuchyn\u011b s masivn\u00edmi dv\u00ed\u0159ky jasan<\/a><\/p>\n\n\n\n<p class=\"has-medium-font-size\"><a href=\"https:\/\/www.petako.cz\/index.php\/stylova-kuchyne-s-masivnimi-dubovymi-dvirky\/\">Stylov\u00e1 kuchyn\u011b s masivn\u00edmi dubov\u00fdmi dv\u00ed\u0159ky<\/a><\/p>\n\n\n\n<div style=\"height:60px\" aria-hidden=\"true\" class=\"wp-block-spacer\"><\/div>\n\n\n\n<p class=\"has-text-align-right\"><a href=\"https:\/\/www.petako.cz\/index.php\/kuchynske-linky\/\">Zp\u011bt<\/a><\/p>\n","protected":false},"excerpt":{"rendered":"<p>Stylov\u00e1 kuchyn\u011b s masivn\u00edmi dv\u00ed\u0159ky dub mo\u0159en\u00fd Kuchy\u0148sk\u00e1 linka masiv dub mo\u0159en\u00fd Stylov\u00e1 kuchyn\u011b s masivn\u00edmi dv\u00ed\u0159ky ol\u0161e Stylov\u00e1 kuchyn\u011b s masivn\u00edmi dv\u00ed\u0159ky jasan Stylov\u00e1 kuchyn\u011b s masivn\u00edmi dubov\u00fdmi dv\u00ed\u0159ky Zp\u011bt<\/p>\n","protected":false},"author":1,"featured_media":0,"parent":0,"menu_order":0,"comment_status":"closed","ping_status":"closed","template":"","meta":{"footnotes":""},"class_list":["post-543","page","type-page","status-publish","hentry"],"_links":{"self":[{"href":"https:\/\/www.petako.cz\/index.php\/wp-json\/wp\/v2\/pages\/543","targetHints":{"allow":["GET"]}}],"collection":[{"href":"https:\/\/www.petako.cz\/index.php\/wp-json\/wp\/v2\/pages"}],"about":[{"href":"https:\/\/www.petako.cz\/index.php\/wp-json\/wp\/v2\/types\/page"}],"author":[{"embeddable":true,"href":"https:\/\/www.petako.cz\/index.php\/wp-json\/wp\/v2\/users\/1"}],"replies":[{"embeddable":true,"href":"https:\/\/www.petako.cz\/index.php\/wp-json\/wp\/v2\/comments?post=543"}],"version-history":[{"count":2,"href":"https:\/\/www.petako.cz\/index.php\/wp-json\/wp\/v2\/pages\/543\/revisions"}],"predecessor-version":[{"id":567,"href":"https:\/\/www.petako.cz\/index.php\/wp-json\/wp\/v2\/pages\/543\/revisions\/567"}],"wp:attachment":[{"href":"https:\/\/www.petako.cz\/index.php\/wp-json\/wp\/v2\/media?parent=543"}],"curies":[{"name":"wp","href":"https:\/\/api.w.org\/{rel}","templated":true}]}}