{"id":85,"date":"2024-01-08T23:28:44","date_gmt":"2024-01-08T22:28:44","guid":{"rendered":"https:\/\/www.petako.cz\/?page_id=85"},"modified":"2024-05-07T20:06:39","modified_gmt":"2024-05-07T18:06:39","slug":"realizace-interieru-a-exterieru","status":"publish","type":"page","link":"https:\/\/www.petako.cz\/index.php\/realizace-interieru-a-exterieru\/","title":{"rendered":"Realizace interi\u00e9r\u016f a exteri\u00e9r\u016f"},"content":{"rendered":"\n<p>P\u0159\u00e1tel\u00e9, tyto str\u00e1nky neslou\u017e\u00ed prioritn\u011b jako reklama, proto\u017ee nevyr\u00e1b\u00edme konfek\u010dn\u00ed n\u00e1bytek, kter\u00fd m\u00e1 ka\u017ed\u00fd p\u00e1t\u00fd soused v bytov\u00e9m dom\u011b. Str\u00e1nky slou\u017e\u00ed pro n\u00e1s i na\u0161e z\u00e1kazn\u00edky, kte\u0159\u00ed k n\u00e1m p\u0159ich\u00e1z\u00ed z 99% na z\u00e1klad\u011b referenc\u00ed na\u0161ich z\u00e1kazn\u00edk\u016f, spokojen\u00fdch s na\u0161\u00ed kvalitn\u011b odvedenou prac\u00ed, p\u0159\u00edmo na m\u00edru pro V\u00e1s. Pomoc\u00ed fotografi\u00ed jsme u z\u00e1kazn\u00edka p\u0159i zam\u011b\u0159en\u00ed nebo p\u0159i jedn\u00e1n\u00ed schopni uk\u00e1zat, jak jsme ji\u017e dok\u00e1zali vy\u0159e\u0161it konkr\u00e9tn\u00ed prostorovou \u010di technickou dispozici. Jak\u00e9 jsou nov\u00e9 trendy a technick\u00e9 mo\u017enosti p\u0159i v\u00fdrob\u011b n\u00e1bytku a um\u00edst\u011bn\u00ed spot\u0159ebi\u010d\u016f. Mrz\u00ed n\u00e1s, \u017ee jsme nev\u011bnovali p\u0159i p\u0159edchoz\u00edch realizac\u00edch v\u00edce pozornosti, vytvo\u0159en\u00ed kvalitn\u011bj\u0161\u00ed fotodokumentace. Budeme se sna\u017eit, v budoucnu, na V\u00e1s myslet.<\/p>\n\n\n\n<p>V\u00fdb\u011br realizovan\u00fdch zak\u00e1zek z posledn\u00ed n\u011bkolika let.<\/p>\n\n\n\n<div style=\"height:20px\" aria-hidden=\"true\" class=\"wp-block-spacer\"><\/div>\n\n\n\n<p class=\"has-medium-font-size\"><a href=\"https:\/\/www.petako.cz\/index.php\/kuchynske-linky\/\">Kuchyn\u011b, kuchy\u0148sk\u00e9 linky a kouty<\/a><\/p>\n\n\n\n<div style=\"height:20px\" aria-hidden=\"true\" class=\"wp-block-spacer\"><\/div>\n\n\n\n<figure class=\"wp-block-gallery has-nested-images columns-5 is-cropped wp-block-gallery-1 is-layout-flex wp-block-gallery-is-layout-flex\">\n<figure class=\"wp-block-image size-large\"><a href=\"https:\/\/www.petako.cz\/index.php\/kuchynske-linky\/\"><img loading=\"lazy\" decoding=\"async\" width=\"684\" height=\"912\" data-id=\"379\" src=\"https:\/\/www.petako.cz\/wp-content\/uploads\/2024\/05\/176.jpg\" alt=\"\" class=\"wp-image-379\" srcset=\"https:\/\/www.petako.cz\/wp-content\/uploads\/2024\/05\/176.jpg 684w, https:\/\/www.petako.cz\/wp-content\/uploads\/2024\/05\/176-225x300.jpg 225w\" sizes=\"auto, (max-width: 684px) 100vw, 684px\" \/><\/a><\/figure>\n\n\n\n<figure class=\"wp-block-image size-large\"><a href=\"https:\/\/www.petako.cz\/index.php\/kuchynske-linky\/\"><img loading=\"lazy\" decoding=\"async\" width=\"848\" height=\"1024\" data-id=\"371\" src=\"https:\/\/www.petako.cz\/wp-content\/uploads\/2024\/05\/399-848x1024.jpg\" alt=\"\" class=\"wp-image-371\" srcset=\"https:\/\/www.petako.cz\/wp-content\/uploads\/2024\/05\/399-848x1024.jpg 848w, https:\/\/www.petako.cz\/wp-content\/uploads\/2024\/05\/399-249x300.jpg 249w, https:\/\/www.petako.cz\/wp-content\/uploads\/2024\/05\/399-768x927.jpg 768w, https:\/\/www.petako.cz\/wp-content\/uploads\/2024\/05\/399.jpg 1202w\" sizes=\"auto, (max-width: 848px) 100vw, 848px\" \/><\/a><\/figure>\n\n\n\n<figure class=\"wp-block-image size-large\"><a href=\"https:\/\/www.petako.cz\/index.php\/kuchynske-linky\/\"><img loading=\"lazy\" decoding=\"async\" width=\"906\" height=\"1024\" data-id=\"354\" src=\"https:\/\/www.petako.cz\/wp-content\/uploads\/2024\/05\/370-906x1024.jpg\" alt=\"\" class=\"wp-image-354\" srcset=\"https:\/\/www.petako.cz\/wp-content\/uploads\/2024\/05\/370-906x1024.jpg 906w, https:\/\/www.petako.cz\/wp-content\/uploads\/2024\/05\/370-265x300.jpg 265w, https:\/\/www.petako.cz\/wp-content\/uploads\/2024\/05\/370-768x868.jpg 768w, https:\/\/www.petako.cz\/wp-content\/uploads\/2024\/05\/370.jpg 1231w\" sizes=\"auto, (max-width: 906px) 100vw, 906px\" \/><\/a><\/figure>\n\n\n\n<figure class=\"wp-block-image size-large\"><a href=\"https:\/\/www.petako.cz\/index.php\/kuchynske-linky\/\"><img loading=\"lazy\" decoding=\"async\" width=\"534\" height=\"703\" data-id=\"336\" src=\"https:\/\/www.petako.cz\/wp-content\/uploads\/2024\/05\/348.jpg\" alt=\"\" class=\"wp-image-336\" srcset=\"https:\/\/www.petako.cz\/wp-content\/uploads\/2024\/05\/348.jpg 534w, https:\/\/www.petako.cz\/wp-content\/uploads\/2024\/05\/348-228x300.jpg 228w\" sizes=\"auto, (max-width: 534px) 100vw, 534px\" \/><\/a><\/figure>\n\n\n\n<figure class=\"wp-block-image size-large\"><a href=\"https:\/\/www.petako.cz\/index.php\/kuchynske-linky\/\"><img loading=\"lazy\" decoding=\"async\" width=\"1024\" height=\"740\" data-id=\"269\" src=\"https:\/\/www.petako.cz\/wp-content\/uploads\/2024\/05\/025-1024x740.jpg\" alt=\"\" class=\"wp-image-269\" srcset=\"https:\/\/www.petako.cz\/wp-content\/uploads\/2024\/05\/025-1024x740.jpg 1024w, https:\/\/www.petako.cz\/wp-content\/uploads\/2024\/05\/025-300x217.jpg 300w, https:\/\/www.petako.cz\/wp-content\/uploads\/2024\/05\/025-768x555.jpg 768w, https:\/\/www.petako.cz\/wp-content\/uploads\/2024\/05\/025-1536x1109.jpg 1536w, https:\/\/www.petako.cz\/wp-content\/uploads\/2024\/05\/025-2048x1479.jpg 2048w\" sizes=\"auto, (max-width: 1024px) 100vw, 1024px\" \/><\/a><\/figure>\n<\/figure>\n\n\n\n<div style=\"height:20px\" aria-hidden=\"true\" class=\"wp-block-spacer\"><\/div>\n\n\n\n<p class=\"has-medium-font-size\"><a href=\"https:\/\/www.petako.cz\/index.php\/koupelnovy-nabytek\/\">Koupelnov\u00fd n\u00e1bytek<\/a><\/p>\n\n\n\n<div style=\"height:20px\" aria-hidden=\"true\" class=\"wp-block-spacer\"><\/div>\n\n\n\n<figure class=\"wp-block-gallery has-nested-images columns-7 is-cropped wp-block-gallery-2 is-layout-flex wp-block-gallery-is-layout-flex\">\n<figure class=\"wp-block-image size-large\"><a href=\"https:\/\/www.petako.cz\/index.php\/koupelnovy-nabytek\/\"><img loading=\"lazy\" decoding=\"async\" width=\"768\" height=\"1024\" data-id=\"465\" src=\"https:\/\/www.petako.cz\/wp-content\/uploads\/2024\/05\/15-768x1024.jpg\" alt=\"\" class=\"wp-image-465\" srcset=\"https:\/\/www.petako.cz\/wp-content\/uploads\/2024\/05\/15-768x1024.jpg 768w, https:\/\/www.petako.cz\/wp-content\/uploads\/2024\/05\/15-225x300.jpg 225w, https:\/\/www.petako.cz\/wp-content\/uploads\/2024\/05\/15-1152x1536.jpg 1152w, https:\/\/www.petako.cz\/wp-content\/uploads\/2024\/05\/15.jpg 1536w\" sizes=\"auto, (max-width: 768px) 100vw, 768px\" \/><\/a><\/figure>\n\n\n\n<figure class=\"wp-block-image size-large\"><a href=\"https:\/\/www.petako.cz\/index.php\/koupelnovy-nabytek\/\"><img loading=\"lazy\" decoding=\"async\" width=\"769\" height=\"1024\" data-id=\"459\" src=\"https:\/\/www.petako.cz\/wp-content\/uploads\/2024\/05\/9-769x1024.jpg\" alt=\"\" class=\"wp-image-459\" srcset=\"https:\/\/www.petako.cz\/wp-content\/uploads\/2024\/05\/9-769x1024.jpg 769w, https:\/\/www.petako.cz\/wp-content\/uploads\/2024\/05\/9-225x300.jpg 225w, https:\/\/www.petako.cz\/wp-content\/uploads\/2024\/05\/9-768x1023.jpg 768w, https:\/\/www.petako.cz\/wp-content\/uploads\/2024\/05\/9-1153x1536.jpg 1153w, https:\/\/www.petako.cz\/wp-content\/uploads\/2024\/05\/9.jpg 1201w\" sizes=\"auto, (max-width: 769px) 100vw, 769px\" \/><\/a><\/figure>\n\n\n\n<figure class=\"wp-block-image size-large\"><a href=\"https:\/\/www.petako.cz\/index.php\/koupelnovy-nabytek\/\"><img loading=\"lazy\" decoding=\"async\" width=\"499\" height=\"761\" data-id=\"458\" src=\"https:\/\/www.petako.cz\/wp-content\/uploads\/2024\/05\/8.jpg\" alt=\"\" class=\"wp-image-458\" srcset=\"https:\/\/www.petako.cz\/wp-content\/uploads\/2024\/05\/8.jpg 499w, https:\/\/www.petako.cz\/wp-content\/uploads\/2024\/05\/8-197x300.jpg 197w\" sizes=\"auto, (max-width: 499px) 100vw, 499px\" \/><\/a><\/figure>\n\n\n\n<figure class=\"wp-block-image size-large\"><a href=\"https:\/\/www.petako.cz\/index.php\/koupelnovy-nabytek\/\"><img loading=\"lazy\" decoding=\"async\" width=\"576\" height=\"1024\" data-id=\"456\" src=\"https:\/\/www.petako.cz\/wp-content\/uploads\/2024\/05\/6-576x1024.jpg\" alt=\"\" class=\"wp-image-456\" srcset=\"https:\/\/www.petako.cz\/wp-content\/uploads\/2024\/05\/6-576x1024.jpg 576w, https:\/\/www.petako.cz\/wp-content\/uploads\/2024\/05\/6-169x300.jpg 169w, https:\/\/www.petako.cz\/wp-content\/uploads\/2024\/05\/6-768x1365.jpg 768w, https:\/\/www.petako.cz\/wp-content\/uploads\/2024\/05\/6-864x1536.jpg 864w, https:\/\/www.petako.cz\/wp-content\/uploads\/2024\/05\/6.jpg 1152w\" sizes=\"auto, (max-width: 576px) 100vw, 576px\" \/><\/a><\/figure>\n\n\n\n<figure class=\"wp-block-image size-large\"><a href=\"https:\/\/www.petako.cz\/index.php\/koupelnovy-nabytek\/\"><img loading=\"lazy\" decoding=\"async\" width=\"768\" height=\"1024\" data-id=\"454\" src=\"https:\/\/www.petako.cz\/wp-content\/uploads\/2024\/05\/2-1-768x1024.jpg\" alt=\"\" class=\"wp-image-454\" srcset=\"https:\/\/www.petako.cz\/wp-content\/uploads\/2024\/05\/2-1-768x1024.jpg 768w, https:\/\/www.petako.cz\/wp-content\/uploads\/2024\/05\/2-1-225x300.jpg 225w, https:\/\/www.petako.cz\/wp-content\/uploads\/2024\/05\/2-1-1152x1536.jpg 1152w, https:\/\/www.petako.cz\/wp-content\/uploads\/2024\/05\/2-1.jpg 1440w\" sizes=\"auto, (max-width: 768px) 100vw, 768px\" \/><\/a><\/figure>\n\n\n\n<figure class=\"wp-block-image size-large\"><a href=\"https:\/\/www.petako.cz\/index.php\/koupelnovy-nabytek\/\"><img loading=\"lazy\" decoding=\"async\" width=\"768\" height=\"1024\" data-id=\"463\" src=\"https:\/\/www.petako.cz\/wp-content\/uploads\/2024\/05\/12-768x1024.jpg\" alt=\"\" class=\"wp-image-463\" srcset=\"https:\/\/www.petako.cz\/wp-content\/uploads\/2024\/05\/12-768x1024.jpg 768w, https:\/\/www.petako.cz\/wp-content\/uploads\/2024\/05\/12-225x300.jpg 225w, https:\/\/www.petako.cz\/wp-content\/uploads\/2024\/05\/12-1152x1536.jpg 1152w, https:\/\/www.petako.cz\/wp-content\/uploads\/2024\/05\/12.jpg 1536w\" sizes=\"auto, (max-width: 768px) 100vw, 768px\" \/><\/a><\/figure>\n\n\n\n<figure class=\"wp-block-image size-large\"><a href=\"https:\/\/www.petako.cz\/index.php\/koupelnovy-nabytek\/\"><img loading=\"lazy\" decoding=\"async\" width=\"936\" height=\"1006\" data-id=\"217\" src=\"https:\/\/www.petako.cz\/wp-content\/uploads\/2024\/05\/23.jpg\" alt=\"\" class=\"wp-image-217\" srcset=\"https:\/\/www.petako.cz\/wp-content\/uploads\/2024\/05\/23.jpg 936w, https:\/\/www.petako.cz\/wp-content\/uploads\/2024\/05\/23-279x300.jpg 279w, https:\/\/www.petako.cz\/wp-content\/uploads\/2024\/05\/23-768x825.jpg 768w\" sizes=\"auto, (max-width: 936px) 100vw, 936px\" \/><\/a><\/figure>\n<\/figure>\n\n\n\n<div style=\"height:20px\" aria-hidden=\"true\" class=\"wp-block-spacer\"><\/div>\n\n\n\n<p class=\"has-medium-font-size\"><a href=\"https:\/\/www.petako.cz\/index.php\/loznice-a-vestavne-skrine\/\">Lo\u017enice a vestavn\u00e9 sk\u0159\u00edn\u011b<\/a><\/p>\n\n\n\n<div style=\"height:20px\" aria-hidden=\"true\" class=\"wp-block-spacer\"><\/div>\n\n\n\n<figure class=\"wp-block-gallery has-nested-images columns-7 is-cropped wp-block-gallery-3 is-layout-flex wp-block-gallery-is-layout-flex\">\n<figure class=\"wp-block-image size-large\"><a href=\"https:\/\/www.petako.cz\/index.php\/loznice-a-vestavne-skrine\/\"><img loading=\"lazy\" decoding=\"async\" width=\"808\" height=\"1024\" data-id=\"247\" src=\"https:\/\/www.petako.cz\/wp-content\/uploads\/2024\/05\/41-808x1024.jpg\" alt=\"\" class=\"wp-image-247\" srcset=\"https:\/\/www.petako.cz\/wp-content\/uploads\/2024\/05\/41-808x1024.jpg 808w, https:\/\/www.petako.cz\/wp-content\/uploads\/2024\/05\/41-237x300.jpg 237w, https:\/\/www.petako.cz\/wp-content\/uploads\/2024\/05\/41-768x973.jpg 768w, https:\/\/www.petako.cz\/wp-content\/uploads\/2024\/05\/41-1212x1536.jpg 1212w, https:\/\/www.petako.cz\/wp-content\/uploads\/2024\/05\/41.jpg 1253w\" sizes=\"auto, (max-width: 808px) 100vw, 808px\" \/><\/a><\/figure>\n\n\n\n<figure class=\"wp-block-image size-large\"><a href=\"https:\/\/www.petako.cz\/index.php\/loznice-a-vestavne-skrine\/\"><img loading=\"lazy\" decoding=\"async\" width=\"723\" height=\"1024\" data-id=\"240\" src=\"https:\/\/www.petako.cz\/wp-content\/uploads\/2024\/05\/43-1-723x1024.jpg\" alt=\"\" class=\"wp-image-240\" srcset=\"https:\/\/www.petako.cz\/wp-content\/uploads\/2024\/05\/43-1-723x1024.jpg 723w, https:\/\/www.petako.cz\/wp-content\/uploads\/2024\/05\/43-1-212x300.jpg 212w, https:\/\/www.petako.cz\/wp-content\/uploads\/2024\/05\/43-1-768x1087.jpg 768w, https:\/\/www.petako.cz\/wp-content\/uploads\/2024\/05\/43-1-1085x1536.jpg 1085w, https:\/\/www.petako.cz\/wp-content\/uploads\/2024\/05\/43-1.jpg 1182w\" sizes=\"auto, (max-width: 723px) 100vw, 723px\" \/><\/a><\/figure>\n\n\n\n<figure class=\"wp-block-image size-large\"><a href=\"https:\/\/www.petako.cz\/index.php\/loznice-a-vestavne-skrine\/\"><img loading=\"lazy\" decoding=\"async\" width=\"1024\" height=\"681\" data-id=\"494\" src=\"https:\/\/www.petako.cz\/wp-content\/uploads\/2024\/05\/34-1024x681.jpg\" alt=\"\" class=\"wp-image-494\" srcset=\"https:\/\/www.petako.cz\/wp-content\/uploads\/2024\/05\/34-1024x681.jpg 1024w, https:\/\/www.petako.cz\/wp-content\/uploads\/2024\/05\/34-300x199.jpg 300w, https:\/\/www.petako.cz\/wp-content\/uploads\/2024\/05\/34-768x510.jpg 768w, https:\/\/www.petako.cz\/wp-content\/uploads\/2024\/05\/34.jpg 1500w\" sizes=\"auto, (max-width: 1024px) 100vw, 1024px\" \/><\/a><\/figure>\n\n\n\n<figure class=\"wp-block-image size-large\"><a href=\"https:\/\/www.petako.cz\/index.php\/loznice-a-vestavne-skrine\/\"><img loading=\"lazy\" decoding=\"async\" width=\"1024\" height=\"784\" data-id=\"516\" src=\"https:\/\/www.petako.cz\/wp-content\/uploads\/2024\/05\/27-1024x784.jpg\" alt=\"\" class=\"wp-image-516\" srcset=\"https:\/\/www.petako.cz\/wp-content\/uploads\/2024\/05\/27-1024x784.jpg 1024w, https:\/\/www.petako.cz\/wp-content\/uploads\/2024\/05\/27-300x230.jpg 300w, https:\/\/www.petako.cz\/wp-content\/uploads\/2024\/05\/27-768x588.jpg 768w, https:\/\/www.petako.cz\/wp-content\/uploads\/2024\/05\/27.jpg 1500w\" sizes=\"auto, (max-width: 1024px) 100vw, 1024px\" \/><\/a><\/figure>\n\n\n\n<figure class=\"wp-block-image size-large\"><a href=\"https:\/\/www.petako.cz\/index.php\/loznice-a-vestavne-skrine\/\"><img loading=\"lazy\" decoding=\"async\" width=\"1011\" height=\"1024\" data-id=\"521\" src=\"https:\/\/www.petako.cz\/wp-content\/uploads\/2024\/05\/18-1011x1024.jpg\" alt=\"\" class=\"wp-image-521\" srcset=\"https:\/\/www.petako.cz\/wp-content\/uploads\/2024\/05\/18-1011x1024.jpg 1011w, https:\/\/www.petako.cz\/wp-content\/uploads\/2024\/05\/18-296x300.jpg 296w, https:\/\/www.petako.cz\/wp-content\/uploads\/2024\/05\/18-768x778.jpg 768w, https:\/\/www.petako.cz\/wp-content\/uploads\/2024\/05\/18.jpg 1325w\" sizes=\"auto, (max-width: 1011px) 100vw, 1011px\" \/><\/a><\/figure>\n\n\n\n<figure class=\"wp-block-image size-large\"><a href=\"https:\/\/www.petako.cz\/index.php\/loznice-a-vestavne-skrine\/\"><img loading=\"lazy\" decoding=\"async\" width=\"1024\" height=\"769\" data-id=\"526\" src=\"https:\/\/www.petako.cz\/wp-content\/uploads\/2024\/05\/23-1-1024x769.jpg\" alt=\"\" class=\"wp-image-526\" srcset=\"https:\/\/www.petako.cz\/wp-content\/uploads\/2024\/05\/23-1-1024x769.jpg 1024w, https:\/\/www.petako.cz\/wp-content\/uploads\/2024\/05\/23-1-300x225.jpg 300w, https:\/\/www.petako.cz\/wp-content\/uploads\/2024\/05\/23-1-768x577.jpg 768w, https:\/\/www.petako.cz\/wp-content\/uploads\/2024\/05\/23-1.jpg 1500w\" sizes=\"auto, (max-width: 1024px) 100vw, 1024px\" \/><\/a><\/figure>\n\n\n\n<figure class=\"wp-block-image size-large\"><a href=\"https:\/\/www.petako.cz\/index.php\/loznice-a-vestavne-skrine\/\"><img loading=\"lazy\" decoding=\"async\" width=\"685\" height=\"1024\" data-id=\"533\" src=\"https:\/\/www.petako.cz\/wp-content\/uploads\/2024\/05\/40-685x1024.jpg\" alt=\"\" class=\"wp-image-533\" srcset=\"https:\/\/www.petako.cz\/wp-content\/uploads\/2024\/05\/40-685x1024.jpg 685w, https:\/\/www.petako.cz\/wp-content\/uploads\/2024\/05\/40-201x300.jpg 201w, https:\/\/www.petako.cz\/wp-content\/uploads\/2024\/05\/40-768x1149.jpg 768w, https:\/\/www.petako.cz\/wp-content\/uploads\/2024\/05\/40.jpg 1003w\" sizes=\"auto, (max-width: 685px) 100vw, 685px\" \/><\/a><\/figure>\n<\/figure>\n\n\n\n<div style=\"height:20px\" aria-hidden=\"true\" class=\"wp-block-spacer\"><\/div>\n\n\n\n<p class=\"has-medium-font-size\"><a href=\"https:\/\/www.petako.cz\/index.php\/obyvaci-steny-a-pracovny\/\">Ob\u00fdvac\u00ed st\u011bny a pracovny<\/a><\/p>\n\n\n\n<div style=\"height:20px\" aria-hidden=\"true\" class=\"wp-block-spacer\"><\/div>\n\n\n\n<p class=\"has-medium-font-size\"><a href=\"https:\/\/www.petako.cz\/index.php\/predsinove-steny-a-oblozeni\/\">P\u0159eds\u00ed\u0148ov\u00e9 st\u011bny a oblo\u017een\u00ed<\/a><\/p>\n\n\n\n<div style=\"height:20px\" aria-hidden=\"true\" class=\"wp-block-spacer\"><\/div>\n\n\n\n<figure class=\"wp-block-gallery has-nested-images columns-7 is-cropped wp-block-gallery-4 is-layout-flex wp-block-gallery-is-layout-flex\">\n<figure class=\"wp-block-image size-large\"><a href=\"https:\/\/www.petako.cz\/index.php\/predsinove-steny-a-oblozeni\/\"><img loading=\"lazy\" decoding=\"async\" width=\"686\" height=\"1024\" data-id=\"259\" src=\"https:\/\/www.petako.cz\/wp-content\/uploads\/2024\/05\/33-1-686x1024.jpg\" alt=\"\" class=\"wp-image-259\" srcset=\"https:\/\/www.petako.cz\/wp-content\/uploads\/2024\/05\/33-1-686x1024.jpg 686w, https:\/\/www.petako.cz\/wp-content\/uploads\/2024\/05\/33-1-201x300.jpg 201w, https:\/\/www.petako.cz\/wp-content\/uploads\/2024\/05\/33-1-768x1147.jpg 768w, https:\/\/www.petako.cz\/wp-content\/uploads\/2024\/05\/33-1-1029x1536.jpg 1029w, https:\/\/www.petako.cz\/wp-content\/uploads\/2024\/05\/33-1.jpg 1053w\" sizes=\"auto, (max-width: 686px) 100vw, 686px\" \/><\/a><\/figure>\n\n\n\n<figure class=\"wp-block-image size-large\"><a href=\"https:\/\/www.petako.cz\/index.php\/predsinove-steny-a-oblozeni\/\"><img loading=\"lazy\" decoding=\"async\" width=\"757\" height=\"1024\" data-id=\"258\" src=\"https:\/\/www.petako.cz\/wp-content\/uploads\/2024\/05\/32-1-757x1024.jpg\" alt=\"\" class=\"wp-image-258\" srcset=\"https:\/\/www.petako.cz\/wp-content\/uploads\/2024\/05\/32-1-757x1024.jpg 757w, https:\/\/www.petako.cz\/wp-content\/uploads\/2024\/05\/32-1-222x300.jpg 222w, https:\/\/www.petako.cz\/wp-content\/uploads\/2024\/05\/32-1-768x1039.jpg 768w, https:\/\/www.petako.cz\/wp-content\/uploads\/2024\/05\/32-1-1136x1536.jpg 1136w, https:\/\/www.petako.cz\/wp-content\/uploads\/2024\/05\/32-1.jpg 1293w\" sizes=\"auto, (max-width: 757px) 100vw, 757px\" \/><\/a><\/figure>\n\n\n\n<figure class=\"wp-block-image size-large\"><a href=\"https:\/\/www.petako.cz\/index.php\/predsinove-steny-a-oblozeni\/\"><img loading=\"lazy\" decoding=\"async\" width=\"792\" height=\"1024\" data-id=\"254\" src=\"https:\/\/www.petako.cz\/wp-content\/uploads\/2024\/05\/30-792x1024.jpg\" alt=\"\" class=\"wp-image-254\" srcset=\"https:\/\/www.petako.cz\/wp-content\/uploads\/2024\/05\/30-792x1024.jpg 792w, https:\/\/www.petako.cz\/wp-content\/uploads\/2024\/05\/30-232x300.jpg 232w, https:\/\/www.petako.cz\/wp-content\/uploads\/2024\/05\/30-768x993.jpg 768w, https:\/\/www.petako.cz\/wp-content\/uploads\/2024\/05\/30-1188x1536.jpg 1188w, https:\/\/www.petako.cz\/wp-content\/uploads\/2024\/05\/30.jpg 1320w\" sizes=\"auto, (max-width: 792px) 100vw, 792px\" \/><\/a><\/figure>\n\n\n\n<figure class=\"wp-block-image size-large\"><a href=\"https:\/\/www.petako.cz\/index.php\/predsinove-steny-a-oblozeni\/\"><img loading=\"lazy\" decoding=\"async\" width=\"483\" height=\"761\" data-id=\"173\" src=\"https:\/\/www.petako.cz\/wp-content\/uploads\/2024\/02\/35-1.jpg\" alt=\"\" class=\"wp-image-173\" srcset=\"https:\/\/www.petako.cz\/wp-content\/uploads\/2024\/02\/35-1.jpg 483w, https:\/\/www.petako.cz\/wp-content\/uploads\/2024\/02\/35-1-190x300.jpg 190w\" sizes=\"auto, (max-width: 483px) 100vw, 483px\" \/><\/a><\/figure>\n\n\n\n<figure class=\"wp-block-image size-large\"><a href=\"https:\/\/www.petako.cz\/index.php\/predsinove-steny-a-oblozeni\/\"><img loading=\"lazy\" decoding=\"async\" width=\"525\" height=\"710\" data-id=\"168\" src=\"https:\/\/www.petako.cz\/wp-content\/uploads\/2024\/02\/36.jpg\" alt=\"\" class=\"wp-image-168\" srcset=\"https:\/\/www.petako.cz\/wp-content\/uploads\/2024\/02\/36.jpg 525w, https:\/\/www.petako.cz\/wp-content\/uploads\/2024\/02\/36-222x300.jpg 222w\" sizes=\"auto, (max-width: 525px) 100vw, 525px\" \/><\/a><\/figure>\n\n\n\n<figure class=\"wp-block-image size-large\"><a href=\"https:\/\/www.petako.cz\/index.php\/predsinove-steny-a-oblozeni\/\"><img loading=\"lazy\" decoding=\"async\" width=\"900\" height=\"1000\" data-id=\"159\" src=\"https:\/\/www.petako.cz\/wp-content\/uploads\/2024\/02\/38.jpg\" alt=\"\" class=\"wp-image-159\" srcset=\"https:\/\/www.petako.cz\/wp-content\/uploads\/2024\/02\/38.jpg 900w, https:\/\/www.petako.cz\/wp-content\/uploads\/2024\/02\/38-270x300.jpg 270w, https:\/\/www.petako.cz\/wp-content\/uploads\/2024\/02\/38-768x853.jpg 768w\" sizes=\"auto, (max-width: 900px) 100vw, 900px\" \/><\/a><\/figure>\n\n\n\n<figure class=\"wp-block-image size-large\"><a href=\"https:\/\/www.petako.cz\/index.php\/predsinove-steny-a-oblozeni\/\"><img loading=\"lazy\" decoding=\"async\" width=\"712\" height=\"1000\" data-id=\"160\" src=\"https:\/\/www.petako.cz\/wp-content\/uploads\/2024\/02\/39.jpg\" alt=\"\" class=\"wp-image-160\" srcset=\"https:\/\/www.petako.cz\/wp-content\/uploads\/2024\/02\/39.jpg 712w, https:\/\/www.petako.cz\/wp-content\/uploads\/2024\/02\/39-214x300.jpg 214w\" sizes=\"auto, (max-width: 712px) 100vw, 712px\" \/><\/a><\/figure>\n<\/figure>\n","protected":false},"excerpt":{"rendered":"<p>P\u0159\u00e1tel\u00e9, tyto str\u00e1nky neslou\u017e\u00ed prioritn\u011b jako reklama, proto\u017ee nevyr\u00e1b\u00edme konfek\u010dn\u00ed n\u00e1bytek, kter\u00fd m\u00e1 ka\u017ed\u00fd p\u00e1t\u00fd soused v bytov\u00e9m dom\u011b. Str\u00e1nky slou\u017e\u00ed pro n\u00e1s i na\u0161e z\u00e1kazn\u00edky, kte\u0159\u00ed k n\u00e1m p\u0159ich\u00e1z\u00ed z 99% na z\u00e1klad\u011b referenc\u00ed na\u0161ich z\u00e1kazn\u00edk\u016f, spokojen\u00fdch s na\u0161\u00ed kvalitn\u011b odvedenou prac\u00ed, p\u0159\u00edmo na m\u00edru pro V\u00e1s. Pomoc\u00ed fotografi\u00ed jsme u z\u00e1kazn\u00edka p\u0159i zam\u011b\u0159en\u00ed &hellip;<br \/><a href=\"https:\/\/www.petako.cz\/index.php\/realizace-interieru-a-exterieru\/\" class=\"more-link pen_button pen_element_default pen_icon_arrow_double\">Pokra\u010dovat ve\u00a0\u010dten\u00ed <span class=\"screen-reader-text\">Realizace interi\u00e9r\u016f a exteri\u00e9r\u016f<\/span><\/a><\/p>\n","protected":false},"author":1,"featured_media":0,"parent":0,"menu_order":0,"comment_status":"closed","ping_status":"closed","template":"","meta":{"footnotes":""},"class_list":["post-85","page","type-page","status-publish","hentry"],"_links":{"self":[{"href":"https:\/\/www.petako.cz\/index.php\/wp-json\/wp\/v2\/pages\/85","targetHints":{"allow":["GET"]}}],"collection":[{"href":"https:\/\/www.petako.cz\/index.php\/wp-json\/wp\/v2\/pages"}],"about":[{"href":"https:\/\/www.petako.cz\/index.php\/wp-json\/wp\/v2\/types\/page"}],"author":[{"embeddable":true,"href":"https:\/\/www.petako.cz\/index.php\/wp-json\/wp\/v2\/users\/1"}],"replies":[{"embeddable":true,"href":"https:\/\/www.petako.cz\/index.php\/wp-json\/wp\/v2\/comments?post=85"}],"version-history":[{"count":8,"href":"https:\/\/www.petako.cz\/index.php\/wp-json\/wp\/v2\/pages\/85\/revisions"}],"predecessor-version":[{"id":604,"href":"https:\/\/www.petako.cz\/index.php\/wp-json\/wp\/v2\/pages\/85\/revisions\/604"}],"wp:attachment":[{"href":"https:\/\/www.petako.cz\/index.php\/wp-json\/wp\/v2\/media?parent=85"}],"curies":[{"name":"wp","href":"https:\/\/api.w.org\/{rel}","templated":true}]}}